{"id":64,"date":"2026-02-05T12:57:15","date_gmt":"2026-02-05T11:57:15","guid":{"rendered":"https:\/\/com-pac.ovh\/alubatiservice\/?post_type=product&#038;p=64"},"modified":"2026-04-09T14:45:56","modified_gmt":"2026-04-09T12:45:56","slug":"grilles-a-lames-chevrons","status":"publish","type":"product","link":"https:\/\/com-pac.ovh\/alubatiservice\/produit\/grilles-a-lames-chevrons\/","title":{"rendered":"Grilles \u00e0 lames chevrons"},"content":{"rendered":"<h2 data-start=\"1078\" data-end=\"1193\">Grille aluminium \u00e0 lames inclin\u00e9es au pas de 25 mm, con\u00e7ue pour une installation ext\u00e9rieure durable et performante.<\/h2>\n<h1 data-start=\"970\" data-end=\"1044\">Grille de ventilation aluminium \u00e0 lames chevrons sur mesure \u2013 Type EDF<\/h1>\n<ul data-start=\"1230\" data-end=\"1351\">\n<li data-start=\"1230\" data-end=\"1262\">\n<p data-start=\"1232\" data-end=\"1262\">Fabrication 100 % sur mesure<\/p>\n<\/li>\n<li data-start=\"1263\" data-end=\"1292\">\n<p data-start=\"1265\" data-end=\"1292\">Aluminium thermolaqu\u00e9 RAL<\/p>\n<\/li>\n<li data-start=\"1293\" data-end=\"1318\">\n<p data-start=\"1295\" data-end=\"1318\">Adapt\u00e9e \u00e0 l\u2019ext\u00e9rieur<\/p>\n<\/li>\n<li data-start=\"1319\" data-end=\"1351\">\n<p data-start=\"1321\" data-end=\"1351\">Calcul du prix en temps r\u00e9el<\/p>\n<\/li>\n<li data-start=\"1319\" data-end=\"1351\">D\u00e9lai de fabrication estimatif : X \u00e0 X jours ouvr\u00e9s<\/li>\n<\/ul>\n","protected":false},"excerpt":{"rendered":"<p>Grille de ventilation aluminium \u00e0 lames chevrons, con\u00e7ue pour optimiser le flux d\u2019air et r\u00e9sister aux intemp\u00e9ries sur fa\u00e7ades ext\u00e9rieures ou installations techniques.<\/p>\n","protected":false},"featured_media":180,"comment_status":"open","ping_status":"closed","template":"","meta":{"_acf_changed":false,"_angie_page":false},"product_brand":[],"product_cat":[21],"product_tag":[],"class_list":{"0":"post-64","1":"product","2":"type-product","3":"status-publish","4":"has-post-thumbnail","6":"product_cat-grilles-de-ventilation","8":"first","9":"instock","10":"taxable","11":"shipping-taxable","12":"purchasable","13":"product-type-simple"},"acf":[],"_links":{"self":[{"href":"https:\/\/com-pac.ovh\/alubatiservice\/wp-json\/wp\/v2\/product\/64","targetHints":{"allow":["GET"]}}],"collection":[{"href":"https:\/\/com-pac.ovh\/alubatiservice\/wp-json\/wp\/v2\/product"}],"about":[{"href":"https:\/\/com-pac.ovh\/alubatiservice\/wp-json\/wp\/v2\/types\/product"}],"replies":[{"embeddable":true,"href":"https:\/\/com-pac.ovh\/alubatiservice\/wp-json\/wp\/v2\/comments?post=64"}],"wp:featuredmedia":[{"embeddable":true,"href":"https:\/\/com-pac.ovh\/alubatiservice\/wp-json\/wp\/v2\/media\/180"}],"wp:attachment":[{"href":"https:\/\/com-pac.ovh\/alubatiservice\/wp-json\/wp\/v2\/media?parent=64"}],"wp:term":[{"taxonomy":"product_brand","embeddable":true,"href":"https:\/\/com-pac.ovh\/alubatiservice\/wp-json\/wp\/v2\/product_brand?post=64"},{"taxonomy":"product_cat","embeddable":true,"href":"https:\/\/com-pac.ovh\/alubatiservice\/wp-json\/wp\/v2\/product_cat?post=64"},{"taxonomy":"product_tag","embeddable":true,"href":"https:\/\/com-pac.ovh\/alubatiservice\/wp-json\/wp\/v2\/product_tag?post=64"}],"curies":[{"name":"wp","href":"https:\/\/api.w.org\/{rel}","templated":true}]}}