{"id":68,"date":"2026-02-05T12:57:40","date_gmt":"2026-02-05T11:57:40","guid":{"rendered":"https:\/\/com-pac.ovh\/alubatiservice\/?post_type=product&#038;p=68"},"modified":"2026-04-09T14:43:27","modified_gmt":"2026-04-09T12:43:27","slug":"grilles-a-lames-ventelles","status":"publish","type":"product","link":"https:\/\/com-pac.ovh\/alubatiservice\/produit\/grilles-a-lames-ventelles\/","title":{"rendered":"Grilles \u00e0 lames ventelles"},"content":{"rendered":"<h2 data-start=\"1078\" data-end=\"1193\">Grille aluminium \u00e0 lames ventelles au pas de 50 mm, con\u00e7ue pour favoriser un d\u00e9bit d\u2019air important en environnement technique.<\/h2>\n<h1 data-start=\"550\" data-end=\"625\"><strong data-start=\"550\" data-end=\"625\">Grille de ventilation aluminium \u00e0 lames ventelles sur mesure \u2013 Type EDF<\/strong><\/h1>\n<ul>\n<li data-start=\"665\" data-end=\"697\">\n<p data-start=\"667\" data-end=\"697\">Fabrication 100 % sur mesure<\/p>\n<\/li>\n<li data-start=\"698\" data-end=\"727\">\n<p data-start=\"700\" data-end=\"727\">Aluminium thermolaqu\u00e9 RAL<\/p>\n<\/li>\n<li data-start=\"728\" data-end=\"752\">\n<p data-start=\"730\" data-end=\"752\">D\u00e9bit d\u2019air optimis\u00e9<\/p>\n<\/li>\n<li data-start=\"753\" data-end=\"785\">\n<p data-start=\"755\" data-end=\"785\">Calcul du prix en temps r\u00e9el<\/p>\n<\/li>\n<li data-start=\"786\" data-end=\"841\">\n<p data-start=\"788\" data-end=\"841\">D\u00e9lai de fabrication estimatif : X \u00e0 X jours ouvr\u00e9s<\/p>\n<\/li>\n<\/ul>\n","protected":false},"excerpt":{"rendered":"<p>Grille de ventilation aluminium \u00e0 lames ventelles, id\u00e9ale pour assurer une ventilation intensive et constante dans locaux techniques, caves ou zones \u00e0 fort passage d\u2019air.<\/p>\n","protected":false},"featured_media":176,"comment_status":"open","ping_status":"closed","template":"","meta":{"_acf_changed":false,"_angie_page":false},"product_brand":[],"product_cat":[21],"product_tag":[],"class_list":{"0":"post-68","1":"product","2":"type-product","3":"status-publish","4":"has-post-thumbnail","6":"product_cat-grilles-de-ventilation","8":"first","9":"instock","10":"taxable","11":"shipping-taxable","12":"purchasable","13":"product-type-simple"},"acf":[],"_links":{"self":[{"href":"https:\/\/com-pac.ovh\/alubatiservice\/wp-json\/wp\/v2\/product\/68","targetHints":{"allow":["GET"]}}],"collection":[{"href":"https:\/\/com-pac.ovh\/alubatiservice\/wp-json\/wp\/v2\/product"}],"about":[{"href":"https:\/\/com-pac.ovh\/alubatiservice\/wp-json\/wp\/v2\/types\/product"}],"replies":[{"embeddable":true,"href":"https:\/\/com-pac.ovh\/alubatiservice\/wp-json\/wp\/v2\/comments?post=68"}],"wp:featuredmedia":[{"embeddable":true,"href":"https:\/\/com-pac.ovh\/alubatiservice\/wp-json\/wp\/v2\/media\/176"}],"wp:attachment":[{"href":"https:\/\/com-pac.ovh\/alubatiservice\/wp-json\/wp\/v2\/media?parent=68"}],"wp:term":[{"taxonomy":"product_brand","embeddable":true,"href":"https:\/\/com-pac.ovh\/alubatiservice\/wp-json\/wp\/v2\/product_brand?post=68"},{"taxonomy":"product_cat","embeddable":true,"href":"https:\/\/com-pac.ovh\/alubatiservice\/wp-json\/wp\/v2\/product_cat?post=68"},{"taxonomy":"product_tag","embeddable":true,"href":"https:\/\/com-pac.ovh\/alubatiservice\/wp-json\/wp\/v2\/product_tag?post=68"}],"curies":[{"name":"wp","href":"https:\/\/api.w.org\/{rel}","templated":true}]}}