{"id":69,"date":"2026-02-05T12:58:07","date_gmt":"2026-02-05T11:58:07","guid":{"rendered":"https:\/\/com-pac.ovh\/alubatiservice\/?post_type=product&#038;p=69"},"modified":"2026-04-09T14:47:30","modified_gmt":"2026-04-09T12:47:30","slug":"grilles-pose-en-applique","status":"publish","type":"product","link":"https:\/\/com-pac.ovh\/alubatiservice\/produit\/grilles-pose-en-applique\/","title":{"rendered":"Grilles pose en applique"},"content":{"rendered":"<h2 data-start=\"320\" data-end=\"434\">Grille aluminium \u00e0 pose en applique, id\u00e9ale pour une installation simple et esth\u00e9tique en fa\u00e7ade ou mur int\u00e9rieur.<\/h2>\n<h1 data-start=\"449\" data-end=\"512\"><strong data-start=\"449\" data-end=\"512\">Grille de ventilation aluminium pose en applique sur mesure<\/strong><\/h1>\n<ul data-start=\"552\" data-end=\"770\">\n<li data-start=\"552\" data-end=\"584\">\n<p data-start=\"554\" data-end=\"584\">Fabrication 100 % sur mesure<\/p>\n<\/li>\n<li data-start=\"585\" data-end=\"614\">\n<p data-start=\"587\" data-end=\"614\">Aluminium thermolaqu\u00e9 RAL<\/p>\n<\/li>\n<li data-start=\"615\" data-end=\"650\">\n<p data-start=\"617\" data-end=\"650\">Installation simple en applique<\/p>\n<\/li>\n<li data-start=\"651\" data-end=\"681\">\n<p data-start=\"653\" data-end=\"681\">Adapt\u00e9e int\u00e9rieur \/ fa\u00e7ade<\/p>\n<\/li>\n<li data-start=\"682\" data-end=\"714\">\n<p data-start=\"684\" data-end=\"714\">Calcul du prix en temps r\u00e9el<\/p>\n<\/li>\n<li data-start=\"715\" data-end=\"770\">\n<p data-start=\"717\" data-end=\"770\">D\u00e9lai de fabrication estimatif : X \u00e0 X jours ouvr\u00e9s<\/p>\n<\/li>\n<\/ul>\n","protected":false},"excerpt":{"rendered":"<p>Grille de ventilation aluminium \u00e0 pose en applique, avec fixation apparente pour installation facile et performance a\u00e9raulique fiable en fa\u00e7ade ou mur ext\u00e9rieur.<\/p>\n","protected":false},"featured_media":175,"comment_status":"open","ping_status":"closed","template":"","meta":{"_acf_changed":false,"_angie_page":false},"product_brand":[],"product_cat":[21],"product_tag":[],"class_list":{"0":"post-69","1":"product","2":"type-product","3":"status-publish","4":"has-post-thumbnail","6":"product_cat-grilles-de-ventilation","8":"first","9":"instock","10":"taxable","11":"shipping-taxable","12":"purchasable","13":"product-type-simple"},"acf":[],"_links":{"self":[{"href":"https:\/\/com-pac.ovh\/alubatiservice\/wp-json\/wp\/v2\/product\/69","targetHints":{"allow":["GET"]}}],"collection":[{"href":"https:\/\/com-pac.ovh\/alubatiservice\/wp-json\/wp\/v2\/product"}],"about":[{"href":"https:\/\/com-pac.ovh\/alubatiservice\/wp-json\/wp\/v2\/types\/product"}],"replies":[{"embeddable":true,"href":"https:\/\/com-pac.ovh\/alubatiservice\/wp-json\/wp\/v2\/comments?post=69"}],"wp:featuredmedia":[{"embeddable":true,"href":"https:\/\/com-pac.ovh\/alubatiservice\/wp-json\/wp\/v2\/media\/175"}],"wp:attachment":[{"href":"https:\/\/com-pac.ovh\/alubatiservice\/wp-json\/wp\/v2\/media?parent=69"}],"wp:term":[{"taxonomy":"product_brand","embeddable":true,"href":"https:\/\/com-pac.ovh\/alubatiservice\/wp-json\/wp\/v2\/product_brand?post=69"},{"taxonomy":"product_cat","embeddable":true,"href":"https:\/\/com-pac.ovh\/alubatiservice\/wp-json\/wp\/v2\/product_cat?post=69"},{"taxonomy":"product_tag","embeddable":true,"href":"https:\/\/com-pac.ovh\/alubatiservice\/wp-json\/wp\/v2\/product_tag?post=69"}],"curies":[{"name":"wp","href":"https:\/\/api.w.org\/{rel}","templated":true}]}}