{"id":3500,"date":"2023-11-03T10:25:13","date_gmt":"2023-11-03T09:25:13","guid":{"rendered":"https:\/\/com-pac.ovh\/haarp\/?page_id=3500"},"modified":"2024-01-16T14:44:26","modified_gmt":"2024-01-16T13:44:26","slug":"contact","status":"publish","type":"page","link":"https:\/\/com-pac.ovh\/haarp\/contact\/","title":{"rendered":"Contact"},"content":{"rendered":"\t\t<div data-elementor-type=\"wp-page\" data-elementor-id=\"3500\" class=\"elementor elementor-3500\" data-elementor-post-type=\"page\">\n\t\t\t\t\t\t<section class=\"elementor-section elementor-top-section elementor-element elementor-element-7425876 elementor-section-full_width header-titre-page elementor-section-height-default elementor-section-height-default wpr-particle-no wpr-jarallax-no wpr-parallax-no wpr-sticky-section-no wpr-equal-height-no\" data-id=\"7425876\" data-element_type=\"section\" data-e-type=\"section\" data-settings=\"{&quot;background_background&quot;:&quot;classic&quot;}\">\n\t\t\t\t\t\t\t<div class=\"elementor-background-overlay\"><\/div>\n\t\t\t\t\t\t\t<div class=\"elementor-container elementor-column-gap-default\">\n\t\t\t\t\t<div class=\"elementor-column elementor-col-100 elementor-top-column elementor-element elementor-element-333ebd99\" data-id=\"333ebd99\" data-element_type=\"column\" data-e-type=\"column\" data-settings=\"{&quot;background_background&quot;:&quot;classic&quot;}\">\n\t\t\t<div class=\"elementor-widget-wrap elementor-element-populated\">\n\t\t\t\t\t<div class=\"elementor-background-overlay\"><\/div>\n\t\t\t\t\t\t<div class=\"elementor-element elementor-element-6c0e1761 elementor-widget elementor-widget-heading\" data-id=\"6c0e1761\" data-element_type=\"widget\" data-e-type=\"widget\" data-widget_type=\"heading.default\">\n\t\t\t\t<div class=\"elementor-widget-container\">\n\t\t\t\t\t<h2 class=\"elementor-heading-title elementor-size-default\"><b>CONTACTEZ<\/b><br \/>\nl'association HAARP<\/h2>\t\t\t\t<\/div>\n\t\t\t\t<\/div>\n\t\t\t\t\t<\/div>\n\t\t<\/div>\n\t\t\t\t\t<\/div>\n\t\t<\/section>\n\t\t\t\t<section class=\"elementor-section elementor-top-section elementor-element elementor-element-14cc5359 elementor-section-boxed elementor-section-height-default elementor-section-height-default wpr-particle-no wpr-jarallax-no wpr-parallax-no wpr-sticky-section-no wpr-equal-height-no\" data-id=\"14cc5359\" data-element_type=\"section\" data-e-type=\"section\" data-settings=\"{&quot;background_background&quot;:&quot;classic&quot;}\">\n\t\t\t\t\t\t<div class=\"elementor-container elementor-column-gap-default\">\n\t\t\t\t\t<div class=\"elementor-column elementor-col-100 elementor-top-column elementor-element elementor-element-7ae112e5\" data-id=\"7ae112e5\" data-element_type=\"column\" data-e-type=\"column\">\n\t\t\t<div class=\"elementor-widget-wrap elementor-element-populated\">\n\t\t\t\t\t\t<div class=\"elementor-element elementor-element-28567b4c elementor-align-left elementor-widget elementor-widget-breadcrumbs\" data-id=\"28567b4c\" data-element_type=\"widget\" data-e-type=\"widget\" data-widget_type=\"breadcrumbs.default\">\n\t\t\t\t<div class=\"elementor-widget-container\">\n\t\t\t\t\t<p id=\"breadcrumbs\"><span><span><a href=\"https:\/\/com-pac.ovh\/haarp\/\">Accueil<\/a><\/span><\/span><\/p>\t\t\t\t<\/div>\n\t\t\t\t<\/div>\n\t\t\t\t\t<\/div>\n\t\t<\/div>\n\t\t\t\t\t<\/div>\n\t\t<\/section>\n\t\t\t\t<section class=\"elementor-section elementor-top-section elementor-element elementor-element-2c446949 elementor-section-boxed elementor-section-height-default elementor-section-height-default wpr-particle-no wpr-jarallax-no wpr-parallax-no wpr-sticky-section-no wpr-equal-height-no\" data-id=\"2c446949\" data-element_type=\"section\" data-e-type=\"section\" data-settings=\"{&quot;background_background&quot;:&quot;classic&quot;}\">\n\t\t\t\t\t\t<div class=\"elementor-container elementor-column-gap-default\">\n\t\t\t\t\t<div class=\"elementor-column elementor-col-100 elementor-top-column elementor-element elementor-element-6debd1e0\" data-id=\"6debd1e0\" data-element_type=\"column\" data-e-type=\"column\">\n\t\t\t<div class=\"elementor-widget-wrap elementor-element-populated\">\n\t\t\t\t\t\t<div class=\"elementor-element elementor-element-5f7f4b73 titre-degrade elementor-widget elementor-widget-heading\" data-id=\"5f7f4b73\" data-element_type=\"widget\" data-e-type=\"widget\" data-widget_type=\"heading.default\">\n\t\t\t\t<div class=\"elementor-widget-container\">\n\t\t\t\t\t<h1 class=\"elementor-heading-title elementor-size-default\">Nous sommes \u00e0 votre \u00e9coute<br \/>et r\u00e9pondons \u00e0 vos questions.<\/h1>\t\t\t\t<\/div>\n\t\t\t\t<\/div>\n\t\t\t\t<div class=\"elementor-element elementor-element-74b48e7a intro-job elementor-widget elementor-widget-text-editor\" data-id=\"74b48e7a\" data-element_type=\"widget\" data-e-type=\"widget\" data-widget_type=\"text-editor.default\">\n\t\t\t\t<div class=\"elementor-widget-container\">\n\t\t\t\t\t\t\t\t\t<p><strong>Une question ? Une remarque ?\u00a0<br \/><\/strong>Nous vous invitons \u00e0 remplir le formulaire suivant. <br \/>Nous ne manquerons pas de vous r\u00e9pondre dans les plus brefs d\u00e9lais.<br \/><br \/>A noter que si vous souhaitez envoyer une\u00a0 candidature spontan\u00e9e, vous pouvez le faire ici :<br \/><a href=\"https:\/\/com-pac.ovh\/haarp\/candidature-spontanee\/\">Formulaire de candidature spontan\u00e9e.<\/a><br \/><br \/><\/p>\t\t\t\t\t\t\t\t<\/div>\n\t\t\t\t<\/div>\n\t\t\t\t\t<\/div>\n\t\t<\/div>\n\t\t\t\t\t<\/div>\n\t\t<\/section>\n\t\t\t\t<section class=\"elementor-section elementor-top-section elementor-element elementor-element-36d94546 noimprimir elementor-section-boxed elementor-section-height-default elementor-section-height-default wpr-particle-no wpr-jarallax-no wpr-parallax-no wpr-sticky-section-no wpr-equal-height-no\" data-id=\"36d94546\" data-element_type=\"section\" data-e-type=\"section\" data-settings=\"{&quot;background_background&quot;:&quot;classic&quot;}\">\n\t\t\t\t\t\t<div class=\"elementor-container elementor-column-gap-default\">\n\t\t\t\t\t<div class=\"elementor-column elementor-col-100 elementor-top-column elementor-element elementor-element-25a9adf3\" data-id=\"25a9adf3\" data-element_type=\"column\" data-e-type=\"column\">\n\t\t\t<div class=\"elementor-widget-wrap elementor-element-populated\">\n\t\t\t\t\t\t<div class=\"elementor-element elementor-element-66398049 elementor-button-align-stretch elementor-widget elementor-widget-form\" data-id=\"66398049\" data-element_type=\"widget\" data-e-type=\"widget\" data-settings=\"{&quot;step_next_label&quot;:&quot;Suivant&quot;,&quot;step_previous_label&quot;:&quot;Pr\\u00e9c\\u00e9dent&quot;,&quot;step_type&quot;:&quot;none&quot;,&quot;button_width&quot;:&quot;100&quot;,&quot;step_icon_shape&quot;:&quot;circle&quot;}\" data-widget_type=\"form.default\">\n\t\t\t\t<div class=\"elementor-widget-container\">\n\t\t\t\t\t\t\t<form class=\"elementor-form\" method=\"post\" name=\"Formulaire page contact\" aria-label=\"Formulaire page contact\">\n\t\t\t<input type=\"hidden\" name=\"post_id\" value=\"3500\"\/>\n\t\t\t<input type=\"hidden\" name=\"form_id\" value=\"66398049\"\/>\n\t\t\t<input type=\"hidden\" name=\"referer_title\" value=\"Contact - HAARP\" \/>\n\n\t\t\t\t\t\t\t<input type=\"hidden\" name=\"queried_id\" value=\"3500\"\/>\n\t\t\t\n\t\t\t<div class=\"elementor-form-fields-wrapper elementor-labels-above\">\n\t\t\t\t\t\t\t\t<div class=\"elementor-field-type-text elementor-field-group elementor-column elementor-field-group-name elementor-col-50 elementor-field-required elementor-mark-required\">\n\t\t\t\t\t\t\t\t\t\t\t\t<label for=\"form-field-name\" class=\"elementor-field-label\">\n\t\t\t\t\t\t\t\tNom\t\t\t\t\t\t\t<\/label>\n\t\t\t\t\t\t\t\t\t\t\t\t\t\t<input size=\"1\" type=\"text\" name=\"form_fields[name]\" id=\"form-field-name\" class=\"elementor-field elementor-size-md  elementor-field-textual\" placeholder=\"Nom\" required=\"required\">\n\t\t\t\t\t\t\t\t\t\t\t<\/div>\n\t\t\t\t\t\t\t\t<div class=\"elementor-field-type-text elementor-field-group elementor-column elementor-field-group-field_244dc6f elementor-col-50 elementor-field-required elementor-mark-required\">\n\t\t\t\t\t\t\t\t\t\t\t\t<label for=\"form-field-field_244dc6f\" class=\"elementor-field-label\">\n\t\t\t\t\t\t\t\tPr\u00e9nom\t\t\t\t\t\t\t<\/label>\n\t\t\t\t\t\t\t\t\t\t\t\t\t\t<input size=\"1\" type=\"text\" name=\"form_fields[field_244dc6f]\" id=\"form-field-field_244dc6f\" class=\"elementor-field elementor-size-md  elementor-field-textual\" placeholder=\"Pr\u00e9nom\" required=\"required\">\n\t\t\t\t\t\t\t\t\t\t\t<\/div>\n\t\t\t\t\t\t\t\t<div class=\"elementor-field-type-tel elementor-field-group elementor-column elementor-field-group-field_9eaedff elementor-col-50\">\n\t\t\t\t\t\t\t\t\t\t\t\t<label for=\"form-field-field_9eaedff\" class=\"elementor-field-label\">\n\t\t\t\t\t\t\t\tT\u00e9l\u00e9phone\t\t\t\t\t\t\t<\/label>\n\t\t\t\t\t\t\t\t<input size=\"1\" type=\"tel\" name=\"form_fields[field_9eaedff]\" id=\"form-field-field_9eaedff\" class=\"elementor-field elementor-size-md  elementor-field-textual\" placeholder=\"T\u00e9l\u00e9phone\" pattern=\"[0-9()#&amp;+*-=.]+\" title=\"Seuls les caract\u00e8res de num\u00e9ros de t\u00e9l\u00e9phone (#, -, *, etc.) sont accept\u00e9s.\">\n\n\t\t\t\t\t\t<\/div>\n\t\t\t\t\t\t\t\t<div class=\"elementor-field-type-tel elementor-field-group elementor-column elementor-field-group-field_0ca6696 elementor-col-50 elementor-field-required elementor-mark-required\">\n\t\t\t\t\t\t\t\t\t\t\t\t<label for=\"form-field-field_0ca6696\" class=\"elementor-field-label\">\n\t\t\t\t\t\t\t\tT\u00e9l\u00e9phone portable\t\t\t\t\t\t\t<\/label>\n\t\t\t\t\t\t\t\t<input size=\"1\" type=\"tel\" name=\"form_fields[field_0ca6696]\" id=\"form-field-field_0ca6696\" class=\"elementor-field elementor-size-md  elementor-field-textual\" placeholder=\"T\u00e9l\u00e9phone portable\" required=\"required\" pattern=\"[0-9()#&amp;+*-=.]+\" title=\"Seuls les caract\u00e8res de num\u00e9ros de t\u00e9l\u00e9phone (#, -, *, etc.) sont accept\u00e9s.\">\n\n\t\t\t\t\t\t<\/div>\n\t\t\t\t\t\t\t\t<div class=\"elementor-field-type-email elementor-field-group elementor-column elementor-field-group-email elementor-col-100 elementor-field-required elementor-mark-required\">\n\t\t\t\t\t\t\t\t\t\t\t\t<label for=\"form-field-email\" class=\"elementor-field-label\">\n\t\t\t\t\t\t\t\tE-mail\t\t\t\t\t\t\t<\/label>\n\t\t\t\t\t\t\t\t\t\t\t\t\t\t<input size=\"1\" type=\"email\" name=\"form_fields[email]\" id=\"form-field-email\" class=\"elementor-field elementor-size-md  elementor-field-textual\" placeholder=\"E-mail\" required=\"required\">\n\t\t\t\t\t\t\t\t\t\t\t<\/div>\n\t\t\t\t\t\t\t\t<div class=\"elementor-field-type-textarea elementor-field-group elementor-column elementor-field-group-message elementor-col-100 elementor-field-required elementor-mark-required\">\n\t\t\t\t\t\t\t\t\t\t\t\t<label for=\"form-field-message\" class=\"elementor-field-label\">\n\t\t\t\t\t\t\t\tMessage\t\t\t\t\t\t\t<\/label>\n\t\t\t\t\t\t<textarea class=\"elementor-field-textual elementor-field  elementor-size-md\" name=\"form_fields[message]\" id=\"form-field-message\" rows=\"4\" placeholder=\"Message\" required=\"required\"><\/textarea>\t\t\t\t<\/div>\n\t\t\t\t\t\t\t\t<div class=\"elementor-field-type-checkbox elementor-field-group elementor-column elementor-field-group-field_26bb1c7 elementor-col-100\">\n\t\t\t\t\t<div class=\"elementor-field-subgroup  \"><span class=\"elementor-field-option\"><input type=\"checkbox\" value=\"&lt;a href=&quot;#&quot;&gt;Je reconnais avoir pris connaissance de la politique du site en mati\u00e8re de protection des donn\u00e9es.&lt;\/a&gt;\" id=\"form-field-field_26bb1c7-0\" name=\"form_fields[field_26bb1c7]\"> <label for=\"form-field-field_26bb1c7-0\"><a href=\"#\">Je reconnais avoir pris connaissance de la politique du site en mati\u00e8re de protection des donn\u00e9es.<\/a><\/label><\/span><\/div>\t\t\t\t<\/div>\n\t\t\t\t\t\t\t\t<div class=\"elementor-field-type-recaptcha_v3 elementor-field-group elementor-column elementor-field-group-field_6933aec elementor-col-100 recaptcha_v3-bottomright\">\n\t\t\t\t\t<div class=\"elementor-field\" id=\"form-field-field_6933aec\"><div class=\"elementor-g-recaptcha\" data-sitekey=\"6LcLu8coAAAAAFImXjbMiQ3YQOppHYHZkhDpVZIY\" data-type=\"v3\" data-action=\"Form\" data-badge=\"bottomright\" data-size=\"invisible\"><\/div><\/div>\t\t\t\t<\/div>\n\t\t\t\t\t\t\t\t<div class=\"elementor-field-group elementor-column elementor-field-type-submit elementor-col-100 e-form__buttons\">\n\t\t\t\t\t<button class=\"elementor-button elementor-size-sm\" type=\"submit\">\n\t\t\t\t\t\t<span class=\"elementor-button-content-wrapper\">\n\t\t\t\t\t\t\t\t\t\t\t\t\t\t\t\t\t\t\t\t\t\t<span class=\"elementor-button-text\">Envoyer<\/span>\n\t\t\t\t\t\t\t\t\t\t\t\t\t<\/span>\n\t\t\t\t\t<\/button>\n\t\t\t\t<\/div>\n\t\t\t<\/div>\n\t\t<\/form>\n\t\t\t\t\t\t<\/div>\n\t\t\t\t<\/div>\n\t\t\t\t\t<\/div>\n\t\t<\/div>\n\t\t\t\t\t<\/div>\n\t\t<\/section>\n\t\t\t\t<section class=\"elementor-section elementor-top-section elementor-element elementor-element-3ee73c2b elementor-section-boxed elementor-section-height-default elementor-section-height-default wpr-particle-no wpr-jarallax-no wpr-parallax-no wpr-sticky-section-no wpr-equal-height-no\" data-id=\"3ee73c2b\" data-element_type=\"section\" data-e-type=\"section\" data-settings=\"{&quot;background_background&quot;:&quot;classic&quot;}\">\n\t\t\t\t\t\t<div class=\"elementor-container elementor-column-gap-wider\">\n\t\t\t\t\t<div class=\"elementor-column elementor-col-50 elementor-top-column elementor-element elementor-element-3ce107b newsletter-texte\" data-id=\"3ce107b\" data-element_type=\"column\" data-e-type=\"column\">\n\t\t\t<div class=\"elementor-widget-wrap elementor-element-populated\">\n\t\t\t\t\t\t<div class=\"elementor-element elementor-element-11e70cdb elementor-widget elementor-widget-heading\" data-id=\"11e70cdb\" data-element_type=\"widget\" data-e-type=\"widget\" data-widget_type=\"heading.default\">\n\t\t\t\t<div class=\"elementor-widget-container\">\n\t\t\t\t\t<h2 class=\"elementor-heading-title elementor-size-default\">Inscrivez-vous \u00e0 notre newsletter<\/h2>\t\t\t\t<\/div>\n\t\t\t\t<\/div>\n\t\t\t\t<div class=\"elementor-element elementor-element-55a06a07 elementor-widget elementor-widget-text-editor\" data-id=\"55a06a07\" data-element_type=\"widget\" data-e-type=\"widget\" data-widget_type=\"text-editor.default\">\n\t\t\t\t<div class=\"elementor-widget-container\">\n\t\t\t\t\t\t\t\t\t<p>Restez connect\u00e9s \u00e0 l\u2019association HAARP<br \/>et recevez nos derni\u00e8res actualit\u00e9s.<\/p>\t\t\t\t\t\t\t\t<\/div>\n\t\t\t\t<\/div>\n\t\t\t\t\t<\/div>\n\t\t<\/div>\n\t\t\t\t<div class=\"elementor-column elementor-col-50 elementor-top-column elementor-element elementor-element-5d739775 formulaire-newsletter\" data-id=\"5d739775\" data-element_type=\"column\" data-e-type=\"column\">\n\t\t\t<div class=\"elementor-widget-wrap elementor-element-populated\">\n\t\t\t\t\t\t<div class=\"elementor-element elementor-element-5cb98f7e elementor-widget__width-initial elementor-mobile-button-align-center elementor-button-align-stretch elementor-widget elementor-widget-form\" data-id=\"5cb98f7e\" data-element_type=\"widget\" data-e-type=\"widget\" data-settings=\"{&quot;button_width&quot;:&quot;25&quot;,&quot;step_next_label&quot;:&quot;Suivant&quot;,&quot;step_previous_label&quot;:&quot;Pr\\u00e9c\\u00e9dent&quot;,&quot;button_width_mobile&quot;:&quot;100&quot;,&quot;step_type&quot;:&quot;number_text&quot;,&quot;step_icon_shape&quot;:&quot;circle&quot;}\" data-widget_type=\"form.default\">\n\t\t\t\t<div class=\"elementor-widget-container\">\n\t\t\t\t\t\t\t<form class=\"elementor-form\" method=\"post\" name=\"Newsletter inscription\" aria-label=\"Newsletter inscription\">\n\t\t\t<input type=\"hidden\" name=\"post_id\" value=\"3500\"\/>\n\t\t\t<input type=\"hidden\" name=\"form_id\" value=\"5cb98f7e\"\/>\n\t\t\t<input type=\"hidden\" name=\"referer_title\" value=\"Contact - HAARP\" \/>\n\n\t\t\t\t\t\t\t<input type=\"hidden\" name=\"queried_id\" value=\"3500\"\/>\n\t\t\t\n\t\t\t<div class=\"elementor-form-fields-wrapper elementor-labels-above\">\n\t\t\t\t\t\t\t\t<div class=\"elementor-field-type-email elementor-field-group elementor-column elementor-field-group-email elementor-col-70 elementor-sm-100 elementor-field-required\">\n\t\t\t\t\t\t\t\t\t\t\t\t\t<input size=\"1\" type=\"email\" name=\"form_fields[email]\" id=\"form-field-email\" class=\"elementor-field elementor-size-sm  elementor-field-textual\" placeholder=\"Saisisez votre e-mail\" required=\"required\">\n\t\t\t\t\t\t\t\t\t\t\t<\/div>\n\t\t\t\t\t\t\t\t<div class=\"elementor-field-group elementor-column elementor-field-type-submit elementor-col-25 e-form__buttons elementor-sm-100\">\n\t\t\t\t\t<button class=\"elementor-button elementor-size-sm\" type=\"submit\">\n\t\t\t\t\t\t<span class=\"elementor-button-content-wrapper\">\n\t\t\t\t\t\t\t\t\t\t\t\t\t\t\t\t\t\t\t\t\t\t<span class=\"elementor-button-text\">S'inscrire<\/span>\n\t\t\t\t\t\t\t\t\t\t\t\t\t<\/span>\n\t\t\t\t\t<\/button>\n\t\t\t\t<\/div>\n\t\t\t<\/div>\n\t\t<\/form>\n\t\t\t\t\t\t<\/div>\n\t\t\t\t<\/div>\n\t\t\t\t<div class=\"elementor-element elementor-element-f750a8e elementor-widget__width-initial elementor-widget elementor-widget-text-editor\" data-id=\"f750a8e\" data-element_type=\"widget\" data-e-type=\"widget\" data-widget_type=\"text-editor.default\">\n\t\t\t\t<div class=\"elementor-widget-container\">\n\t\t\t\t\t\t\t\t\t<p>En vous inscrivant \u00e0 la newsletter, vous consentez \u00e0 ce que l&#8217;association HAARP, collecte vos donn\u00e9es afin de vous envoyer des communications par voie \u00e9lectronique. Vous pourrez vous d\u00e9sabonner \u00e0 tout moment. Pour faire valoir votre droit d\u2019acc\u00e8s, de rectification ou d\u2019effacement, consultez <a href=\"#\">nos mentions l\u00e9gales<\/a>.\u00a0<\/p>\t\t\t\t\t\t\t\t<\/div>\n\t\t\t\t<\/div>\n\t\t\t\t\t<\/div>\n\t\t<\/div>\n\t\t\t\t\t<\/div>\n\t\t<\/section>\n\t\t\t\t<\/div>\n\t\t","protected":false},"excerpt":{"rendered":"<p>CONTACTEZ l&#8217;association HAARP Nous sommes \u00e0 votre \u00e9couteet r\u00e9pondons \u00e0 vos questions. Une question ? Une remarque ?\u00a0Nous vous invitons \u00e0 remplir le formulaire suivant. Nous ne manquerons pas de vous r\u00e9pondre dans les plus brefs d\u00e9lais. A noter que si vous souhaitez envoyer une\u00a0 candidature spontan\u00e9e, vous pouvez le faire ici :Formulaire de candidature spontan\u00e9e. Inscrivez-vous \u00e0 notre newsletter Restez connect\u00e9s \u00e0 l\u2019association HAARPet recevez nos derni\u00e8res actualit\u00e9s. En vous inscrivant \u00e0 la newsletter, vous consentez \u00e0 ce que l&#8217;association HAARP, collecte vos donn\u00e9es afin de vous envoyer des communications par voie \u00e9lectronique. Vous pourrez vous d\u00e9sabonner \u00e0 tout moment. Pour faire valoir votre droit d\u2019acc\u00e8s, de rectification ou d\u2019effacement, consultez nos mentions l\u00e9gales.\u00a0<\/p>\n","protected":false},"author":1,"featured_media":0,"parent":0,"menu_order":0,"comment_status":"closed","ping_status":"closed","template":"elementor_header_footer","meta":{"footnotes":""},"class_list":["post-3500","page","type-page","status-publish","hentry","entry"],"acf":[],"yoast_head":"<!-- This site is optimized with the Yoast SEO plugin v27.5 - https:\/\/yoast.com\/product\/yoast-seo-wordpress\/ -->\n<title>Contact - HAARP<\/title>\n<meta name=\"robots\" content=\"noindex, follow, max-snippet:-1, max-image-preview:large, max-video-preview:-1\" \/>\n<meta property=\"og:locale\" content=\"fr_FR\" \/>\n<meta property=\"og:type\" content=\"article\" \/>\n<meta property=\"og:title\" content=\"Contact - HAARP\" \/>\n<meta property=\"og:description\" content=\"CONTACTEZ l&#8217;association HAARP Nous sommes \u00e0 votre \u00e9couteet r\u00e9pondons \u00e0 vos questions. Une question ? Une remarque ?\u00a0Nous vous invitons \u00e0 remplir le formulaire suivant. Nous ne manquerons pas de vous r\u00e9pondre dans les plus brefs d\u00e9lais. A noter que si vous souhaitez envoyer une\u00a0 candidature spontan\u00e9e, vous pouvez le faire ici :Formulaire de candidature spontan\u00e9e. Inscrivez-vous \u00e0 notre newsletter Restez connect\u00e9s \u00e0 l\u2019association HAARPet recevez nos derni\u00e8res actualit\u00e9s. En vous inscrivant \u00e0 la newsletter, vous consentez \u00e0 ce que l&#8217;association HAARP, collecte vos donn\u00e9es afin de vous envoyer des communications par voie \u00e9lectronique. Vous pourrez vous d\u00e9sabonner \u00e0 tout moment. Pour faire valoir votre droit d\u2019acc\u00e8s, de rectification ou d\u2019effacement, consultez nos mentions l\u00e9gales.\u00a0\" \/>\n<meta property=\"og:url\" content=\"https:\/\/com-pac.ovh\/haarp\/contact\/\" \/>\n<meta property=\"og:site_name\" content=\"HAARP\" \/>\n<meta property=\"article:modified_time\" content=\"2024-01-16T13:44:26+00:00\" \/>\n<meta name=\"twitter:card\" content=\"summary_large_image\" \/>\n<meta name=\"twitter:label1\" content=\"Dur\u00e9e de lecture estim\u00e9e\" \/>\n\t<meta name=\"twitter:data1\" content=\"1 minute\" \/>\n<script type=\"application\/ld+json\" class=\"yoast-schema-graph\">{\"@context\":\"https:\\\/\\\/schema.org\",\"@graph\":[{\"@type\":\"WebPage\",\"@id\":\"https:\\\/\\\/com-pac.ovh\\\/haarp\\\/contact\\\/\",\"url\":\"https:\\\/\\\/com-pac.ovh\\\/haarp\\\/contact\\\/\",\"name\":\"Contact - HAARP\",\"isPartOf\":{\"@id\":\"https:\\\/\\\/com-pac.ovh\\\/haarp\\\/#website\"},\"datePublished\":\"2023-11-03T09:25:13+00:00\",\"dateModified\":\"2024-01-16T13:44:26+00:00\",\"breadcrumb\":{\"@id\":\"https:\\\/\\\/com-pac.ovh\\\/haarp\\\/contact\\\/#breadcrumb\"},\"inLanguage\":\"fr-FR\",\"potentialAction\":[{\"@type\":\"ReadAction\",\"target\":[\"https:\\\/\\\/com-pac.ovh\\\/haarp\\\/contact\\\/\"]}]},{\"@type\":\"BreadcrumbList\",\"@id\":\"https:\\\/\\\/com-pac.ovh\\\/haarp\\\/contact\\\/#breadcrumb\",\"itemListElement\":[{\"@type\":\"ListItem\",\"position\":1,\"name\":\"Accueil\",\"item\":\"https:\\\/\\\/com-pac.ovh\\\/haarp\\\/\"},{\"@type\":\"ListItem\",\"position\":2,\"name\":\"Contact\"}]},{\"@type\":\"WebSite\",\"@id\":\"https:\\\/\\\/com-pac.ovh\\\/haarp\\\/#website\",\"url\":\"https:\\\/\\\/com-pac.ovh\\\/haarp\\\/\",\"name\":\"HAARP\",\"description\":\"\",\"publisher\":{\"@id\":\"https:\\\/\\\/com-pac.ovh\\\/haarp\\\/#organization\"},\"potentialAction\":[{\"@type\":\"SearchAction\",\"target\":{\"@type\":\"EntryPoint\",\"urlTemplate\":\"https:\\\/\\\/com-pac.ovh\\\/haarp\\\/?s={search_term_string}\"},\"query-input\":{\"@type\":\"PropertyValueSpecification\",\"valueRequired\":true,\"valueName\":\"search_term_string\"}}],\"inLanguage\":\"fr-FR\"},{\"@type\":\"Organization\",\"@id\":\"https:\\\/\\\/com-pac.ovh\\\/haarp\\\/#organization\",\"name\":\"HAARP\",\"url\":\"https:\\\/\\\/com-pac.ovh\\\/haarp\\\/\",\"logo\":{\"@type\":\"ImageObject\",\"inLanguage\":\"fr-FR\",\"@id\":\"https:\\\/\\\/com-pac.ovh\\\/haarp\\\/#\\\/schema\\\/logo\\\/image\\\/\",\"url\":\"https:\\\/\\\/com-pac.ovh\\\/haarp\\\/wp-content\\\/uploads\\\/2023\\\/07\\\/logo-HAARP-DEF.png\",\"contentUrl\":\"https:\\\/\\\/com-pac.ovh\\\/haarp\\\/wp-content\\\/uploads\\\/2023\\\/07\\\/logo-HAARP-DEF.png\",\"width\":855,\"height\":780,\"caption\":\"HAARP\"},\"image\":{\"@id\":\"https:\\\/\\\/com-pac.ovh\\\/haarp\\\/#\\\/schema\\\/logo\\\/image\\\/\"}}]}<\/script>\n<!-- \/ Yoast SEO plugin. -->","yoast_head_json":{"title":"Contact - HAARP","robots":{"index":"noindex","follow":"follow","max-snippet":"max-snippet:-1","max-image-preview":"max-image-preview:large","max-video-preview":"max-video-preview:-1"},"og_locale":"fr_FR","og_type":"article","og_title":"Contact - HAARP","og_description":"CONTACTEZ l&#8217;association HAARP Nous sommes \u00e0 votre \u00e9couteet r\u00e9pondons \u00e0 vos questions. Une question ? Une remarque ?\u00a0Nous vous invitons \u00e0 remplir le formulaire suivant. Nous ne manquerons pas de vous r\u00e9pondre dans les plus brefs d\u00e9lais. A noter que si vous souhaitez envoyer une\u00a0 candidature spontan\u00e9e, vous pouvez le faire ici :Formulaire de candidature spontan\u00e9e. Inscrivez-vous \u00e0 notre newsletter Restez connect\u00e9s \u00e0 l\u2019association HAARPet recevez nos derni\u00e8res actualit\u00e9s. En vous inscrivant \u00e0 la newsletter, vous consentez \u00e0 ce que l&#8217;association HAARP, collecte vos donn\u00e9es afin de vous envoyer des communications par voie \u00e9lectronique. Vous pourrez vous d\u00e9sabonner \u00e0 tout moment. Pour faire valoir votre droit d\u2019acc\u00e8s, de rectification ou d\u2019effacement, consultez nos mentions l\u00e9gales.\u00a0","og_url":"https:\/\/com-pac.ovh\/haarp\/contact\/","og_site_name":"HAARP","article_modified_time":"2024-01-16T13:44:26+00:00","twitter_card":"summary_large_image","twitter_misc":{"Dur\u00e9e de lecture estim\u00e9e":"1 minute"},"schema":{"@context":"https:\/\/schema.org","@graph":[{"@type":"WebPage","@id":"https:\/\/com-pac.ovh\/haarp\/contact\/","url":"https:\/\/com-pac.ovh\/haarp\/contact\/","name":"Contact - HAARP","isPartOf":{"@id":"https:\/\/com-pac.ovh\/haarp\/#website"},"datePublished":"2023-11-03T09:25:13+00:00","dateModified":"2024-01-16T13:44:26+00:00","breadcrumb":{"@id":"https:\/\/com-pac.ovh\/haarp\/contact\/#breadcrumb"},"inLanguage":"fr-FR","potentialAction":[{"@type":"ReadAction","target":["https:\/\/com-pac.ovh\/haarp\/contact\/"]}]},{"@type":"BreadcrumbList","@id":"https:\/\/com-pac.ovh\/haarp\/contact\/#breadcrumb","itemListElement":[{"@type":"ListItem","position":1,"name":"Accueil","item":"https:\/\/com-pac.ovh\/haarp\/"},{"@type":"ListItem","position":2,"name":"Contact"}]},{"@type":"WebSite","@id":"https:\/\/com-pac.ovh\/haarp\/#website","url":"https:\/\/com-pac.ovh\/haarp\/","name":"HAARP","description":"","publisher":{"@id":"https:\/\/com-pac.ovh\/haarp\/#organization"},"potentialAction":[{"@type":"SearchAction","target":{"@type":"EntryPoint","urlTemplate":"https:\/\/com-pac.ovh\/haarp\/?s={search_term_string}"},"query-input":{"@type":"PropertyValueSpecification","valueRequired":true,"valueName":"search_term_string"}}],"inLanguage":"fr-FR"},{"@type":"Organization","@id":"https:\/\/com-pac.ovh\/haarp\/#organization","name":"HAARP","url":"https:\/\/com-pac.ovh\/haarp\/","logo":{"@type":"ImageObject","inLanguage":"fr-FR","@id":"https:\/\/com-pac.ovh\/haarp\/#\/schema\/logo\/image\/","url":"https:\/\/com-pac.ovh\/haarp\/wp-content\/uploads\/2023\/07\/logo-HAARP-DEF.png","contentUrl":"https:\/\/com-pac.ovh\/haarp\/wp-content\/uploads\/2023\/07\/logo-HAARP-DEF.png","width":855,"height":780,"caption":"HAARP"},"image":{"@id":"https:\/\/com-pac.ovh\/haarp\/#\/schema\/logo\/image\/"}}]}},"_links":{"self":[{"href":"https:\/\/com-pac.ovh\/haarp\/wp-json\/wp\/v2\/pages\/3500","targetHints":{"allow":["GET"]}}],"collection":[{"href":"https:\/\/com-pac.ovh\/haarp\/wp-json\/wp\/v2\/pages"}],"about":[{"href":"https:\/\/com-pac.ovh\/haarp\/wp-json\/wp\/v2\/types\/page"}],"author":[{"embeddable":true,"href":"https:\/\/com-pac.ovh\/haarp\/wp-json\/wp\/v2\/users\/1"}],"replies":[{"embeddable":true,"href":"https:\/\/com-pac.ovh\/haarp\/wp-json\/wp\/v2\/comments?post=3500"}],"version-history":[{"count":37,"href":"https:\/\/com-pac.ovh\/haarp\/wp-json\/wp\/v2\/pages\/3500\/revisions"}],"predecessor-version":[{"id":5229,"href":"https:\/\/com-pac.ovh\/haarp\/wp-json\/wp\/v2\/pages\/3500\/revisions\/5229"}],"wp:attachment":[{"href":"https:\/\/com-pac.ovh\/haarp\/wp-json\/wp\/v2\/media?parent=3500"}],"curies":[{"name":"wp","href":"https:\/\/api.w.org\/{rel}","templated":true}]}}