{"id":1366,"date":"2025-03-25T15:51:31","date_gmt":"2025-03-25T14:51:31","guid":{"rendered":"https:\/\/com-pac.ovh\/preprod1\/?page_id=1366"},"modified":"2025-03-25T16:00:45","modified_gmt":"2025-03-25T15:00:45","slug":"mentions-legales","status":"publish","type":"page","link":"https:\/\/com-pac.ovh\/preprod1\/mentions-legales\/","title":{"rendered":"Mentions l\u00e9gales"},"content":{"rendered":"\t\t<div data-elementor-type=\"wp-page\" data-elementor-id=\"1366\" class=\"elementor elementor-1366\" data-elementor-post-type=\"page\">\n\t\t\t\t<div class=\"elementor-element elementor-element-1470c94 e-flex e-con-boxed e-con e-parent\" data-id=\"1470c94\" data-element_type=\"container\" data-settings=\"{&quot;background_background&quot;:&quot;classic&quot;}\">\n\t\t\t\t\t<div class=\"e-con-inner\">\n\t\t\t\t<div class=\"elementor-element elementor-element-60a185ec elementor-widget elementor-widget-theme-post-title elementor-page-title elementor-widget-heading\" data-id=\"60a185ec\" data-element_type=\"widget\" data-widget_type=\"theme-post-title.default\">\n\t\t\t\t<div class=\"elementor-widget-container\">\n\t\t\t\t\t<h1 class=\"elementor-heading-title elementor-size-default\">Mentions l\u00e9gales<\/h1>\t\t\t\t<\/div>\n\t\t\t\t<\/div>\n\t\t\t\t<div class=\"elementor-element elementor-element-518d34b2 elementor-widget-divider--view-line elementor-widget elementor-widget-divider\" data-id=\"518d34b2\" data-element_type=\"widget\" data-widget_type=\"divider.default\">\n\t\t\t\t<div class=\"elementor-widget-container\">\n\t\t\t\t\t\t\t<div class=\"elementor-divider\">\n\t\t\t<span class=\"elementor-divider-separator\">\n\t\t\t\t\t\t<\/span>\n\t\t<\/div>\n\t\t\t\t\t\t<\/div>\n\t\t\t\t<\/div>\n\t\t\t\t<div class=\"elementor-element elementor-element-5001ac67 elementor-align-center elementor-widget elementor-widget-breadcrumbs\" data-id=\"5001ac67\" data-element_type=\"widget\" data-widget_type=\"breadcrumbs.default\">\n\t\t\t\t<div class=\"elementor-widget-container\">\n\t\t\t\t\t<p id=\"breadcrumbs\"><span><span><a href=\"https:\/\/com-pac.ovh\/preprod1\/\">Accueil<\/a><\/span><\/span><\/p>\t\t\t\t<\/div>\n\t\t\t\t<\/div>\n\t\t\t\t\t<\/div>\n\t\t\t\t<\/div>\n\t\t<div class=\"elementor-element elementor-element-681184b e-flex e-con-boxed e-con e-parent\" data-id=\"681184b\" data-element_type=\"container\">\n\t\t\t\t\t<div class=\"e-con-inner\">\n\t\t<div class=\"elementor-element elementor-element-88d0f4a e-con-full e-flex e-con e-child\" data-id=\"88d0f4a\" data-element_type=\"container\">\n\t\t\t\t<div class=\"elementor-element elementor-element-234eed6c elementor-widget elementor-widget-text-editor\" data-id=\"234eed6c\" data-element_type=\"widget\" data-widget_type=\"text-editor.default\">\n\t\t\t\t<div class=\"elementor-widget-container\">\n\t\t\t\t\t\t\t\t\t<h4><strong>1. \u00c9diteur du site<\/strong><\/h4><p>Le site <b>www.alltolerie.com<\/b> est \u00e9dit\u00e9 par :<\/p><ul><li>ALL T\u00d4LERIE<\/li><li>Z.I de Torcy B\u00e2timent 2 2 Rue des m\u00e9tiers<\/li><li>77200 TORCY<\/li><li>T\u00e9l. : 01 64 30 06 44<\/li><li>N\u00b0 SIRET : 800 863 375<\/li><\/ul><h4><strong>2. H\u00e9bergeur<\/strong><\/h4><p>Le site est h\u00e9berg\u00e9 par OVH, dont le si\u00e8ge social est situ\u00e9 au 2 rue Kellermann 59100 Roubaix \u2013 France<\/p><h4><strong>3. Propri\u00e9t\u00e9 intellectuelle<\/strong><\/h4><p>La structure g\u00e9n\u00e9rale, ainsi que les textes, photos, images et sons composant ce site sont la propri\u00e9t\u00e9 de \u00ab ALL T\u00d4LERIE \u00bb. Toute reproduction, totale ou partielle, et toute repr\u00e9sentation du contenu substantiel de ce site, d&rsquo;un ou de plusieurs de ses composants, par quelque proc\u00e9d\u00e9 que ce soit, sans autorisation expresse de \u00ab ALL T\u00d4LERIE \u00bb, est interdite, et constitue une contrefa\u00e7on sanctionn\u00e9e par les articles L.335-2 et suivants du Code de la propri\u00e9t\u00e9 intellectuelle.<\/p><p>Les informations, pictogrammes, photographies, images, textes, s\u00e9quences vid\u00e9o, anim\u00e9es sonores ou non, et autres documents pr\u00e9sents sur le site Internet sont prot\u00e9g\u00e9s par des droits de propri\u00e9t\u00e9 industrielle et\/ou intellectuelle, soit qu&rsquo;elle soit autoris\u00e9e \u00e0 les reproduire et les repr\u00e9senter. A ce titre, toute reproduction, repr\u00e9sentation, adaptation, traduction et\/ou modification, partielle ou int\u00e9grale ou transfert sur un autre site sont interdits.<\/p><p>La copie sur support papier \u00e0 usage priv\u00e9 de ces diff\u00e9rents objets de droits est autoris\u00e9e conform\u00e9ment \u00e0 l&rsquo;article L122-5 du Code de la Propri\u00e9t\u00e9 Intellectuelle. Leur reproduction partielle ou int\u00e9grale, sans l&rsquo;accord pr\u00e9alable et \u00e9crit de l&rsquo;auteur, est strictement interdite.<\/p><h4><strong>4. Responsabilit\u00e9<\/strong><\/h4><p>All T\u00f4lerie s\u2019efforce d\u2019assurer l\u2019exactitude et la mise \u00e0 jour des informations diffus\u00e9es sur le site, mais ne peut garantir leur exactitude et leur compl\u00e9tude. L\u2019utilisateur est responsable de l\u2019utilisation qu\u2019il fait des informations pr\u00e9sent\u00e9es sur le site.<\/p><h4><strong>5. Donn\u00e9es personnelles<\/strong><\/h4><p>Les informations recueillies via le site sont trait\u00e9es conform\u00e9ment \u00e0 notre <a href=\"#\">Politique de Confidentialit\u00e9<\/a>.<\/p><h4><strong>6. Cookies<\/strong><\/h4><p>Le site utilise des cookies pour am\u00e9liorer l\u2019exp\u00e9rience utilisateur. Vous pouvez g\u00e9rer vos pr\u00e9f\u00e9rences via les param\u00e8tres de votre navigateur.<\/p><h4><strong>7. Contact<\/strong><\/h4><p>Pour toute question concernant ces mentions l\u00e9gales, vous pouvez nous contacter \u00e0 l\u2019adresse suivante : alltolerie@gmail.com<\/p>\t\t\t\t\t\t\t\t<\/div>\n\t\t\t\t<\/div>\n\t\t\t\t<\/div>\n\t\t\t\t\t<\/div>\n\t\t\t\t<\/div>\n\t\t\t\t<\/div>\n\t\t","protected":false},"excerpt":{"rendered":"<p>1. \u00c9diteur du site Le site www.alltolerie.com est \u00e9dit\u00e9 par : ALL T\u00d4LERIE Z.I de Torcy B\u00e2timent 2 2 Rue des m\u00e9tiers 77200 TORCY T\u00e9l. : 01 64 30 06 44 N\u00b0 SIRET : 800 863 375 2. H\u00e9bergeur Le site est h\u00e9berg\u00e9 par OVH, dont le si\u00e8ge social est situ\u00e9 au 2 rue Kellermann [&hellip;]<\/p>\n","protected":false},"author":1,"featured_media":0,"parent":0,"menu_order":0,"comment_status":"closed","ping_status":"closed","template":"elementor_header_footer","meta":{"_acf_changed":false,"footnotes":""},"class_list":["post-1366","page","type-page","status-publish","hentry"],"acf":[],"yoast_head":"<!-- This site is optimized with the Yoast SEO plugin v24.9 - https:\/\/yoast.com\/wordpress\/plugins\/seo\/ -->\n<title>Mentions l\u00e9gales - ALL TOLERIE<\/title>\n<meta name=\"robots\" content=\"noindex, follow, max-snippet:-1, max-image-preview:large, max-video-preview:-1\" \/>\n<meta property=\"og:locale\" content=\"fr_FR\" \/>\n<meta property=\"og:type\" content=\"article\" \/>\n<meta property=\"og:title\" content=\"Mentions l\u00e9gales - ALL TOLERIE\" \/>\n<meta property=\"og:description\" content=\"1. \u00c9diteur du site Le site www.alltolerie.com est \u00e9dit\u00e9 par : ALL T\u00d4LERIE Z.I de Torcy B\u00e2timent 2 2 Rue des m\u00e9tiers 77200 TORCY T\u00e9l. : 01 64 30 06 44 N\u00b0 SIRET : 800 863 375 2. H\u00e9bergeur Le site est h\u00e9berg\u00e9 par OVH, dont le si\u00e8ge social est situ\u00e9 au 2 rue Kellermann [&hellip;]\" \/>\n<meta property=\"og:url\" content=\"https:\/\/com-pac.ovh\/preprod1\/mentions-legales\/\" \/>\n<meta property=\"og:site_name\" content=\"ALL TOLERIE\" \/>\n<meta property=\"article:publisher\" content=\"https:\/\/www.facebook.com\/ALLTOLERIE\" \/>\n<meta property=\"article:modified_time\" content=\"2025-03-25T15:00:45+00:00\" \/>\n<meta name=\"twitter:card\" content=\"summary_large_image\" \/>\n<meta name=\"twitter:label1\" content=\"Dur\u00e9e de lecture estim\u00e9e\" \/>\n\t<meta name=\"twitter:data1\" content=\"2 minutes\" \/>\n<script type=\"application\/ld+json\" class=\"yoast-schema-graph\">{\"@context\":\"https:\/\/schema.org\",\"@graph\":[{\"@type\":\"WebPage\",\"@id\":\"https:\/\/com-pac.ovh\/preprod1\/mentions-legales\/\",\"url\":\"https:\/\/com-pac.ovh\/preprod1\/mentions-legales\/\",\"name\":\"Mentions l\u00e9gales - ALL TOLERIE\",\"isPartOf\":{\"@id\":\"https:\/\/com-pac.ovh\/preprod1\/#website\"},\"datePublished\":\"2025-03-25T14:51:31+00:00\",\"dateModified\":\"2025-03-25T15:00:45+00:00\",\"breadcrumb\":{\"@id\":\"https:\/\/com-pac.ovh\/preprod1\/mentions-legales\/#breadcrumb\"},\"inLanguage\":\"fr-FR\",\"potentialAction\":[{\"@type\":\"ReadAction\",\"target\":[\"https:\/\/com-pac.ovh\/preprod1\/mentions-legales\/\"]}]},{\"@type\":\"BreadcrumbList\",\"@id\":\"https:\/\/com-pac.ovh\/preprod1\/mentions-legales\/#breadcrumb\",\"itemListElement\":[{\"@type\":\"ListItem\",\"position\":1,\"name\":\"Accueil\",\"item\":\"https:\/\/com-pac.ovh\/preprod1\/\"},{\"@type\":\"ListItem\",\"position\":2,\"name\":\"Mentions l\u00e9gales\"}]},{\"@type\":\"WebSite\",\"@id\":\"https:\/\/com-pac.ovh\/preprod1\/#website\",\"url\":\"https:\/\/com-pac.ovh\/preprod1\/\",\"name\":\"ALL TOLERIE\",\"description\":\"\",\"publisher\":{\"@id\":\"https:\/\/com-pac.ovh\/preprod1\/#organization\"},\"potentialAction\":[{\"@type\":\"SearchAction\",\"target\":{\"@type\":\"EntryPoint\",\"urlTemplate\":\"https:\/\/com-pac.ovh\/preprod1\/?s={search_term_string}\"},\"query-input\":{\"@type\":\"PropertyValueSpecification\",\"valueRequired\":true,\"valueName\":\"search_term_string\"}}],\"inLanguage\":\"fr-FR\"},{\"@type\":\"Organization\",\"@id\":\"https:\/\/com-pac.ovh\/preprod1\/#organization\",\"name\":\"ALL TOLERIE\",\"url\":\"https:\/\/com-pac.ovh\/preprod1\/\",\"logo\":{\"@type\":\"ImageObject\",\"inLanguage\":\"fr-FR\",\"@id\":\"https:\/\/com-pac.ovh\/preprod1\/#\/schema\/logo\/image\/\",\"url\":\"https:\/\/com-pac.ovh\/preprod1\/wp-content\/uploads\/2025\/03\/LOGO-ALL-TOLERIE.jpg\",\"contentUrl\":\"https:\/\/com-pac.ovh\/preprod1\/wp-content\/uploads\/2025\/03\/LOGO-ALL-TOLERIE.jpg\",\"width\":261,\"height\":55,\"caption\":\"ALL TOLERIE\"},\"image\":{\"@id\":\"https:\/\/com-pac.ovh\/preprod1\/#\/schema\/logo\/image\/\"},\"sameAs\":[\"https:\/\/www.facebook.com\/ALLTOLERIE\",\"https:\/\/www.instagram.com\/alltolerie\/\",\"https:\/\/www.youtube.com\/@alltoleriealltolerie7438\"]}]}<\/script>\n<!-- \/ Yoast SEO plugin. -->","yoast_head_json":{"title":"Mentions l\u00e9gales - ALL TOLERIE","robots":{"index":"noindex","follow":"follow","max-snippet":"max-snippet:-1","max-image-preview":"max-image-preview:large","max-video-preview":"max-video-preview:-1"},"og_locale":"fr_FR","og_type":"article","og_title":"Mentions l\u00e9gales - ALL TOLERIE","og_description":"1. \u00c9diteur du site Le site www.alltolerie.com est \u00e9dit\u00e9 par : ALL T\u00d4LERIE Z.I de Torcy B\u00e2timent 2 2 Rue des m\u00e9tiers 77200 TORCY T\u00e9l. : 01 64 30 06 44 N\u00b0 SIRET : 800 863 375 2. H\u00e9bergeur Le site est h\u00e9berg\u00e9 par OVH, dont le si\u00e8ge social est situ\u00e9 au 2 rue Kellermann [&hellip;]","og_url":"https:\/\/com-pac.ovh\/preprod1\/mentions-legales\/","og_site_name":"ALL TOLERIE","article_publisher":"https:\/\/www.facebook.com\/ALLTOLERIE","article_modified_time":"2025-03-25T15:00:45+00:00","twitter_card":"summary_large_image","twitter_misc":{"Dur\u00e9e de lecture estim\u00e9e":"2 minutes"},"schema":{"@context":"https:\/\/schema.org","@graph":[{"@type":"WebPage","@id":"https:\/\/com-pac.ovh\/preprod1\/mentions-legales\/","url":"https:\/\/com-pac.ovh\/preprod1\/mentions-legales\/","name":"Mentions l\u00e9gales - ALL TOLERIE","isPartOf":{"@id":"https:\/\/com-pac.ovh\/preprod1\/#website"},"datePublished":"2025-03-25T14:51:31+00:00","dateModified":"2025-03-25T15:00:45+00:00","breadcrumb":{"@id":"https:\/\/com-pac.ovh\/preprod1\/mentions-legales\/#breadcrumb"},"inLanguage":"fr-FR","potentialAction":[{"@type":"ReadAction","target":["https:\/\/com-pac.ovh\/preprod1\/mentions-legales\/"]}]},{"@type":"BreadcrumbList","@id":"https:\/\/com-pac.ovh\/preprod1\/mentions-legales\/#breadcrumb","itemListElement":[{"@type":"ListItem","position":1,"name":"Accueil","item":"https:\/\/com-pac.ovh\/preprod1\/"},{"@type":"ListItem","position":2,"name":"Mentions l\u00e9gales"}]},{"@type":"WebSite","@id":"https:\/\/com-pac.ovh\/preprod1\/#website","url":"https:\/\/com-pac.ovh\/preprod1\/","name":"ALL TOLERIE","description":"","publisher":{"@id":"https:\/\/com-pac.ovh\/preprod1\/#organization"},"potentialAction":[{"@type":"SearchAction","target":{"@type":"EntryPoint","urlTemplate":"https:\/\/com-pac.ovh\/preprod1\/?s={search_term_string}"},"query-input":{"@type":"PropertyValueSpecification","valueRequired":true,"valueName":"search_term_string"}}],"inLanguage":"fr-FR"},{"@type":"Organization","@id":"https:\/\/com-pac.ovh\/preprod1\/#organization","name":"ALL TOLERIE","url":"https:\/\/com-pac.ovh\/preprod1\/","logo":{"@type":"ImageObject","inLanguage":"fr-FR","@id":"https:\/\/com-pac.ovh\/preprod1\/#\/schema\/logo\/image\/","url":"https:\/\/com-pac.ovh\/preprod1\/wp-content\/uploads\/2025\/03\/LOGO-ALL-TOLERIE.jpg","contentUrl":"https:\/\/com-pac.ovh\/preprod1\/wp-content\/uploads\/2025\/03\/LOGO-ALL-TOLERIE.jpg","width":261,"height":55,"caption":"ALL TOLERIE"},"image":{"@id":"https:\/\/com-pac.ovh\/preprod1\/#\/schema\/logo\/image\/"},"sameAs":["https:\/\/www.facebook.com\/ALLTOLERIE","https:\/\/www.instagram.com\/alltolerie\/","https:\/\/www.youtube.com\/@alltoleriealltolerie7438"]}]}},"_links":{"self":[{"href":"https:\/\/com-pac.ovh\/preprod1\/wp-json\/wp\/v2\/pages\/1366","targetHints":{"allow":["GET"]}}],"collection":[{"href":"https:\/\/com-pac.ovh\/preprod1\/wp-json\/wp\/v2\/pages"}],"about":[{"href":"https:\/\/com-pac.ovh\/preprod1\/wp-json\/wp\/v2\/types\/page"}],"author":[{"embeddable":true,"href":"https:\/\/com-pac.ovh\/preprod1\/wp-json\/wp\/v2\/users\/1"}],"replies":[{"embeddable":true,"href":"https:\/\/com-pac.ovh\/preprod1\/wp-json\/wp\/v2\/comments?post=1366"}],"version-history":[{"count":7,"href":"https:\/\/com-pac.ovh\/preprod1\/wp-json\/wp\/v2\/pages\/1366\/revisions"}],"predecessor-version":[{"id":1374,"href":"https:\/\/com-pac.ovh\/preprod1\/wp-json\/wp\/v2\/pages\/1366\/revisions\/1374"}],"wp:attachment":[{"href":"https:\/\/com-pac.ovh\/preprod1\/wp-json\/wp\/v2\/media?parent=1366"}],"curies":[{"name":"wp","href":"https:\/\/api.w.org\/{rel}","templated":true}]}}