{"id":781,"date":"2025-03-18T13:52:33","date_gmt":"2025-03-18T12:52:33","guid":{"rendered":"https:\/\/com-pac.ovh\/preprod1\/?page_id=781"},"modified":"2025-04-22T13:40:40","modified_gmt":"2025-04-22T11:40:40","slug":"verrieres","status":"publish","type":"page","link":"https:\/\/com-pac.ovh\/preprod1\/verrieres\/","title":{"rendered":"Verri\u00e8res"},"content":{"rendered":"\t\t<div data-elementor-type=\"wp-page\" data-elementor-id=\"781\" class=\"elementor elementor-781\" data-elementor-post-type=\"page\">\n\t\t\t\t<div class=\"elementor-element elementor-element-1107f1ba e-flex e-con-boxed e-con e-parent\" data-id=\"1107f1ba\" data-element_type=\"container\" data-settings=\"{&quot;background_background&quot;:&quot;classic&quot;}\">\n\t\t\t\t\t<div class=\"e-con-inner\">\n\t\t\t\t<div class=\"elementor-element elementor-element-752579ef elementor-widget elementor-widget-heading\" data-id=\"752579ef\" data-element_type=\"widget\" data-widget_type=\"heading.default\">\n\t\t\t\t<div class=\"elementor-widget-container\">\n\t\t\t\t\t<h1 class=\"elementor-heading-title elementor-size-default\">Verri\u00e8res<\/h1>\t\t\t\t<\/div>\n\t\t\t\t<\/div>\n\t\t\t\t<div class=\"elementor-element elementor-element-51c9cb74 elementor-align-left elementor-widget elementor-widget-breadcrumbs\" data-id=\"51c9cb74\" data-element_type=\"widget\" data-widget_type=\"breadcrumbs.default\">\n\t\t\t\t<div class=\"elementor-widget-container\">\n\t\t\t\t\t<p id=\"breadcrumbs\"><span><span><a href=\"https:\/\/com-pac.ovh\/preprod1\/\">Accueil<\/a><\/span><\/span><\/p>\t\t\t\t<\/div>\n\t\t\t\t<\/div>\n\t\t\t\t\t<\/div>\n\t\t\t\t<\/div>\n\t\t<div class=\"elementor-element elementor-element-13b45638 e-flex e-con-boxed e-con e-parent\" data-id=\"13b45638\" data-element_type=\"container\" data-settings=\"{&quot;background_background&quot;:&quot;classic&quot;}\">\n\t\t\t\t\t<div class=\"e-con-inner\">\n\t\t<div class=\"elementor-element elementor-element-14683c37 e-con-full e-flex e-con e-child\" data-id=\"14683c37\" data-element_type=\"container\">\n\t\t\t\t<div class=\"elementor-element elementor-element-4878ec38 elementor-widget elementor-widget-image\" data-id=\"4878ec38\" data-element_type=\"widget\" data-widget_type=\"image.default\">\n\t\t\t\t<div class=\"elementor-widget-container\">\n\t\t\t\t\t\t\t\t\t\t\t\t\t\t\t<img fetchpriority=\"high\" decoding=\"async\" width=\"585\" height=\"469\" src=\"https:\/\/com-pac.ovh\/preprod1\/wp-content\/uploads\/2025\/04\/VERRIERES_intro.png\" class=\"attachment-full size-full wp-image-2259\" alt=\"\" srcset=\"https:\/\/com-pac.ovh\/preprod1\/wp-content\/uploads\/2025\/04\/VERRIERES_intro.png 585w, https:\/\/com-pac.ovh\/preprod1\/wp-content\/uploads\/2025\/04\/VERRIERES_intro-300x241.png 300w\" sizes=\"(max-width: 585px) 100vw, 585px\" \/>\t\t\t\t\t\t\t\t\t\t\t\t\t\t\t<\/div>\n\t\t\t\t<\/div>\n\t\t\t\t<\/div>\n\t\t<div class=\"elementor-element elementor-element-55dadc98 e-con-full e-flex e-con e-child\" data-id=\"55dadc98\" data-element_type=\"container\">\n\t\t\t\t<div class=\"elementor-element elementor-element-5732149 elementor-widget elementor-widget-heading\" data-id=\"5732149\" data-element_type=\"widget\" data-widget_type=\"heading.default\">\n\t\t\t\t<div class=\"elementor-widget-container\">\n\t\t\t\t\t<h2 class=\"elementor-heading-title elementor-size-default\">L\u2019art de la verri\u00e8re sur mesure : <br\/>\u00e9l\u00e9gance et luminosit\u00e9<\/h2>\t\t\t\t<\/div>\n\t\t\t\t<\/div>\n\t\t\t\t<div class=\"elementor-element elementor-element-16140024 elementor-widget-divider--view-line elementor-widget elementor-widget-divider\" data-id=\"16140024\" data-element_type=\"widget\" data-widget_type=\"divider.default\">\n\t\t\t\t<div class=\"elementor-widget-container\">\n\t\t\t\t\t\t\t<div class=\"elementor-divider\">\n\t\t\t<span class=\"elementor-divider-separator\">\n\t\t\t\t\t\t<\/span>\n\t\t<\/div>\n\t\t\t\t\t\t<\/div>\n\t\t\t\t<\/div>\n\t\t\t\t<div class=\"elementor-element elementor-element-34278fe0 elementor-widget elementor-widget-text-editor\" data-id=\"34278fe0\" data-element_type=\"widget\" data-widget_type=\"text-editor.default\">\n\t\t\t\t<div class=\"elementor-widget-container\">\n\t\t\t\t\t\t\t\t\t<p>La verri\u00e8re est devenue un incontournable des int\u00e9rieurs modernes, que ce soit dans une habitation ou un espace professionnel. <br \/>Elle apporte une touche esth\u00e9tique unique, en s\u00e9parant les espaces tout en conservant une belle luminosit\u00e9 naturelle.<\/p><p>Chez All T\u00f4lerie, nous concevons et fabriquons des verri\u00e8res sur mesure en acier laqu\u00e9, adapt\u00e9es \u00e0 votre projet et \u00e0 l\u2019architecture de votre espace.<\/p>\t\t\t\t\t\t\t\t<\/div>\n\t\t\t\t<\/div>\n\t\t\t\t<\/div>\n\t\t\t\t\t<\/div>\n\t\t\t\t<\/div>\n\t\t<div class=\"elementor-element elementor-element-4f45ab02 e-con-full e-flex e-con e-parent\" data-id=\"4f45ab02\" data-element_type=\"container\" data-settings=\"{&quot;background_background&quot;:&quot;classic&quot;}\">\n\t\t<div class=\"elementor-element elementor-element-237b964c e-con-full e-flex e-con e-child\" data-id=\"237b964c\" data-element_type=\"container\">\n\t\t\t\t<div class=\"elementor-element elementor-element-771caa15 elementor-widget elementor-widget-heading\" data-id=\"771caa15\" data-element_type=\"widget\" data-widget_type=\"heading.default\">\n\t\t\t\t<div class=\"elementor-widget-container\">\n\t\t\t\t\t<h2 class=\"elementor-heading-title elementor-size-default\">Des verri\u00e8res adapt\u00e9es<br\/>\u00e0 tous vos besoins\n<\/h2>\t\t\t\t<\/div>\n\t\t\t\t<\/div>\n\t\t\t\t<div class=\"elementor-element elementor-element-8c6d252 elementor-icon-list--layout-traditional elementor-list-item-link-full_width elementor-widget elementor-widget-icon-list\" data-id=\"8c6d252\" data-element_type=\"widget\" data-widget_type=\"icon-list.default\">\n\t\t\t\t<div class=\"elementor-widget-container\">\n\t\t\t\t\t\t\t<ul class=\"elementor-icon-list-items\">\n\t\t\t\t\t\t\t<li class=\"elementor-icon-list-item\">\n\t\t\t\t\t\t\t\t\t\t\t<span class=\"elementor-icon-list-icon\">\n\t\t\t\t\t\t\t<svg aria-hidden=\"true\" class=\"e-font-icon-svg e-fas-check-circle\" viewBox=\"0 0 512 512\" xmlns=\"http:\/\/www.w3.org\/2000\/svg\"><path d=\"M504 256c0 136.967-111.033 248-248 248S8 392.967 8 256 119.033 8 256 8s248 111.033 248 248zM227.314 387.314l184-184c6.248-6.248 6.248-16.379 0-22.627l-22.627-22.627c-6.248-6.249-16.379-6.249-22.628 0L216 308.118l-70.059-70.059c-6.248-6.248-16.379-6.248-22.628 0l-22.627 22.627c-6.248 6.248-6.248 16.379 0 22.627l104 104c6.249 6.249 16.379 6.249 22.628.001z\"><\/path><\/svg>\t\t\t\t\t\t<\/span>\n\t\t\t\t\t\t\t\t\t\t<span class=\"elementor-icon-list-text\"><b>Verri\u00e8re d\u2019int\u00e9rieur : <\/b>Id\u00e9ale pour cr\u00e9er des s\u00e9parations sans cloisonner, tout en laissant circuler la lumi\u00e8re.<\/span>\n\t\t\t\t\t\t\t\t\t<\/li>\n\t\t\t\t\t\t\t\t<li class=\"elementor-icon-list-item\">\n\t\t\t\t\t\t\t\t\t\t\t<span class=\"elementor-icon-list-icon\">\n\t\t\t\t\t\t\t<svg aria-hidden=\"true\" class=\"e-font-icon-svg e-fas-check-circle\" viewBox=\"0 0 512 512\" xmlns=\"http:\/\/www.w3.org\/2000\/svg\"><path d=\"M504 256c0 136.967-111.033 248-248 248S8 392.967 8 256 119.033 8 256 8s248 111.033 248 248zM227.314 387.314l184-184c6.248-6.248 6.248-16.379 0-22.627l-22.627-22.627c-6.248-6.249-16.379-6.249-22.628 0L216 308.118l-70.059-70.059c-6.248-6.248-16.379-6.248-22.628 0l-22.627 22.627c-6.248 6.248-6.248 16.379 0 22.627l104 104c6.249 6.249 16.379 6.249 22.628.001z\"><\/path><\/svg>\t\t\t\t\t\t<\/span>\n\t\t\t\t\t\t\t\t\t\t<span class=\"elementor-icon-list-text\"> <b>Verri\u00e8re coulissante : <\/b>Pour optimiser un espace de fermeture restreint.<\/span>\n\t\t\t\t\t\t\t\t\t<\/li>\n\t\t\t\t\t\t\t\t<li class=\"elementor-icon-list-item\">\n\t\t\t\t\t\t\t\t\t\t\t<span class=\"elementor-icon-list-icon\">\n\t\t\t\t\t\t\t<svg aria-hidden=\"true\" class=\"e-font-icon-svg e-fas-check-circle\" viewBox=\"0 0 512 512\" xmlns=\"http:\/\/www.w3.org\/2000\/svg\"><path d=\"M504 256c0 136.967-111.033 248-248 248S8 392.967 8 256 119.033 8 256 8s248 111.033 248 248zM227.314 387.314l184-184c6.248-6.248 6.248-16.379 0-22.627l-22.627-22.627c-6.248-6.249-16.379-6.249-22.628 0L216 308.118l-70.059-70.059c-6.248-6.248-16.379-6.248-22.628 0l-22.627 22.627c-6.248 6.248-6.248 16.379 0 22.627l104 104c6.249 6.249 16.379 6.249 22.628.001z\"><\/path><\/svg>\t\t\t\t\t\t<\/span>\n\t\t\t\t\t\t\t\t\t\t<span class=\"elementor-icon-list-text\"><b>Cloisons vitr\u00e9es :<\/b> Modernes et \u00e9l\u00e9gantes, elles apportent un style industriel et raffin\u00e9 \u00e0 vos espaces.<\/span>\n\t\t\t\t\t\t\t\t\t<\/li>\n\t\t\t\t\t\t<\/ul>\n\t\t\t\t\t\t<\/div>\n\t\t\t\t<\/div>\n\t\t\t\t<div class=\"elementor-element elementor-element-728fff3 elementor-widget elementor-widget-text-editor\" data-id=\"728fff3\" data-element_type=\"widget\" data-widget_type=\"text-editor.default\">\n\t\t\t\t<div class=\"elementor-widget-container\">\n\t\t\t\t\t\t\t\t\t<p>La verri\u00e8re est une solution aussi pratique qu\u2019esth\u00e9tique, qui s\u2019int\u00e8gre parfaitement dans toutes les pi\u00e8ces : salon, cuisine, bureau, chambre ou salle de bain.<\/p>\t\t\t\t\t\t\t\t<\/div>\n\t\t\t\t<\/div>\n\t\t\t\t<\/div>\n\t\t<div class=\"elementor-element elementor-element-666068b e-con-full e-flex e-con e-child\" data-id=\"666068b\" data-element_type=\"container\" data-settings=\"{&quot;background_background&quot;:&quot;classic&quot;}\">\n\t\t\t\t<\/div>\n\t\t\t\t<\/div>\n\t\t<div class=\"elementor-element elementor-element-7c7ac8d e-con-full e-flex e-con e-parent\" data-id=\"7c7ac8d\" data-element_type=\"container\">\n\t\t<div class=\"elementor-element elementor-element-76026ee6 e-con-full e-flex e-con e-child\" data-id=\"76026ee6\" data-element_type=\"container\">\n\t\t<div class=\"elementor-element elementor-element-197d59fc e-con-full e-flex e-con e-child\" data-id=\"197d59fc\" data-element_type=\"container\" data-settings=\"{&quot;background_background&quot;:&quot;classic&quot;}\">\n\t\t\t\t<\/div>\n\t\t<div class=\"elementor-element elementor-element-44be7579 e-con-full e-flex e-con e-child\" data-id=\"44be7579\" data-element_type=\"container\" data-settings=\"{&quot;background_background&quot;:&quot;classic&quot;}\">\n\t\t\t\t<div class=\"elementor-element elementor-element-5ceeccf9 elementor-hidden-laptop elementor-hidden-tablet elementor-hidden-mobile elementor-widget elementor-widget-image\" data-id=\"5ceeccf9\" data-element_type=\"widget\" data-widget_type=\"image.default\">\n\t\t\t\t<div class=\"elementor-widget-container\">\n\t\t\t\t\t\t\t\t\t\t\t\t\t\t\t<img decoding=\"async\" width=\"57\" height=\"49\" src=\"https:\/\/com-pac.ovh\/preprod1\/wp-content\/uploads\/2025\/03\/TRIANGLE.jpg\" class=\"attachment-large size-large wp-image-231\" alt=\"\" \/>\t\t\t\t\t\t\t\t\t\t\t\t\t\t\t<\/div>\n\t\t\t\t<\/div>\n\t\t<div class=\"elementor-element elementor-element-5af8870d e-con-full e-flex e-con e-child\" data-id=\"5af8870d\" data-element_type=\"container\" data-settings=\"{&quot;background_background&quot;:&quot;classic&quot;}\">\n\t\t\t\t<div class=\"elementor-element elementor-element-1cdd4a03 elementor-widget elementor-widget-heading\" data-id=\"1cdd4a03\" data-element_type=\"widget\" data-widget_type=\"heading.default\">\n\t\t\t\t<div class=\"elementor-widget-container\">\n\t\t\t\t\t<h2 class=\"elementor-heading-title elementor-size-default\">Un savoir-faire qui fait la diff\u00e9rence<\/h2>\t\t\t\t<\/div>\n\t\t\t\t<\/div>\n\t\t\t\t<div class=\"elementor-element elementor-element-f4072a3 elementor-icon-list--layout-traditional elementor-list-item-link-full_width elementor-widget elementor-widget-icon-list\" data-id=\"f4072a3\" data-element_type=\"widget\" data-widget_type=\"icon-list.default\">\n\t\t\t\t<div class=\"elementor-widget-container\">\n\t\t\t\t\t\t\t<ul class=\"elementor-icon-list-items\">\n\t\t\t\t\t\t\t<li class=\"elementor-icon-list-item\">\n\t\t\t\t\t\t\t\t\t\t\t<span class=\"elementor-icon-list-icon\">\n\t\t\t\t\t\t\t<svg aria-hidden=\"true\" class=\"e-font-icon-svg e-fas-check-circle\" viewBox=\"0 0 512 512\" xmlns=\"http:\/\/www.w3.org\/2000\/svg\"><path d=\"M504 256c0 136.967-111.033 248-248 248S8 392.967 8 256 119.033 8 256 8s248 111.033 248 248zM227.314 387.314l184-184c6.248-6.248 6.248-16.379 0-22.627l-22.627-22.627c-6.248-6.249-16.379-6.249-22.628 0L216 308.118l-70.059-70.059c-6.248-6.248-16.379-6.248-22.628 0l-22.627 22.627c-6.248 6.248-6.248 16.379 0 22.627l104 104c6.249 6.249 16.379 6.249 22.628.001z\"><\/path><\/svg>\t\t\t\t\t\t<\/span>\n\t\t\t\t\t\t\t\t\t\t<span class=\"elementor-icon-list-text\">Fabrication sur mesure, adapt\u00e9e \u00e0 vos envies et \u00e0 votre int\u00e9rieur.<\/span>\n\t\t\t\t\t\t\t\t\t<\/li>\n\t\t\t\t\t\t\t\t<li class=\"elementor-icon-list-item\">\n\t\t\t\t\t\t\t\t\t\t\t<span class=\"elementor-icon-list-icon\">\n\t\t\t\t\t\t\t<svg aria-hidden=\"true\" class=\"e-font-icon-svg e-fas-check-circle\" viewBox=\"0 0 512 512\" xmlns=\"http:\/\/www.w3.org\/2000\/svg\"><path d=\"M504 256c0 136.967-111.033 248-248 248S8 392.967 8 256 119.033 8 256 8s248 111.033 248 248zM227.314 387.314l184-184c6.248-6.248 6.248-16.379 0-22.627l-22.627-22.627c-6.248-6.249-16.379-6.249-22.628 0L216 308.118l-70.059-70.059c-6.248-6.248-16.379-6.248-22.628 0l-22.627 22.627c-6.248 6.248-6.248 16.379 0 22.627l104 104c6.249 6.249 16.379 6.249 22.628.001z\"><\/path><\/svg>\t\t\t\t\t\t<\/span>\n\t\t\t\t\t\t\t\t\t\t<span class=\"elementor-icon-list-text\">Mat\u00e9riaux de qualit\u00e9 : acier avec finition thermolaqu\u00e9e.<\/span>\n\t\t\t\t\t\t\t\t\t<\/li>\n\t\t\t\t\t\t\t\t<li class=\"elementor-icon-list-item\">\n\t\t\t\t\t\t\t\t\t\t\t<span class=\"elementor-icon-list-icon\">\n\t\t\t\t\t\t\t<svg aria-hidden=\"true\" class=\"e-font-icon-svg e-fas-check-circle\" viewBox=\"0 0 512 512\" xmlns=\"http:\/\/www.w3.org\/2000\/svg\"><path d=\"M504 256c0 136.967-111.033 248-248 248S8 392.967 8 256 119.033 8 256 8s248 111.033 248 248zM227.314 387.314l184-184c6.248-6.248 6.248-16.379 0-22.627l-22.627-22.627c-6.248-6.249-16.379-6.249-22.628 0L216 308.118l-70.059-70.059c-6.248-6.248-16.379-6.248-22.628 0l-22.627 22.627c-6.248 6.248-6.248 16.379 0 22.627l104 104c6.249 6.249 16.379 6.249 22.628.001z\"><\/path><\/svg>\t\t\t\t\t\t<\/span>\n\t\t\t\t\t\t\t\t\t\t<span class=\"elementor-icon-list-text\">Finitions soign\u00e9es pour une installation \u00e9l\u00e9gante et durable.<\/span>\n\t\t\t\t\t\t\t\t\t<\/li>\n\t\t\t\t\t\t<\/ul>\n\t\t\t\t\t\t<\/div>\n\t\t\t\t<\/div>\n\t\t\t\t<div class=\"elementor-element elementor-element-750f5e1b elementor-widget elementor-widget-text-editor\" data-id=\"750f5e1b\" data-element_type=\"widget\" data-widget_type=\"text-editor.default\">\n\t\t\t\t<div class=\"elementor-widget-container\">\n\t\t\t\t\t\t\t\t\t<p>Avec All T\u00f4lerie, choisissez une verri\u00e8re sur mesure, pens\u00e9e pour subtiliser les volumes, structurer les espaces et maximiser la lumi\u00e8re.<\/p><p>Contactez-nous pour concr\u00e9tiser votre projet et apporter une touche d\u2019\u00e9l\u00e9gance et de modernit\u00e9 \u00e0 votre int\u00e9rieur !<\/p>\t\t\t\t\t\t\t\t<\/div>\n\t\t\t\t<\/div>\n\t\t\t\t<\/div>\n\t\t\t\t<\/div>\n\t\t\t\t<\/div>\n\t\t\t\t<\/div>\n\t\t\t\t<\/div>\n\t\t","protected":false},"excerpt":{"rendered":"<p>Verri\u00e8res L\u2019art de la verri\u00e8re sur mesure : \u00e9l\u00e9gance et luminosit\u00e9 La verri\u00e8re est devenue un incontournable des int\u00e9rieurs modernes, que ce soit dans une habitation ou un espace professionnel. Elle apporte une touche esth\u00e9tique unique, en s\u00e9parant les espaces tout en conservant une belle luminosit\u00e9 naturelle. Chez All T\u00f4lerie, nous concevons et fabriquons des [&hellip;]<\/p>\n","protected":false},"author":1,"featured_media":0,"parent":0,"menu_order":0,"comment_status":"closed","ping_status":"closed","template":"elementor_header_footer","meta":{"_acf_changed":false,"footnotes":""},"class_list":["post-781","page","type-page","status-publish","hentry"],"acf":[],"yoast_head":"<!-- This site is optimized with the Yoast SEO plugin v24.9 - https:\/\/yoast.com\/wordpress\/plugins\/seo\/ -->\n<title>Verri\u00e8res M\u00e9talliques sur Mesure - Design et Luminosit\u00e9 | All T\u00f4lerie<\/title>\n<meta name=\"description\" content=\"Apportez du cachet et de la lumi\u00e8re \u00e0 vos espaces avec nos verri\u00e8res sur mesure en acier ou inox. Qualit\u00e9 artisanale et finitions personnalis\u00e9es.\" \/>\n<meta name=\"robots\" content=\"noindex, follow, max-snippet:-1, max-image-preview:large, max-video-preview:-1\" \/>\n<meta property=\"og:locale\" content=\"fr_FR\" \/>\n<meta property=\"og:type\" content=\"article\" \/>\n<meta property=\"og:title\" content=\"Verri\u00e8res M\u00e9talliques sur Mesure - Design et Luminosit\u00e9 | All T\u00f4lerie\" \/>\n<meta property=\"og:description\" content=\"Apportez du cachet et de la lumi\u00e8re \u00e0 vos espaces avec nos verri\u00e8res sur mesure en acier ou inox. Qualit\u00e9 artisanale et finitions personnalis\u00e9es.\" \/>\n<meta property=\"og:url\" content=\"https:\/\/com-pac.ovh\/preprod1\/verrieres\/\" \/>\n<meta property=\"og:site_name\" content=\"ALL TOLERIE\" \/>\n<meta property=\"article:publisher\" content=\"https:\/\/www.facebook.com\/ALLTOLERIE\" \/>\n<meta property=\"article:modified_time\" content=\"2025-04-22T11:40:40+00:00\" \/>\n<meta property=\"og:image\" content=\"https:\/\/com-pac.ovh\/preprod1\/wp-content\/uploads\/2025\/04\/VERRIERES_intro.png\" \/>\n\t<meta property=\"og:image:width\" content=\"585\" \/>\n\t<meta property=\"og:image:height\" content=\"469\" \/>\n\t<meta property=\"og:image:type\" content=\"image\/png\" \/>\n<meta name=\"twitter:card\" content=\"summary_large_image\" \/>\n<meta name=\"twitter:label1\" content=\"Dur\u00e9e de lecture estim\u00e9e\" \/>\n\t<meta name=\"twitter:data1\" content=\"2 minutes\" \/>\n<script type=\"application\/ld+json\" class=\"yoast-schema-graph\">{\"@context\":\"https:\/\/schema.org\",\"@graph\":[{\"@type\":\"WebPage\",\"@id\":\"https:\/\/com-pac.ovh\/preprod1\/verrieres\/\",\"url\":\"https:\/\/com-pac.ovh\/preprod1\/verrieres\/\",\"name\":\"Verri\u00e8res M\u00e9talliques sur Mesure - Design et Luminosit\u00e9 | All T\u00f4lerie\",\"isPartOf\":{\"@id\":\"https:\/\/com-pac.ovh\/preprod1\/#website\"},\"primaryImageOfPage\":{\"@id\":\"https:\/\/com-pac.ovh\/preprod1\/verrieres\/#primaryimage\"},\"image\":{\"@id\":\"https:\/\/com-pac.ovh\/preprod1\/verrieres\/#primaryimage\"},\"thumbnailUrl\":\"https:\/\/com-pac.ovh\/preprod1\/wp-content\/uploads\/2025\/04\/VERRIERES_intro.png\",\"datePublished\":\"2025-03-18T12:52:33+00:00\",\"dateModified\":\"2025-04-22T11:40:40+00:00\",\"description\":\"Apportez du cachet et de la lumi\u00e8re \u00e0 vos espaces avec nos verri\u00e8res sur mesure en acier ou inox. Qualit\u00e9 artisanale et finitions personnalis\u00e9es.\",\"breadcrumb\":{\"@id\":\"https:\/\/com-pac.ovh\/preprod1\/verrieres\/#breadcrumb\"},\"inLanguage\":\"fr-FR\",\"potentialAction\":[{\"@type\":\"ReadAction\",\"target\":[\"https:\/\/com-pac.ovh\/preprod1\/verrieres\/\"]}]},{\"@type\":\"ImageObject\",\"inLanguage\":\"fr-FR\",\"@id\":\"https:\/\/com-pac.ovh\/preprod1\/verrieres\/#primaryimage\",\"url\":\"https:\/\/com-pac.ovh\/preprod1\/wp-content\/uploads\/2025\/04\/VERRIERES_intro.png\",\"contentUrl\":\"https:\/\/com-pac.ovh\/preprod1\/wp-content\/uploads\/2025\/04\/VERRIERES_intro.png\",\"width\":585,\"height\":469},{\"@type\":\"BreadcrumbList\",\"@id\":\"https:\/\/com-pac.ovh\/preprod1\/verrieres\/#breadcrumb\",\"itemListElement\":[{\"@type\":\"ListItem\",\"position\":1,\"name\":\"Accueil\",\"item\":\"https:\/\/com-pac.ovh\/preprod1\/\"},{\"@type\":\"ListItem\",\"position\":2,\"name\":\"Verri\u00e8res\"}]},{\"@type\":\"WebSite\",\"@id\":\"https:\/\/com-pac.ovh\/preprod1\/#website\",\"url\":\"https:\/\/com-pac.ovh\/preprod1\/\",\"name\":\"ALL TOLERIE\",\"description\":\"\",\"publisher\":{\"@id\":\"https:\/\/com-pac.ovh\/preprod1\/#organization\"},\"potentialAction\":[{\"@type\":\"SearchAction\",\"target\":{\"@type\":\"EntryPoint\",\"urlTemplate\":\"https:\/\/com-pac.ovh\/preprod1\/?s={search_term_string}\"},\"query-input\":{\"@type\":\"PropertyValueSpecification\",\"valueRequired\":true,\"valueName\":\"search_term_string\"}}],\"inLanguage\":\"fr-FR\"},{\"@type\":\"Organization\",\"@id\":\"https:\/\/com-pac.ovh\/preprod1\/#organization\",\"name\":\"ALL TOLERIE\",\"url\":\"https:\/\/com-pac.ovh\/preprod1\/\",\"logo\":{\"@type\":\"ImageObject\",\"inLanguage\":\"fr-FR\",\"@id\":\"https:\/\/com-pac.ovh\/preprod1\/#\/schema\/logo\/image\/\",\"url\":\"https:\/\/com-pac.ovh\/preprod1\/wp-content\/uploads\/2025\/03\/LOGO-ALL-TOLERIE.jpg\",\"contentUrl\":\"https:\/\/com-pac.ovh\/preprod1\/wp-content\/uploads\/2025\/03\/LOGO-ALL-TOLERIE.jpg\",\"width\":261,\"height\":55,\"caption\":\"ALL TOLERIE\"},\"image\":{\"@id\":\"https:\/\/com-pac.ovh\/preprod1\/#\/schema\/logo\/image\/\"},\"sameAs\":[\"https:\/\/www.facebook.com\/ALLTOLERIE\",\"https:\/\/www.instagram.com\/alltolerie\/\",\"https:\/\/www.youtube.com\/@alltoleriealltolerie7438\"]}]}<\/script>\n<!-- \/ Yoast SEO plugin. -->","yoast_head_json":{"title":"Verri\u00e8res M\u00e9talliques sur Mesure - Design et Luminosit\u00e9 | All T\u00f4lerie","description":"Apportez du cachet et de la lumi\u00e8re \u00e0 vos espaces avec nos verri\u00e8res sur mesure en acier ou inox. Qualit\u00e9 artisanale et finitions personnalis\u00e9es.","robots":{"index":"noindex","follow":"follow","max-snippet":"max-snippet:-1","max-image-preview":"max-image-preview:large","max-video-preview":"max-video-preview:-1"},"og_locale":"fr_FR","og_type":"article","og_title":"Verri\u00e8res M\u00e9talliques sur Mesure - Design et Luminosit\u00e9 | All T\u00f4lerie","og_description":"Apportez du cachet et de la lumi\u00e8re \u00e0 vos espaces avec nos verri\u00e8res sur mesure en acier ou inox. Qualit\u00e9 artisanale et finitions personnalis\u00e9es.","og_url":"https:\/\/com-pac.ovh\/preprod1\/verrieres\/","og_site_name":"ALL TOLERIE","article_publisher":"https:\/\/www.facebook.com\/ALLTOLERIE","article_modified_time":"2025-04-22T11:40:40+00:00","og_image":[{"width":585,"height":469,"url":"https:\/\/com-pac.ovh\/preprod1\/wp-content\/uploads\/2025\/04\/VERRIERES_intro.png","type":"image\/png"}],"twitter_card":"summary_large_image","twitter_misc":{"Dur\u00e9e de lecture estim\u00e9e":"2 minutes"},"schema":{"@context":"https:\/\/schema.org","@graph":[{"@type":"WebPage","@id":"https:\/\/com-pac.ovh\/preprod1\/verrieres\/","url":"https:\/\/com-pac.ovh\/preprod1\/verrieres\/","name":"Verri\u00e8res M\u00e9talliques sur Mesure - Design et Luminosit\u00e9 | All T\u00f4lerie","isPartOf":{"@id":"https:\/\/com-pac.ovh\/preprod1\/#website"},"primaryImageOfPage":{"@id":"https:\/\/com-pac.ovh\/preprod1\/verrieres\/#primaryimage"},"image":{"@id":"https:\/\/com-pac.ovh\/preprod1\/verrieres\/#primaryimage"},"thumbnailUrl":"https:\/\/com-pac.ovh\/preprod1\/wp-content\/uploads\/2025\/04\/VERRIERES_intro.png","datePublished":"2025-03-18T12:52:33+00:00","dateModified":"2025-04-22T11:40:40+00:00","description":"Apportez du cachet et de la lumi\u00e8re \u00e0 vos espaces avec nos verri\u00e8res sur mesure en acier ou inox. Qualit\u00e9 artisanale et finitions personnalis\u00e9es.","breadcrumb":{"@id":"https:\/\/com-pac.ovh\/preprod1\/verrieres\/#breadcrumb"},"inLanguage":"fr-FR","potentialAction":[{"@type":"ReadAction","target":["https:\/\/com-pac.ovh\/preprod1\/verrieres\/"]}]},{"@type":"ImageObject","inLanguage":"fr-FR","@id":"https:\/\/com-pac.ovh\/preprod1\/verrieres\/#primaryimage","url":"https:\/\/com-pac.ovh\/preprod1\/wp-content\/uploads\/2025\/04\/VERRIERES_intro.png","contentUrl":"https:\/\/com-pac.ovh\/preprod1\/wp-content\/uploads\/2025\/04\/VERRIERES_intro.png","width":585,"height":469},{"@type":"BreadcrumbList","@id":"https:\/\/com-pac.ovh\/preprod1\/verrieres\/#breadcrumb","itemListElement":[{"@type":"ListItem","position":1,"name":"Accueil","item":"https:\/\/com-pac.ovh\/preprod1\/"},{"@type":"ListItem","position":2,"name":"Verri\u00e8res"}]},{"@type":"WebSite","@id":"https:\/\/com-pac.ovh\/preprod1\/#website","url":"https:\/\/com-pac.ovh\/preprod1\/","name":"ALL TOLERIE","description":"","publisher":{"@id":"https:\/\/com-pac.ovh\/preprod1\/#organization"},"potentialAction":[{"@type":"SearchAction","target":{"@type":"EntryPoint","urlTemplate":"https:\/\/com-pac.ovh\/preprod1\/?s={search_term_string}"},"query-input":{"@type":"PropertyValueSpecification","valueRequired":true,"valueName":"search_term_string"}}],"inLanguage":"fr-FR"},{"@type":"Organization","@id":"https:\/\/com-pac.ovh\/preprod1\/#organization","name":"ALL TOLERIE","url":"https:\/\/com-pac.ovh\/preprod1\/","logo":{"@type":"ImageObject","inLanguage":"fr-FR","@id":"https:\/\/com-pac.ovh\/preprod1\/#\/schema\/logo\/image\/","url":"https:\/\/com-pac.ovh\/preprod1\/wp-content\/uploads\/2025\/03\/LOGO-ALL-TOLERIE.jpg","contentUrl":"https:\/\/com-pac.ovh\/preprod1\/wp-content\/uploads\/2025\/03\/LOGO-ALL-TOLERIE.jpg","width":261,"height":55,"caption":"ALL TOLERIE"},"image":{"@id":"https:\/\/com-pac.ovh\/preprod1\/#\/schema\/logo\/image\/"},"sameAs":["https:\/\/www.facebook.com\/ALLTOLERIE","https:\/\/www.instagram.com\/alltolerie\/","https:\/\/www.youtube.com\/@alltoleriealltolerie7438"]}]}},"_links":{"self":[{"href":"https:\/\/com-pac.ovh\/preprod1\/wp-json\/wp\/v2\/pages\/781","targetHints":{"allow":["GET"]}}],"collection":[{"href":"https:\/\/com-pac.ovh\/preprod1\/wp-json\/wp\/v2\/pages"}],"about":[{"href":"https:\/\/com-pac.ovh\/preprod1\/wp-json\/wp\/v2\/types\/page"}],"author":[{"embeddable":true,"href":"https:\/\/com-pac.ovh\/preprod1\/wp-json\/wp\/v2\/users\/1"}],"replies":[{"embeddable":true,"href":"https:\/\/com-pac.ovh\/preprod1\/wp-json\/wp\/v2\/comments?post=781"}],"version-history":[{"count":26,"href":"https:\/\/com-pac.ovh\/preprod1\/wp-json\/wp\/v2\/pages\/781\/revisions"}],"predecessor-version":[{"id":2435,"href":"https:\/\/com-pac.ovh\/preprod1\/wp-json\/wp\/v2\/pages\/781\/revisions\/2435"}],"wp:attachment":[{"href":"https:\/\/com-pac.ovh\/preprod1\/wp-json\/wp\/v2\/media?parent=781"}],"curies":[{"name":"wp","href":"https:\/\/api.w.org\/{rel}","templated":true}]}}