{"id":1439,"date":"2024-03-27T09:52:46","date_gmt":"2024-03-27T08:52:46","guid":{"rendered":"https:\/\/com-pac.ovh\/preprod1\/?post_type=product&#038;p=1439"},"modified":"2025-05-05T12:41:16","modified_gmt":"2025-05-05T10:41:16","slug":"la-double-lavezzi","status":"publish","type":"product","link":"https:\/\/com-pac.ovh\/preprod1\/portes-blindees-et-tolees\/la-double-lavezzi\/","title":{"rendered":"LA DOUBLE LAVEZZI"},"content":{"rendered":"","protected":false},"excerpt":{"rendered":"","protected":false},"featured_media":1442,"template":"","meta":{"_acf_changed":false},"product_brand":[],"product_cat":[39],"product_tag":[],"class_list":{"0":"post-1439","1":"product","2":"type-product","3":"status-publish","4":"has-post-thumbnail","6":"product_cat-non-classe","8":"first","9":"instock","10":"shipping-taxable","11":"product-type-simple"},"acf":[],"yoast_head":"<!-- This site is optimized with the Yoast SEO plugin v24.9 - https:\/\/yoast.com\/wordpress\/plugins\/seo\/ -->\n<title>Porte blind\u00e9e &amp; t\u00f4l\u00e9es LA DOUBLE LAVEZZI - ALL TOLERIE<\/title>\n<meta name=\"description\" content=\"D\u00e9couvrez la description compl\u00e8te de notre porte blind\u00e9e et t\u00f4l\u00e9es LA DOUBLE LAVEZZI\" \/>\n<meta name=\"robots\" content=\"noindex, follow, max-snippet:-1, max-image-preview:large, max-video-preview:-1\" \/>\n<meta property=\"og:locale\" content=\"fr_FR\" \/>\n<meta property=\"og:type\" content=\"article\" \/>\n<meta property=\"og:title\" content=\"Porte blind\u00e9e &amp; t\u00f4l\u00e9es LA DOUBLE LAVEZZI - ALL TOLERIE\" \/>\n<meta property=\"og:description\" content=\"D\u00e9couvrez la description compl\u00e8te de notre porte blind\u00e9e et t\u00f4l\u00e9es LA DOUBLE LAVEZZI\" \/>\n<meta property=\"og:url\" content=\"https:\/\/com-pac.ovh\/preprod1\/portes-blindees-et-tolees\/la-double-lavezzi\/\" \/>\n<meta property=\"og:site_name\" content=\"ALL TOLERIE\" \/>\n<meta property=\"article:publisher\" content=\"https:\/\/www.facebook.com\/ALLTOLERIE\" \/>\n<meta property=\"article:modified_time\" content=\"2025-05-05T10:41:16+00:00\" \/>\n<meta property=\"og:image\" content=\"https:\/\/com-pac.ovh\/preprod1\/wp-content\/uploads\/2025\/03\/LA-DOUBLE-LAVEZZI-1-e1743065793488.jpg\" \/>\n\t<meta property=\"og:image:width\" content=\"524\" \/>\n\t<meta property=\"og:image:height\" content=\"864\" \/>\n\t<meta property=\"og:image:type\" content=\"image\/jpeg\" \/>\n<meta name=\"twitter:card\" content=\"summary_large_image\" \/>\n<meta name=\"twitter:label1\" content=\"Dur\u00e9e de lecture estim\u00e9e\" \/>\n\t<meta name=\"twitter:data1\" content=\"1 minute\" \/>\n<script type=\"application\/ld+json\" class=\"yoast-schema-graph\">{\"@context\":\"https:\/\/schema.org\",\"@graph\":[{\"@type\":\"WebPage\",\"@id\":\"https:\/\/com-pac.ovh\/preprod1\/portes-blindees-et-tolees\/la-double-lavezzi\/\",\"url\":\"https:\/\/com-pac.ovh\/preprod1\/portes-blindees-et-tolees\/la-double-lavezzi\/\",\"name\":\"Porte blind\u00e9e & t\u00f4l\u00e9es LA DOUBLE LAVEZZI - ALL TOLERIE\",\"isPartOf\":{\"@id\":\"https:\/\/com-pac.ovh\/preprod1\/#website\"},\"primaryImageOfPage\":{\"@id\":\"https:\/\/com-pac.ovh\/preprod1\/portes-blindees-et-tolees\/la-double-lavezzi\/#primaryimage\"},\"image\":{\"@id\":\"https:\/\/com-pac.ovh\/preprod1\/portes-blindees-et-tolees\/la-double-lavezzi\/#primaryimage\"},\"thumbnailUrl\":\"https:\/\/com-pac.ovh\/preprod1\/wp-content\/uploads\/2025\/03\/LA-DOUBLE-LAVEZZI-1-e1743065793488.jpg\",\"datePublished\":\"2024-03-27T08:52:46+00:00\",\"dateModified\":\"2025-05-05T10:41:16+00:00\",\"description\":\"D\u00e9couvrez la description compl\u00e8te de notre porte blind\u00e9e et t\u00f4l\u00e9es LA DOUBLE LAVEZZI\",\"breadcrumb\":{\"@id\":\"https:\/\/com-pac.ovh\/preprod1\/portes-blindees-et-tolees\/la-double-lavezzi\/#breadcrumb\"},\"inLanguage\":\"fr-FR\",\"potentialAction\":[{\"@type\":\"ReadAction\",\"target\":[\"https:\/\/com-pac.ovh\/preprod1\/portes-blindees-et-tolees\/la-double-lavezzi\/\"]}]},{\"@type\":\"ImageObject\",\"inLanguage\":\"fr-FR\",\"@id\":\"https:\/\/com-pac.ovh\/preprod1\/portes-blindees-et-tolees\/la-double-lavezzi\/#primaryimage\",\"url\":\"https:\/\/com-pac.ovh\/preprod1\/wp-content\/uploads\/2025\/03\/LA-DOUBLE-LAVEZZI-1-e1743065793488.jpg\",\"contentUrl\":\"https:\/\/com-pac.ovh\/preprod1\/wp-content\/uploads\/2025\/03\/LA-DOUBLE-LAVEZZI-1-e1743065793488.jpg\",\"width\":524,\"height\":864},{\"@type\":\"BreadcrumbList\",\"@id\":\"https:\/\/com-pac.ovh\/preprod1\/portes-blindees-et-tolees\/la-double-lavezzi\/#breadcrumb\",\"itemListElement\":[{\"@type\":\"ListItem\",\"position\":1,\"name\":\"Accueil\",\"item\":\"https:\/\/com-pac.ovh\/preprod1\/\"},{\"@type\":\"ListItem\",\"position\":2,\"name\":\"Portes blind\u00e9es et t\u00f4l\u00e9es\",\"item\":\"https:\/\/com-pac.ovh\/preprod1\/portes-blindees-et-tolees\"},{\"@type\":\"ListItem\",\"position\":3,\"name\":\"LA DOUBLE LAVEZZI\"}]},{\"@type\":\"WebSite\",\"@id\":\"https:\/\/com-pac.ovh\/preprod1\/#website\",\"url\":\"https:\/\/com-pac.ovh\/preprod1\/\",\"name\":\"ALL TOLERIE\",\"description\":\"\",\"publisher\":{\"@id\":\"https:\/\/com-pac.ovh\/preprod1\/#organization\"},\"potentialAction\":[{\"@type\":\"SearchAction\",\"target\":{\"@type\":\"EntryPoint\",\"urlTemplate\":\"https:\/\/com-pac.ovh\/preprod1\/?s={search_term_string}\"},\"query-input\":{\"@type\":\"PropertyValueSpecification\",\"valueRequired\":true,\"valueName\":\"search_term_string\"}}],\"inLanguage\":\"fr-FR\"},{\"@type\":\"Organization\",\"@id\":\"https:\/\/com-pac.ovh\/preprod1\/#organization\",\"name\":\"ALL TOLERIE\",\"url\":\"https:\/\/com-pac.ovh\/preprod1\/\",\"logo\":{\"@type\":\"ImageObject\",\"inLanguage\":\"fr-FR\",\"@id\":\"https:\/\/com-pac.ovh\/preprod1\/#\/schema\/logo\/image\/\",\"url\":\"https:\/\/com-pac.ovh\/preprod1\/wp-content\/uploads\/2025\/03\/LOGO-ALL-TOLERIE.jpg\",\"contentUrl\":\"https:\/\/com-pac.ovh\/preprod1\/wp-content\/uploads\/2025\/03\/LOGO-ALL-TOLERIE.jpg\",\"width\":261,\"height\":55,\"caption\":\"ALL TOLERIE\"},\"image\":{\"@id\":\"https:\/\/com-pac.ovh\/preprod1\/#\/schema\/logo\/image\/\"},\"sameAs\":[\"https:\/\/www.facebook.com\/ALLTOLERIE\",\"https:\/\/www.instagram.com\/alltolerie\/\",\"https:\/\/www.youtube.com\/@alltoleriealltolerie7438\"]}]}<\/script>\n<!-- \/ Yoast SEO plugin. -->","yoast_head_json":{"title":"Porte blind\u00e9e & t\u00f4l\u00e9es LA DOUBLE LAVEZZI - ALL TOLERIE","description":"D\u00e9couvrez la description compl\u00e8te de notre porte blind\u00e9e et t\u00f4l\u00e9es LA DOUBLE LAVEZZI","robots":{"index":"noindex","follow":"follow","max-snippet":"max-snippet:-1","max-image-preview":"max-image-preview:large","max-video-preview":"max-video-preview:-1"},"og_locale":"fr_FR","og_type":"article","og_title":"Porte blind\u00e9e & t\u00f4l\u00e9es LA DOUBLE LAVEZZI - ALL TOLERIE","og_description":"D\u00e9couvrez la description compl\u00e8te de notre porte blind\u00e9e et t\u00f4l\u00e9es LA DOUBLE LAVEZZI","og_url":"https:\/\/com-pac.ovh\/preprod1\/portes-blindees-et-tolees\/la-double-lavezzi\/","og_site_name":"ALL TOLERIE","article_publisher":"https:\/\/www.facebook.com\/ALLTOLERIE","article_modified_time":"2025-05-05T10:41:16+00:00","og_image":[{"width":524,"height":864,"url":"https:\/\/com-pac.ovh\/preprod1\/wp-content\/uploads\/2025\/03\/LA-DOUBLE-LAVEZZI-1-e1743065793488.jpg","type":"image\/jpeg"}],"twitter_card":"summary_large_image","twitter_misc":{"Dur\u00e9e de lecture estim\u00e9e":"1 minute"},"schema":{"@context":"https:\/\/schema.org","@graph":[{"@type":"WebPage","@id":"https:\/\/com-pac.ovh\/preprod1\/portes-blindees-et-tolees\/la-double-lavezzi\/","url":"https:\/\/com-pac.ovh\/preprod1\/portes-blindees-et-tolees\/la-double-lavezzi\/","name":"Porte blind\u00e9e & t\u00f4l\u00e9es LA DOUBLE LAVEZZI - ALL TOLERIE","isPartOf":{"@id":"https:\/\/com-pac.ovh\/preprod1\/#website"},"primaryImageOfPage":{"@id":"https:\/\/com-pac.ovh\/preprod1\/portes-blindees-et-tolees\/la-double-lavezzi\/#primaryimage"},"image":{"@id":"https:\/\/com-pac.ovh\/preprod1\/portes-blindees-et-tolees\/la-double-lavezzi\/#primaryimage"},"thumbnailUrl":"https:\/\/com-pac.ovh\/preprod1\/wp-content\/uploads\/2025\/03\/LA-DOUBLE-LAVEZZI-1-e1743065793488.jpg","datePublished":"2024-03-27T08:52:46+00:00","dateModified":"2025-05-05T10:41:16+00:00","description":"D\u00e9couvrez la description compl\u00e8te de notre porte blind\u00e9e et t\u00f4l\u00e9es LA DOUBLE LAVEZZI","breadcrumb":{"@id":"https:\/\/com-pac.ovh\/preprod1\/portes-blindees-et-tolees\/la-double-lavezzi\/#breadcrumb"},"inLanguage":"fr-FR","potentialAction":[{"@type":"ReadAction","target":["https:\/\/com-pac.ovh\/preprod1\/portes-blindees-et-tolees\/la-double-lavezzi\/"]}]},{"@type":"ImageObject","inLanguage":"fr-FR","@id":"https:\/\/com-pac.ovh\/preprod1\/portes-blindees-et-tolees\/la-double-lavezzi\/#primaryimage","url":"https:\/\/com-pac.ovh\/preprod1\/wp-content\/uploads\/2025\/03\/LA-DOUBLE-LAVEZZI-1-e1743065793488.jpg","contentUrl":"https:\/\/com-pac.ovh\/preprod1\/wp-content\/uploads\/2025\/03\/LA-DOUBLE-LAVEZZI-1-e1743065793488.jpg","width":524,"height":864},{"@type":"BreadcrumbList","@id":"https:\/\/com-pac.ovh\/preprod1\/portes-blindees-et-tolees\/la-double-lavezzi\/#breadcrumb","itemListElement":[{"@type":"ListItem","position":1,"name":"Accueil","item":"https:\/\/com-pac.ovh\/preprod1\/"},{"@type":"ListItem","position":2,"name":"Portes blind\u00e9es et t\u00f4l\u00e9es","item":"https:\/\/com-pac.ovh\/preprod1\/portes-blindees-et-tolees"},{"@type":"ListItem","position":3,"name":"LA DOUBLE LAVEZZI"}]},{"@type":"WebSite","@id":"https:\/\/com-pac.ovh\/preprod1\/#website","url":"https:\/\/com-pac.ovh\/preprod1\/","name":"ALL TOLERIE","description":"","publisher":{"@id":"https:\/\/com-pac.ovh\/preprod1\/#organization"},"potentialAction":[{"@type":"SearchAction","target":{"@type":"EntryPoint","urlTemplate":"https:\/\/com-pac.ovh\/preprod1\/?s={search_term_string}"},"query-input":{"@type":"PropertyValueSpecification","valueRequired":true,"valueName":"search_term_string"}}],"inLanguage":"fr-FR"},{"@type":"Organization","@id":"https:\/\/com-pac.ovh\/preprod1\/#organization","name":"ALL TOLERIE","url":"https:\/\/com-pac.ovh\/preprod1\/","logo":{"@type":"ImageObject","inLanguage":"fr-FR","@id":"https:\/\/com-pac.ovh\/preprod1\/#\/schema\/logo\/image\/","url":"https:\/\/com-pac.ovh\/preprod1\/wp-content\/uploads\/2025\/03\/LOGO-ALL-TOLERIE.jpg","contentUrl":"https:\/\/com-pac.ovh\/preprod1\/wp-content\/uploads\/2025\/03\/LOGO-ALL-TOLERIE.jpg","width":261,"height":55,"caption":"ALL TOLERIE"},"image":{"@id":"https:\/\/com-pac.ovh\/preprod1\/#\/schema\/logo\/image\/"},"sameAs":["https:\/\/www.facebook.com\/ALLTOLERIE","https:\/\/www.instagram.com\/alltolerie\/","https:\/\/www.youtube.com\/@alltoleriealltolerie7438"]}]}},"_links":{"self":[{"href":"https:\/\/com-pac.ovh\/preprod1\/wp-json\/wp\/v2\/product\/1439","targetHints":{"allow":["GET"]}}],"collection":[{"href":"https:\/\/com-pac.ovh\/preprod1\/wp-json\/wp\/v2\/product"}],"about":[{"href":"https:\/\/com-pac.ovh\/preprod1\/wp-json\/wp\/v2\/types\/product"}],"wp:featuredmedia":[{"embeddable":true,"href":"https:\/\/com-pac.ovh\/preprod1\/wp-json\/wp\/v2\/media\/1442"}],"wp:attachment":[{"href":"https:\/\/com-pac.ovh\/preprod1\/wp-json\/wp\/v2\/media?parent=1439"}],"wp:term":[{"taxonomy":"product_brand","embeddable":true,"href":"https:\/\/com-pac.ovh\/preprod1\/wp-json\/wp\/v2\/product_brand?post=1439"},{"taxonomy":"product_cat","embeddable":true,"href":"https:\/\/com-pac.ovh\/preprod1\/wp-json\/wp\/v2\/product_cat?post=1439"},{"taxonomy":"product_tag","embeddable":true,"href":"https:\/\/com-pac.ovh\/preprod1\/wp-json\/wp\/v2\/product_tag?post=1439"}],"curies":[{"name":"wp","href":"https:\/\/api.w.org\/{rel}","templated":true}]}}