
{"id":3436,"date":"2024-10-07T12:07:49","date_gmt":"2024-10-07T10:07:49","guid":{"rendered":"https:\/\/com-pac.ovh\/preprod2\/?page_id=3436"},"modified":"2025-05-26T13:13:27","modified_gmt":"2025-05-26T11:13:27","slug":"conditionnement-livraison","status":"publish","type":"page","link":"https:\/\/com-pac.ovh\/preprod2\/conditionnement-livraison\/","title":{"rendered":"Conditionnement &#038; Livraison"},"content":{"rendered":"\t\t<div data-elementor-type=\"wp-page\" data-elementor-id=\"3436\" class=\"elementor elementor-3436\" data-elementor-post-type=\"page\">\n\t\t\t\t<div class=\"elementor-element elementor-element-55427798 bg-categorie e-flex e-con-boxed wpr-particle-no wpr-jarallax-no wpr-parallax-no wpr-sticky-section-no wpr-column-slider-no wpr-equal-height-no e-con e-parent\" data-id=\"55427798\" data-element_type=\"container\" data-e-type=\"container\" data-settings=\"{&quot;background_background&quot;:&quot;classic&quot;}\">\n\t\t\t\t\t<div class=\"e-con-inner\">\n\t\t\t\t<div class=\"elementor-element elementor-element-61a40549 elementor-widget elementor-widget-heading\" data-id=\"61a40549\" data-element_type=\"widget\" data-e-type=\"widget\" data-widget_type=\"heading.default\">\n\t\t\t\t<div class=\"elementor-widget-container\">\n\t\t\t\t\t<h1 class=\"elementor-heading-title elementor-size-default\">Conditionnement &amp; Livraison<\/h1>\t\t\t\t<\/div>\n\t\t\t\t<\/div>\n\t\t\t\t<div class=\"elementor-element elementor-element-6ae9ab6f elementor-widget elementor-widget-woocommerce-breadcrumb\" data-id=\"6ae9ab6f\" data-element_type=\"widget\" data-e-type=\"widget\" data-widget_type=\"woocommerce-breadcrumb.default\">\n\t\t\t\t<div class=\"elementor-widget-container\">\n\t\t\t\t\t<nav class=\"woocommerce-breadcrumb\" aria-label=\"Breadcrumb\">Accueil<\/nav>\t\t\t\t<\/div>\n\t\t\t\t<\/div>\n\t\t\t\t\t<\/div>\n\t\t\t\t<\/div>\n\t\t<div class=\"elementor-element elementor-element-6f307a6f e-flex e-con-boxed wpr-particle-no wpr-jarallax-no wpr-parallax-no wpr-sticky-section-no wpr-column-slider-no wpr-equal-height-no e-con e-parent\" data-id=\"6f307a6f\" data-element_type=\"container\" data-e-type=\"container\">\n\t\t\t\t\t<div class=\"e-con-inner\">\n\t\t\t\t<div class=\"elementor-element elementor-element-942a4d3 elementor-fixed e-transform e-transform elementor-widget elementor-widget-button\" data-id=\"942a4d3\" data-element_type=\"widget\" data-e-type=\"widget\" data-settings=\"{&quot;_position&quot;:&quot;fixed&quot;,&quot;_transform_rotateZ_effect&quot;:{&quot;unit&quot;:&quot;px&quot;,&quot;size&quot;:-90,&quot;sizes&quot;:[]},&quot;_transform_translateX_effect_hover&quot;:{&quot;unit&quot;:&quot;px&quot;,&quot;size&quot;:0,&quot;sizes&quot;:[]},&quot;_transform_translateY_effect_hover&quot;:{&quot;unit&quot;:&quot;px&quot;,&quot;size&quot;:5,&quot;sizes&quot;:[]},&quot;_transform_rotateZ_effect_laptop&quot;:{&quot;unit&quot;:&quot;deg&quot;,&quot;size&quot;:&quot;&quot;,&quot;sizes&quot;:[]},&quot;_transform_rotateZ_effect_tablet&quot;:{&quot;unit&quot;:&quot;deg&quot;,&quot;size&quot;:&quot;&quot;,&quot;sizes&quot;:[]},&quot;_transform_rotateZ_effect_mobile&quot;:{&quot;unit&quot;:&quot;deg&quot;,&quot;size&quot;:&quot;&quot;,&quot;sizes&quot;:[]},&quot;_transform_translateX_effect_hover_laptop&quot;:{&quot;unit&quot;:&quot;px&quot;,&quot;size&quot;:&quot;&quot;,&quot;sizes&quot;:[]},&quot;_transform_translateX_effect_hover_tablet&quot;:{&quot;unit&quot;:&quot;px&quot;,&quot;size&quot;:&quot;&quot;,&quot;sizes&quot;:[]},&quot;_transform_translateX_effect_hover_mobile&quot;:{&quot;unit&quot;:&quot;px&quot;,&quot;size&quot;:&quot;&quot;,&quot;sizes&quot;:[]},&quot;_transform_translateY_effect_hover_laptop&quot;:{&quot;unit&quot;:&quot;px&quot;,&quot;size&quot;:&quot;&quot;,&quot;sizes&quot;:[]},&quot;_transform_translateY_effect_hover_tablet&quot;:{&quot;unit&quot;:&quot;px&quot;,&quot;size&quot;:&quot;&quot;,&quot;sizes&quot;:[]},&quot;_transform_translateY_effect_hover_mobile&quot;:{&quot;unit&quot;:&quot;px&quot;,&quot;size&quot;:&quot;&quot;,&quot;sizes&quot;:[]}}\" data-widget_type=\"button.default\">\n\t\t\t\t<div class=\"elementor-widget-container\">\n\t\t\t\t\t\t\t\t\t<div class=\"elementor-button-wrapper\">\n\t\t\t\t\t<a class=\"elementor-button elementor-button-link elementor-size-sm\" href=\"#\">\n\t\t\t\t\t\t<span class=\"elementor-button-content-wrapper\">\n\t\t\t\t\t\t\t\t\t<span class=\"elementor-button-text\">Contactez-nous d\u00e8s aujourd'hui !<\/span>\n\t\t\t\t\t<\/span>\n\t\t\t\t\t<\/a>\n\t\t\t\t<\/div>\n\t\t\t\t\t\t\t\t<\/div>\n\t\t\t\t<\/div>\n\t\t\t\t<div class=\"elementor-element elementor-element-2211ac77 elementor-widget elementor-widget-woocommerce-breadcrumb\" data-id=\"2211ac77\" data-element_type=\"widget\" data-e-type=\"widget\" data-widget_type=\"woocommerce-breadcrumb.default\">\n\t\t\t\t<div class=\"elementor-widget-container\">\n\t\t\t\t\t<nav class=\"woocommerce-breadcrumb\" aria-label=\"Breadcrumb\">Accueil<\/nav>\t\t\t\t<\/div>\n\t\t\t\t<\/div>\n\t\t\t\t\t<\/div>\n\t\t\t\t<\/div>\n\t\t<div class=\"elementor-element elementor-element-62729496 e-flex e-con-boxed wpr-particle-no wpr-jarallax-no wpr-parallax-no wpr-sticky-section-no wpr-column-slider-no wpr-equal-height-no e-con e-parent\" data-id=\"62729496\" data-element_type=\"container\" data-e-type=\"container\">\n\t\t\t\t\t<div class=\"e-con-inner\">\n\t\t\t\t<div class=\"elementor-element elementor-element-53bee485 elementor-widget elementor-widget-heading\" data-id=\"53bee485\" data-element_type=\"widget\" data-e-type=\"widget\" data-widget_type=\"heading.default\">\n\t\t\t\t<div class=\"elementor-widget-container\">\n\t\t\t\t\t<h1 class=\"elementor-heading-title elementor-size-default\">Recevez vos poissons en toute s\u00e9r\u00e9nit\u00e9<\/h1>\t\t\t\t<\/div>\n\t\t\t\t<\/div>\n\t\t\t\t<div class=\"elementor-element elementor-element-5e715adf elementor-widget elementor-widget-text-editor\" data-id=\"5e715adf\" data-element_type=\"widget\" data-e-type=\"widget\" data-widget_type=\"text-editor.default\">\n\t\t\t\t<div class=\"elementor-widget-container\">\n\t\t\t\t\t\t\t\t\t<p>Chez Aquariopassion, nous mettons un point d&#8217;honneur \u00e0 assurer un transport s\u00e9curis\u00e9 et optimis\u00e9 pour nos animaux aquatiques. <br \/>Gr\u00e2ce \u00e0 un conditionnement performant et \u00e0 des partenaires de transport agr\u00e9\u00e9s, nous garantissons la s\u00e9curit\u00e9 et le bien-\u00eatre des poissons durant leur voyage jusqu&#8217;\u00e0 vous. <br \/>Notre engagement inclut un suivi attentif de chaque \u00e9tape pour que vos poissons arrivent dans les meilleures conditions possibles, en parfaite sant\u00e9.<\/p>\t\t\t\t\t\t\t\t<\/div>\n\t\t\t\t<\/div>\n\t\t\t\t\t<\/div>\n\t\t\t\t<\/div>\n\t\t<div class=\"elementor-element elementor-element-419e9d9 e-flex e-con-boxed wpr-particle-no wpr-jarallax-no wpr-parallax-no wpr-sticky-section-no wpr-column-slider-no wpr-equal-height-no e-con e-parent\" data-id=\"419e9d9\" data-element_type=\"container\" data-e-type=\"container\">\n\t\t\t\t\t<div class=\"e-con-inner\">\n\t\t<div class=\"elementor-element elementor-element-1d9c7a8 e-con-full bloc-conditionnement e-flex wpr-particle-no wpr-jarallax-no wpr-parallax-no wpr-sticky-section-no wpr-column-slider-no wpr-equal-height-no e-con e-child\" data-id=\"1d9c7a8\" data-element_type=\"container\" data-e-type=\"container\">\n\t\t\t\t<div class=\"elementor-element elementor-element-dbc74cc elementor-widget__width-initial elementor-position-left elementor-vertical-align-middle elementor-widget elementor-widget-image-box\" data-id=\"dbc74cc\" data-element_type=\"widget\" data-e-type=\"widget\" data-widget_type=\"image-box.default\">\n\t\t\t\t<div class=\"elementor-widget-container\">\n\t\t\t\t\t<div class=\"elementor-image-box-wrapper\"><figure class=\"elementor-image-box-img\"><img fetchpriority=\"high\" decoding=\"async\" width=\"512\" height=\"512\" src=\"https:\/\/com-pac.ovh\/preprod2\/wp-content\/uploads\/2025\/05\/CONDITIONNENMENT.png\" class=\"attachment-full size-full wp-image-5248\" alt=\"\" srcset=\"https:\/\/com-pac.ovh\/preprod2\/wp-content\/uploads\/2025\/05\/CONDITIONNENMENT.png 512w, https:\/\/com-pac.ovh\/preprod2\/wp-content\/uploads\/2025\/05\/CONDITIONNENMENT-300x300.png 300w, https:\/\/com-pac.ovh\/preprod2\/wp-content\/uploads\/2025\/05\/CONDITIONNENMENT-150x150.png 150w, https:\/\/com-pac.ovh\/preprod2\/wp-content\/uploads\/2025\/05\/CONDITIONNENMENT-280x280.png 280w, https:\/\/com-pac.ovh\/preprod2\/wp-content\/uploads\/2025\/05\/CONDITIONNENMENT-450x450.png 450w, https:\/\/com-pac.ovh\/preprod2\/wp-content\/uploads\/2025\/05\/CONDITIONNENMENT-100x100.png 100w, https:\/\/com-pac.ovh\/preprod2\/wp-content\/uploads\/2025\/05\/CONDITIONNENMENT-50x50.png 50w\" sizes=\"(max-width: 512px) 100vw, 512px\" \/><\/figure><div class=\"elementor-image-box-content\"><h3 class=\"elementor-image-box-title\">Conditionnement thermique et anti-chocs<\/h3><p class=\"elementor-image-box-description\">Nous avons mis au point un conditionnement sp\u00e9cialement con\u00e7u pour le transport s\u00e9curis\u00e9 des esp\u00e8ces aquatiques. <br \/>\nGr\u00e2ce \u00e0 une protection thermique et anti-chocs efficace, les poissons voyagent dans des conditions optimales, quel que soit le climat. <br \/>En cas de variations importantes de temp\u00e9rature, des solutions adapt\u00e9es sont ajout\u00e9es : chaufferettes pour l'hiver ou packs r\u00e9frig\u00e9rants en \u00e9t\u00e9. <br \/>Ce proc\u00e9d\u00e9 assure une stabilit\u00e9 des conditions de transport tout au long de l'ann\u00e9e, m\u00eame lors des p\u00e9riodes les plus extr\u00eames.<br \/>\n<h3 class=\"elementor-image-box-title\">Garantie en vie des poissons &amp; invert\u00e9br\u00e9s<\/h3>\n\nNos animaux sont exp\u00e9di\u00e9s avec une garantie de vie \u00e0 l'arriv\u00e9e, gage de la fiabilit\u00e9 de notre conditionnement et de notre transport express.<br \/>Gr\u00e2ce \u00e0 cette double protection, nous sommes en mesure d'assurer leur bien-\u00eatre jusqu'\u00e0 leur destination finale. Un kit d'acclimatation, sp\u00e9cialement con\u00e7u en partenariat avec notre centre d'acclimatation, est fourni pour faciliter leur transition dans votre aquarium. <br \/>Si, contre toute attente, un poisson ne survit pas au transport, un remboursement sera effectu\u00e9 sur pr\u00e9sentation, le jour m\u00eame, d'une photo du sac encore scell\u00e9 avec l'animal \u00e0 l'int\u00e9rieur.<\/p><\/div><\/div>\t\t\t\t<\/div>\n\t\t\t\t<\/div>\n\t\t\t\t<\/div>\n\t\t<div class=\"elementor-element elementor-element-749a156 e-con-full bloc-conditionnement e-flex wpr-particle-no wpr-jarallax-no wpr-parallax-no wpr-sticky-section-no wpr-column-slider-no wpr-equal-height-no e-con e-child\" data-id=\"749a156\" data-element_type=\"container\" data-e-type=\"container\">\n\t\t\t\t<div class=\"elementor-element elementor-element-e8cbbc9 elementor-widget__width-initial elementor-position-left elementor-vertical-align-middle elementor-widget elementor-widget-image-box\" data-id=\"e8cbbc9\" data-element_type=\"widget\" data-e-type=\"widget\" data-widget_type=\"image-box.default\">\n\t\t\t\t<div class=\"elementor-widget-container\">\n\t\t\t\t\t<div class=\"elementor-image-box-wrapper\"><figure class=\"elementor-image-box-img\"><img decoding=\"async\" width=\"510\" height=\"510\" src=\"https:\/\/com-pac.ovh\/preprod2\/wp-content\/uploads\/2025\/05\/GARANTIE-EN-VIE.png\" class=\"attachment-full size-full wp-image-5249\" alt=\"\" srcset=\"https:\/\/com-pac.ovh\/preprod2\/wp-content\/uploads\/2025\/05\/GARANTIE-EN-VIE.png 510w, https:\/\/com-pac.ovh\/preprod2\/wp-content\/uploads\/2025\/05\/GARANTIE-EN-VIE-300x300.png 300w, https:\/\/com-pac.ovh\/preprod2\/wp-content\/uploads\/2025\/05\/GARANTIE-EN-VIE-150x150.png 150w, https:\/\/com-pac.ovh\/preprod2\/wp-content\/uploads\/2025\/05\/GARANTIE-EN-VIE-280x280.png 280w, https:\/\/com-pac.ovh\/preprod2\/wp-content\/uploads\/2025\/05\/GARANTIE-EN-VIE-450x450.png 450w, https:\/\/com-pac.ovh\/preprod2\/wp-content\/uploads\/2025\/05\/GARANTIE-EN-VIE-100x100.png 100w, https:\/\/com-pac.ovh\/preprod2\/wp-content\/uploads\/2025\/05\/GARANTIE-EN-VIE-50x50.png 50w\" sizes=\"(max-width: 510px) 100vw, 510px\" \/><\/figure><div class=\"elementor-image-box-content\"><h3 class=\"elementor-image-box-title\">Pr\u00e9paration des commandes<\/h3><p class=\"elementor-image-box-description\">Chaque commande est trait\u00e9e avec un soin particulier dans notre centre d'acclimatation par une \u00e9quipe d'experts en aquariophilie. <br \/>Avant d'\u00eatre emball\u00e9s, les poissons sont rigoureusement observ\u00e9s pour s'assurer qu'ils sont en parfaite condition pour le transport. Une fois s\u00e9lectionn\u00e9s, ils sont d\u00e9licatement p\u00each\u00e9s et plac\u00e9s dans des sacs herm\u00e9tiques transparents, remplis d'oxyg\u00e8ne pour maintenir un environnement sain durant le voyage.<br \/> Ces sacs sont ensuite dispos\u00e9s dans des emballages con\u00e7us pour prot\u00e9ger les animaux des chocs et des variations de temp\u00e9rature. Avant l'exp\u00e9dition, une derni\u00e8re v\u00e9rification est effectu\u00e9e pour s'assurer du bon \u00e9tat des poissons, garantissant ainsi un transport en toute s\u00e9curit\u00e9.<br \/>\n\n<h3 class=\"elementor-image-box-title\">Livraison s\u00e9curis\u00e9e des animaux vivants<\/h3>\nLorsque nous pr\u00e9parons l\u2019exp\u00e9dition d\u2019animaux vivants, certaines r\u00e8gles strictes sont suivies pour garantir leur s\u00e9curit\u00e9 et leur bien-\u00eatre.<br \/> Avant chaque envoi, les poissons sont plac\u00e9s \u00e0 jeun pendant au moins 24 heures afin de r\u00e9duire le stress li\u00e9 au transport. Cette pr\u00e9caution implique que les commandes ne peuvent \u00eatre exp\u00e9di\u00e9es qu\u2019au lendemain de leur validation.<br \/> Toutefois, dans certains cas, si les animaux n\u00e9cessitent une stabilisation suppl\u00e9mentaire, l'envoi peut \u00eatre retard\u00e9 pour assurer leur bonne condition. <br \/>Ainsi, un d\u00e9lai de 2 \u00e0 7 jours ouvrables peut \u00eatre observ\u00e9 avant la livraison.<\/p><\/div><\/div>\t\t\t\t<\/div>\n\t\t\t\t<\/div>\n\t\t\t\t<\/div>\n\t\t<div class=\"elementor-element elementor-element-0dc1387 e-con-full bloc-conditionnement e-flex wpr-particle-no wpr-jarallax-no wpr-parallax-no wpr-sticky-section-no wpr-column-slider-no wpr-equal-height-no e-con e-child\" data-id=\"0dc1387\" data-element_type=\"container\" data-e-type=\"container\">\n\t\t\t\t<div class=\"elementor-element elementor-element-a885770 elementor-widget__width-initial elementor-position-left elementor-vertical-align-middle elementor-widget elementor-widget-image-box\" data-id=\"a885770\" data-element_type=\"widget\" data-e-type=\"widget\" data-widget_type=\"image-box.default\">\n\t\t\t\t<div class=\"elementor-widget-container\">\n\t\t\t\t\t<div class=\"elementor-image-box-wrapper\"><figure class=\"elementor-image-box-img\"><img decoding=\"async\" width=\"585\" height=\"425\" src=\"https:\/\/com-pac.ovh\/preprod2\/wp-content\/uploads\/2025\/05\/LIVRAISON-24H.png\" class=\"attachment-full size-full wp-image-5267\" alt=\"\" srcset=\"https:\/\/com-pac.ovh\/preprod2\/wp-content\/uploads\/2025\/05\/LIVRAISON-24H.png 585w, https:\/\/com-pac.ovh\/preprod2\/wp-content\/uploads\/2025\/05\/LIVRAISON-24H-300x218.png 300w\" sizes=\"(max-width: 585px) 100vw, 585px\" \/><\/figure><div class=\"elementor-image-box-content\"><h3 class=\"elementor-image-box-title\">Exp\u00e9dition en 24 heures<\/h3><p class=\"elementor-image-box-description\">Les exp\u00e9ditions depuis notre centre d'acclimatation sont effectu\u00e9es entre le lundi et le jeudi pour garantir une livraison le jour suivant, limitant ainsi la dur\u00e9e de transport des animaux \u00e0 moins de 24 heures.<br \/>Cependant, notre emballage est con\u00e7u pour prot\u00e9ger les animaux jusqu'\u00e0 72 heures en cas d'impr\u00e9vus. Avant chaque exp\u00e9dition, nous vous contactons afin de convenir d'un cr\u00e9neau pour la r\u00e9ception, vous permettant ainsi de vous organiser pour que quelqu\u2019un soit pr\u00e9sent \u00e0 l\u2019arriv\u00e9e du colis. <br \/>Une fois les poissons en votre possession, il est essentiel de suivre les instructions de notre protocole d\u2019acclimatation, avec l\u2019aide du kit fourni, afin de garantir leur int\u00e9gration dans leur nouvel environnement.<br \/>\n\n\n<h3 class=\"elementor-image-box-title\">Transporteurs agr\u00e9\u00e9s et s\u00e9curis\u00e9s<\/h3>\nPour l'envoi d'animaux vivants, nous travaillons exclusivement avec des transporteurs agr\u00e9\u00e9s, sp\u00e9cialis\u00e9s dans ce type d\u2019exp\u00e9dition. <br \/>Ces soci\u00e9t\u00e9s sont non seulement conformes \u00e0 la r\u00e9glementation en mati\u00e8re de bien-\u00eatre animal, mais leurs \u00e9quipes sont \u00e9galement form\u00e9es \u00e0 manipuler les colis contenant des animaux vivants avec soin et attention. <br \/>La mention \"animaux vivants\" est clairement indiqu\u00e9e sur chaque envoi, afin d'assurer un traitement appropri\u00e9 tout au long de la cha\u00eene de transport.<\/p><\/div><\/div>\t\t\t\t<\/div>\n\t\t\t\t<\/div>\n\t\t\t\t<\/div>\n\t\t\t\t\t<\/div>\n\t\t\t\t<\/div>\n\t\t\t\t<\/div>\n\t\t","protected":false},"excerpt":{"rendered":"<p>Conditionnement &#038; Livraison Contactez-nous d\u00e8s aujourd&#8217;hui ! Recevez vos poissons en toute s\u00e9r\u00e9nit\u00e9 Chez Aquariopassion, nous mettons un point d&#8217;honneur \u00e0 assurer un transport s\u00e9curis\u00e9 et optimis\u00e9 pour nos animaux aquatiques. Gr\u00e2ce \u00e0 un conditionnement performant et \u00e0 des partenaires de transport agr\u00e9\u00e9s, nous garantissons la s\u00e9curit\u00e9 et le bien-\u00eatre des poissons durant leur voyage jusqu&#8217;\u00e0 vous. Notre engagement inclut un suivi attentif de chaque \u00e9tape pour que vos poissons arrivent dans les meilleures conditions possibles, en parfaite sant\u00e9. Conditionnement thermique et anti-chocs Nous avons mis au point un conditionnement sp\u00e9cialement con\u00e7u pour le transport s\u00e9curis\u00e9 des esp\u00e8ces aquatiques. Gr\u00e2ce \u00e0 une protection thermique et anti-chocs efficace, les poissons voyagent dans des conditions optimales, quel que soit le climat. En cas de variations importantes de temp\u00e9rature, des solutions adapt\u00e9es sont ajout\u00e9es : chaufferettes pour l&#8217;hiver ou packs r\u00e9frig\u00e9rants en \u00e9t\u00e9. Ce proc\u00e9d\u00e9 assure une stabilit\u00e9 des conditions de transport tout au long de l&#8217;ann\u00e9e, m\u00eame lors des p\u00e9riodes les plus extr\u00eames. Garantie en vie des poissons &#038; invert\u00e9br\u00e9s Nos animaux sont exp\u00e9di\u00e9s avec une garantie de vie \u00e0 l&#8217;arriv\u00e9e, gage de la fiabilit\u00e9 de notre conditionnement et de notre transport express.Gr\u00e2ce \u00e0 cette double protection, nous sommes en mesure d&#8217;assurer leur bien-\u00eatre jusqu&#8217;\u00e0 leur destination finale. Un kit d&#8217;acclimatation, sp\u00e9cialement con\u00e7u en partenariat avec notre centre d&#8217;acclimatation, est fourni pour faciliter leur transition dans votre aquarium. Si, contre toute attente, un poisson ne survit pas au transport, un remboursement sera effectu\u00e9 sur pr\u00e9sentation, le jour m\u00eame, d&#8217;une photo du sac encore scell\u00e9 avec l&#8217;animal \u00e0 l&#8217;int\u00e9rieur. Pr\u00e9paration des commandes Chaque commande est trait\u00e9e avec un soin particulier dans notre centre d&#8217;acclimatation par une \u00e9quipe d&#8217;experts en aquariophilie. Avant d&#8217;\u00eatre emball\u00e9s, les poissons sont rigoureusement observ\u00e9s pour s&#8217;assurer qu&#8217;ils sont en parfaite condition pour le transport. Une fois s\u00e9lectionn\u00e9s, ils sont d\u00e9licatement p\u00each\u00e9s et plac\u00e9s dans des sacs herm\u00e9tiques transparents, remplis d&#8217;oxyg\u00e8ne pour maintenir un environnement sain durant le voyage. Ces sacs sont ensuite dispos\u00e9s dans des emballages con\u00e7us pour prot\u00e9ger les animaux des chocs et des variations de temp\u00e9rature. Avant l&#8217;exp\u00e9dition, une derni\u00e8re v\u00e9rification est effectu\u00e9e pour s&#8217;assurer du bon \u00e9tat des poissons, garantissant ainsi un transport en toute s\u00e9curit\u00e9. Livraison s\u00e9curis\u00e9e des animaux vivants Lorsque nous pr\u00e9parons l\u2019exp\u00e9dition d\u2019animaux vivants, certaines r\u00e8gles strictes sont suivies pour garantir leur s\u00e9curit\u00e9 et leur bien-\u00eatre. Avant chaque envoi, les poissons sont plac\u00e9s \u00e0 jeun pendant au moins 24 heures afin de r\u00e9duire le stress li\u00e9 au transport. Cette pr\u00e9caution implique que les commandes ne peuvent \u00eatre exp\u00e9di\u00e9es qu\u2019au lendemain de leur validation. Toutefois, dans certains cas, si les animaux n\u00e9cessitent une stabilisation suppl\u00e9mentaire, l&#8217;envoi peut \u00eatre retard\u00e9 pour assurer leur bonne condition. Ainsi, un d\u00e9lai de 2 \u00e0 7 jours ouvrables peut \u00eatre observ\u00e9 avant la livraison. Exp\u00e9dition en 24 heures Les exp\u00e9ditions depuis notre centre d&#8217;acclimatation sont effectu\u00e9es entre le lundi et le jeudi pour garantir une livraison le jour suivant, limitant ainsi la dur\u00e9e de transport des animaux \u00e0 moins de 24 heures.Cependant, notre emballage est con\u00e7u pour prot\u00e9ger les animaux jusqu&#8217;\u00e0 72 heures en cas d&#8217;impr\u00e9vus. Avant chaque exp\u00e9dition, nous vous contactons afin de convenir d&#8217;un cr\u00e9neau pour la r\u00e9ception, vous permettant ainsi de vous organiser pour que quelqu\u2019un soit pr\u00e9sent \u00e0 l\u2019arriv\u00e9e du colis. Une fois les poissons en votre possession, il est essentiel de suivre les instructions de notre protocole d\u2019acclimatation, avec l\u2019aide du kit fourni, afin de garantir leur int\u00e9gration dans leur nouvel environnement. Transporteurs agr\u00e9\u00e9s et s\u00e9curis\u00e9s Pour l&#8217;envoi d&#8217;animaux vivants, nous travaillons exclusivement avec des transporteurs agr\u00e9\u00e9s, sp\u00e9cialis\u00e9s dans ce type d\u2019exp\u00e9dition. Ces soci\u00e9t\u00e9s sont non seulement conformes \u00e0 la r\u00e9glementation en mati\u00e8re de bien-\u00eatre animal, mais leurs \u00e9quipes sont \u00e9galement form\u00e9es \u00e0 manipuler les colis contenant des animaux vivants avec soin et attention. La mention &#8220;animaux vivants&#8221; est clairement indiqu\u00e9e sur chaque envoi, afin d&#8217;assurer un traitement appropri\u00e9 tout au long de la cha\u00eene de transport.<\/p>\n","protected":false},"author":1,"featured_media":0,"parent":0,"menu_order":0,"comment_status":"closed","ping_status":"closed","template":"elementor_header_footer","meta":{"footnotes":""},"class_list":["post-3436","page","type-page","status-publish","hentry"],"acf":[],"_links":{"self":[{"href":"https:\/\/com-pac.ovh\/preprod2\/wp-json\/wp\/v2\/pages\/3436","targetHints":{"allow":["GET"]}}],"collection":[{"href":"https:\/\/com-pac.ovh\/preprod2\/wp-json\/wp\/v2\/pages"}],"about":[{"href":"https:\/\/com-pac.ovh\/preprod2\/wp-json\/wp\/v2\/types\/page"}],"author":[{"embeddable":true,"href":"https:\/\/com-pac.ovh\/preprod2\/wp-json\/wp\/v2\/users\/1"}],"replies":[{"embeddable":true,"href":"https:\/\/com-pac.ovh\/preprod2\/wp-json\/wp\/v2\/comments?post=3436"}],"version-history":[{"count":70,"href":"https:\/\/com-pac.ovh\/preprod2\/wp-json\/wp\/v2\/pages\/3436\/revisions"}],"predecessor-version":[{"id":5270,"href":"https:\/\/com-pac.ovh\/preprod2\/wp-json\/wp\/v2\/pages\/3436\/revisions\/5270"}],"wp:attachment":[{"href":"https:\/\/com-pac.ovh\/preprod2\/wp-json\/wp\/v2\/media?parent=3436"}],"curies":[{"name":"wp","href":"https:\/\/api.w.org\/{rel}","templated":true}]}}