
{"id":3686,"date":"2025-04-01T14:45:42","date_gmt":"2025-04-01T12:45:42","guid":{"rendered":"https:\/\/com-pac.ovh\/preprod2\/?page_id=3686"},"modified":"2025-04-01T14:59:21","modified_gmt":"2025-04-01T12:59:21","slug":"showroom-horaires","status":"publish","type":"page","link":"https:\/\/com-pac.ovh\/preprod2\/showroom-horaires\/","title":{"rendered":"Showroom &#038; Horaires"},"content":{"rendered":"\t\t<div data-elementor-type=\"wp-page\" data-elementor-id=\"3686\" class=\"elementor elementor-3686\" data-elementor-post-type=\"page\">\n\t\t\t\t<div class=\"elementor-element elementor-element-5731843f bg-categorie e-flex e-con-boxed wpr-particle-no wpr-jarallax-no wpr-parallax-no wpr-sticky-section-no wpr-column-slider-no wpr-equal-height-no e-con e-parent\" data-id=\"5731843f\" data-element_type=\"container\" data-e-type=\"container\" data-settings=\"{&quot;background_background&quot;:&quot;classic&quot;}\">\n\t\t\t\t\t<div class=\"e-con-inner\">\n\t\t\t\t<div class=\"elementor-element elementor-element-10ccb032 elementor-widget elementor-widget-heading\" data-id=\"10ccb032\" data-element_type=\"widget\" data-e-type=\"widget\" data-widget_type=\"heading.default\">\n\t\t\t\t<div class=\"elementor-widget-container\">\n\t\t\t\t\t<h1 class=\"elementor-heading-title elementor-size-default\">D\u00e9couvrez notre showroom<\/h1>\t\t\t\t<\/div>\n\t\t\t\t<\/div>\n\t\t\t\t<div class=\"elementor-element elementor-element-56c6bd9b elementor-widget elementor-widget-woocommerce-breadcrumb\" data-id=\"56c6bd9b\" data-element_type=\"widget\" data-e-type=\"widget\" data-widget_type=\"woocommerce-breadcrumb.default\">\n\t\t\t\t<div class=\"elementor-widget-container\">\n\t\t\t\t\t<nav class=\"woocommerce-breadcrumb\" aria-label=\"Breadcrumb\">Accueil<\/nav>\t\t\t\t<\/div>\n\t\t\t\t<\/div>\n\t\t\t\t\t<\/div>\n\t\t\t\t<\/div>\n\t\t<div class=\"elementor-element elementor-element-35e7ec2f e-flex e-con-boxed wpr-particle-no wpr-jarallax-no wpr-parallax-no wpr-sticky-section-no wpr-column-slider-no wpr-equal-height-no e-con e-parent\" data-id=\"35e7ec2f\" data-element_type=\"container\" data-e-type=\"container\">\n\t\t\t\t\t<div class=\"e-con-inner\">\n\t\t\t\t<div class=\"elementor-element elementor-element-3eeb90a4 elementor-widget elementor-widget-woocommerce-breadcrumb\" data-id=\"3eeb90a4\" data-element_type=\"widget\" data-e-type=\"widget\" data-widget_type=\"woocommerce-breadcrumb.default\">\n\t\t\t\t<div class=\"elementor-widget-container\">\n\t\t\t\t\t<nav class=\"woocommerce-breadcrumb\" aria-label=\"Breadcrumb\">Accueil<\/nav>\t\t\t\t<\/div>\n\t\t\t\t<\/div>\n\t\t\t\t\t<\/div>\n\t\t\t\t<\/div>\n\t\t<div class=\"elementor-element elementor-element-3d9aaf69 e-con-full e-flex wpr-particle-no wpr-jarallax-no wpr-parallax-no wpr-sticky-section-no wpr-column-slider-no wpr-equal-height-no e-con e-parent\" data-id=\"3d9aaf69\" data-element_type=\"container\" data-e-type=\"container\" data-settings=\"{&quot;background_background&quot;:&quot;gradient&quot;}\">\n\t\t\t\t<div class=\"elementor-element elementor-element-23a220ed e-transform elementor-widget__width-initial elementor-view-default elementor-widget elementor-widget-icon\" data-id=\"23a220ed\" data-element_type=\"widget\" data-e-type=\"widget\" data-settings=\"{&quot;motion_fx_motion_fx_scrolling&quot;:&quot;yes&quot;,&quot;motion_fx_devices&quot;:[&quot;desktop&quot;],&quot;motion_fx_motion_fx_mouse&quot;:&quot;yes&quot;,&quot;motion_fx_mouseTrack_effect&quot;:&quot;yes&quot;,&quot;motion_fx_mouseTrack_speed&quot;:{&quot;unit&quot;:&quot;px&quot;,&quot;size&quot;:&quot;0.7&quot;,&quot;sizes&quot;:[]},&quot;_transform_scale_effect_hover&quot;:{&quot;unit&quot;:&quot;px&quot;,&quot;size&quot;:&quot;1.3&quot;,&quot;sizes&quot;:[]},&quot;_transform_scale_effect_hover_laptop&quot;:{&quot;unit&quot;:&quot;px&quot;,&quot;size&quot;:&quot;&quot;,&quot;sizes&quot;:[]},&quot;_transform_scale_effect_hover_tablet&quot;:{&quot;unit&quot;:&quot;px&quot;,&quot;size&quot;:&quot;&quot;,&quot;sizes&quot;:[]},&quot;_transform_scale_effect_hover_mobile&quot;:{&quot;unit&quot;:&quot;px&quot;,&quot;size&quot;:&quot;&quot;,&quot;sizes&quot;:[]}}\" data-widget_type=\"icon.default\">\n\t\t\t\t<div class=\"elementor-widget-container\">\n\t\t\t\t\t\t\t<div class=\"elementor-icon-wrapper\">\n\t\t\t<div class=\"elementor-icon\">\n\t\t\t<svg aria-hidden=\"true\" class=\"e-font-icon-svg e-fas-fish\" viewBox=\"0 0 576 512\" xmlns=\"http:\/\/www.w3.org\/2000\/svg\"><path d=\"M327.1 96c-89.97 0-168.54 54.77-212.27 101.63L27.5 131.58c-12.13-9.18-30.24.6-27.14 14.66L24.54 256 .35 365.77c-3.1 14.06 15.01 23.83 27.14 14.66l87.33-66.05C158.55 361.23 237.13 416 327.1 416 464.56 416 576 288 576 256S464.56 96 327.1 96zm87.43 184c-13.25 0-24-10.75-24-24 0-13.26 10.75-24 24-24 13.26 0 24 10.74 24 24 0 13.25-10.75 24-24 24z\"><\/path><\/svg>\t\t\t<\/div>\n\t\t<\/div>\n\t\t\t\t\t\t<\/div>\n\t\t\t\t<\/div>\n\t\t<div class=\"elementor-element elementor-element-43c60d52 e-con-full e-flex wpr-particle-no wpr-jarallax-no wpr-parallax-no wpr-sticky-section-no wpr-column-slider-no wpr-equal-height-no e-con e-child\" data-id=\"43c60d52\" data-element_type=\"container\" data-e-type=\"container\">\n\t\t\t\t<div class=\"elementor-element elementor-element-42c0f6b6 elementor-widget elementor-widget-heading\" data-id=\"42c0f6b6\" data-element_type=\"widget\" data-e-type=\"widget\" data-widget_type=\"heading.default\">\n\t\t\t\t<div class=\"elementor-widget-container\">\n\t\t\t\t\t<p class=\"elementor-heading-title elementor-size-default\">Plongez dans notre univers aquatique<\/p>\t\t\t\t<\/div>\n\t\t\t\t<\/div>\n\t\t\t\t<div class=\"elementor-element elementor-element-2d42588c elementor-widget elementor-widget-heading\" data-id=\"2d42588c\" data-element_type=\"widget\" data-e-type=\"widget\" data-widget_type=\"heading.default\">\n\t\t\t\t<div class=\"elementor-widget-container\">\n\t\t\t\t\t<h2 class=\"elementor-heading-title elementor-size-default\">Ouverture prochaine de notre showroom \u00e0 Ennery !\n<\/h2>\t\t\t\t<\/div>\n\t\t\t\t<\/div>\n\t\t\t\t<div class=\"elementor-element elementor-element-a3c9ecc elementor-widget elementor-widget-text-editor\" data-id=\"a3c9ecc\" data-element_type=\"widget\" data-e-type=\"widget\" data-widget_type=\"text-editor.default\">\n\t\t\t\t<div class=\"elementor-widget-container\">\n\t\t\t\t\t\t\t\t\t<p class=\"\" data-start=\"156\" data-end=\"426\">Nous sommes ravis de vous annoncer l\u2019ouverture prochaine de notre boutique <strong data-start=\"231\" data-end=\"250\">Aquario Passion<\/strong> \u00e0 <strong data-start=\"253\" data-end=\"263\">Ennery<\/strong> ! Situ\u00e9 au <strong data-start=\"275\" data-end=\"319\">5 Rue Ferri\u00e9 \u2013 cellule B8 \u2013 95300 Ennery<\/strong>, ce showroom a \u00e9t\u00e9 pens\u00e9 comme un v\u00e9ritable espace de d\u00e9couverte et d\u2019\u00e9change autour de l\u2019aquariophilie.<\/p><p class=\"\" data-start=\"428\" data-end=\"635\">Dans cet espace d\u00e9di\u00e9, vous pourrez admirer <strong data-start=\"472\" data-end=\"507\">des bacs soigneusement am\u00e9nag\u00e9s<\/strong>, mettant en sc\u00e8ne diff\u00e9rents <strong data-start=\"537\" data-end=\"560\">biotopes aquatiques<\/strong> pour vous inspirer et vous aider \u00e0 cr\u00e9er votre propre univers aquatique.<\/p><p class=\"\" data-start=\"637\" data-end=\"889\">Nous avons h\u00e2te de vous accueillir, partager notre passion et vous conseiller au mieux sur vos projets. Que vous soyez d\u00e9butant ou aquariophile confirm\u00e9, ce showroom sera l\u2019endroit id\u00e9al pour \u00e9changer et trouver tout le n\u00e9cessaire pour vos aquariums.<\/p><p class=\"\" data-start=\"891\" data-end=\"984\"><strong data-start=\"891\" data-end=\"982\">Restez connect\u00e9s pour suivre l\u2019avancement et conna\u00eetre la date d\u2019ouverture officielle !<\/strong><\/p>\t\t\t\t\t\t\t\t<\/div>\n\t\t\t\t<\/div>\n\t\t\t\t<\/div>\n\t\t\t\t<div class=\"elementor-element elementor-element-e113096 e-transform elementor-widget__width-initial elementor-widget-mobile__width-initial elementor-view-default elementor-widget elementor-widget-icon\" data-id=\"e113096\" data-element_type=\"widget\" data-e-type=\"widget\" data-settings=\"{&quot;motion_fx_motion_fx_scrolling&quot;:&quot;yes&quot;,&quot;motion_fx_devices&quot;:[&quot;desktop&quot;],&quot;motion_fx_motion_fx_mouse&quot;:&quot;yes&quot;,&quot;motion_fx_mouseTrack_effect&quot;:&quot;yes&quot;,&quot;motion_fx_mouseTrack_direction&quot;:&quot;negative&quot;,&quot;motion_fx_mouseTrack_speed&quot;:{&quot;unit&quot;:&quot;px&quot;,&quot;size&quot;:&quot;0.7&quot;,&quot;sizes&quot;:[]},&quot;_transform_scale_effect_hover&quot;:{&quot;unit&quot;:&quot;px&quot;,&quot;size&quot;:&quot;1.3&quot;,&quot;sizes&quot;:[]},&quot;_transform_scale_effect_hover_laptop&quot;:{&quot;unit&quot;:&quot;px&quot;,&quot;size&quot;:&quot;&quot;,&quot;sizes&quot;:[]},&quot;_transform_scale_effect_hover_tablet&quot;:{&quot;unit&quot;:&quot;px&quot;,&quot;size&quot;:&quot;&quot;,&quot;sizes&quot;:[]},&quot;_transform_scale_effect_hover_mobile&quot;:{&quot;unit&quot;:&quot;px&quot;,&quot;size&quot;:&quot;&quot;,&quot;sizes&quot;:[]}}\" data-widget_type=\"icon.default\">\n\t\t\t\t<div class=\"elementor-widget-container\">\n\t\t\t\t\t\t\t<div class=\"elementor-icon-wrapper\">\n\t\t\t<div class=\"elementor-icon\">\n\t\t\t<svg aria-hidden=\"true\" class=\"e-font-icon-svg e-fas-fish\" viewBox=\"0 0 576 512\" xmlns=\"http:\/\/www.w3.org\/2000\/svg\"><path d=\"M327.1 96c-89.97 0-168.54 54.77-212.27 101.63L27.5 131.58c-12.13-9.18-30.24.6-27.14 14.66L24.54 256 .35 365.77c-3.1 14.06 15.01 23.83 27.14 14.66l87.33-66.05C158.55 361.23 237.13 416 327.1 416 464.56 416 576 288 576 256S464.56 96 327.1 96zm87.43 184c-13.25 0-24-10.75-24-24 0-13.26 10.75-24 24-24 13.26 0 24 10.74 24 24 0 13.25-10.75 24-24 24z\"><\/path><\/svg>\t\t\t<\/div>\n\t\t<\/div>\n\t\t\t\t\t\t<\/div>\n\t\t\t\t<\/div>\n\t\t\t\t<\/div>\n\t\t\t\t<\/div>\n\t\t","protected":false},"excerpt":{"rendered":"<p>D\u00e9couvrez notre showroom Plongez dans notre univers aquatique Ouverture prochaine de notre showroom \u00e0 Ennery ! Nous sommes ravis de vous annoncer l\u2019ouverture prochaine de notre boutique Aquario Passion \u00e0 Ennery ! Situ\u00e9 au 5 Rue Ferri\u00e9 \u2013 cellule B8 \u2013 95300 Ennery, ce showroom a \u00e9t\u00e9 pens\u00e9 comme un v\u00e9ritable espace de d\u00e9couverte et d\u2019\u00e9change autour de l\u2019aquariophilie. Dans cet espace d\u00e9di\u00e9, vous pourrez admirer des bacs soigneusement am\u00e9nag\u00e9s, mettant en sc\u00e8ne diff\u00e9rents biotopes aquatiques pour vous inspirer et vous aider \u00e0 cr\u00e9er votre propre univers aquatique. Nous avons h\u00e2te de vous accueillir, partager notre passion et vous conseiller au mieux sur vos projets. Que vous soyez d\u00e9butant ou aquariophile confirm\u00e9, ce showroom sera l\u2019endroit id\u00e9al pour \u00e9changer et trouver tout le n\u00e9cessaire pour vos aquariums. Restez connect\u00e9s pour suivre l\u2019avancement et conna\u00eetre la date d\u2019ouverture officielle !<\/p>\n","protected":false},"author":1,"featured_media":0,"parent":0,"menu_order":0,"comment_status":"closed","ping_status":"closed","template":"elementor_header_footer","meta":{"footnotes":""},"class_list":["post-3686","page","type-page","status-publish","hentry"],"acf":[],"_links":{"self":[{"href":"https:\/\/com-pac.ovh\/preprod2\/wp-json\/wp\/v2\/pages\/3686","targetHints":{"allow":["GET"]}}],"collection":[{"href":"https:\/\/com-pac.ovh\/preprod2\/wp-json\/wp\/v2\/pages"}],"about":[{"href":"https:\/\/com-pac.ovh\/preprod2\/wp-json\/wp\/v2\/types\/page"}],"author":[{"embeddable":true,"href":"https:\/\/com-pac.ovh\/preprod2\/wp-json\/wp\/v2\/users\/1"}],"replies":[{"embeddable":true,"href":"https:\/\/com-pac.ovh\/preprod2\/wp-json\/wp\/v2\/comments?post=3686"}],"version-history":[{"count":4,"href":"https:\/\/com-pac.ovh\/preprod2\/wp-json\/wp\/v2\/pages\/3686\/revisions"}],"predecessor-version":[{"id":3691,"href":"https:\/\/com-pac.ovh\/preprod2\/wp-json\/wp\/v2\/pages\/3686\/revisions\/3691"}],"wp:attachment":[{"href":"https:\/\/com-pac.ovh\/preprod2\/wp-json\/wp\/v2\/media?parent=3686"}],"curies":[{"name":"wp","href":"https:\/\/api.w.org\/{rel}","templated":true}]}}