
{"id":4188,"date":"2025-04-17T13:39:23","date_gmt":"2025-04-17T11:39:23","guid":{"rendered":"https:\/\/com-pac.ovh\/preprod2\/?page_id=4188"},"modified":"2025-04-17T14:37:09","modified_gmt":"2025-04-17T12:37:09","slug":"panier","status":"publish","type":"page","link":"https:\/\/com-pac.ovh\/preprod2\/panier\/","title":{"rendered":"Panier"},"content":{"rendered":"\t\t<div data-elementor-type=\"wp-page\" data-elementor-id=\"4188\" class=\"elementor elementor-4188\" data-elementor-post-type=\"page\">\n\t\t\t\t<div class=\"elementor-element elementor-element-c014383 e-flex e-con-boxed wpr-particle-no wpr-jarallax-no wpr-parallax-no wpr-sticky-section-no wpr-column-slider-no wpr-equal-height-no e-con e-parent\" data-id=\"c014383\" data-element_type=\"container\" data-e-type=\"container\">\n\t\t\t\t\t<div class=\"e-con-inner\">\n\t\t\t\t<div class=\"elementor-element elementor-element-f485200 elementor-widget elementor-widget-heading\" data-id=\"f485200\" data-element_type=\"widget\" data-e-type=\"widget\" data-widget_type=\"heading.default\">\n\t\t\t\t<div class=\"elementor-widget-container\">\n\t\t\t\t\t<h2 class=\"elementor-heading-title elementor-size-default\">Panier<\/h2>\t\t\t\t<\/div>\n\t\t\t\t<\/div>\n\t\t\t\t<div class=\"elementor-element elementor-element-3677d53 elementor-widget__width-initial elementor-widget elementor-widget-shortcode\" data-id=\"3677d53\" data-element_type=\"widget\" data-e-type=\"widget\" data-widget_type=\"shortcode.default\">\n\t\t\t\t<div class=\"elementor-widget-container\">\n\t\t\t\t\t\t\t<div class=\"elementor-shortcode\"><\/div>\n\t\t\t\t\t\t<\/div>\n\t\t\t\t<\/div>\n\t\t\t\t\t<\/div>\n\t\t\t\t<\/div>\n\t\t\t\t<\/div>\n\t\t","protected":false},"excerpt":{"rendered":"<p>Panier &nbsp; Produit &nbsp; Prix Quantit\u00e9 Sous-total &times; Fertilisant EASYCARBO 250 ml 10,50&nbsp;&euro; quantit\u00e9 de Fertilisant EASYCARBO 250 ml 10,50&nbsp;&euro; &times; Hyphessobrycon Herbertaxelrodi 2,88&nbsp;&euro; quantit\u00e9 de Hyphessobrycon Herbertaxelrodi 8,64&nbsp;&euro; Mise \u00e0 jour le panier Appliquer le code promo Totaux du panier Sous-total 19,14&nbsp;&euro; Exp\u00e9dition Calculer les frais d\u2019exp\u00e9dition Pays\u00a0\/ r\u00e9gion S\u00e9lectionner un pays\/r\u00e9gion\u2026France Ville\u00a0: Code postal Mettre \u00e0 jour Total 19,14&nbsp;&euro; Passer \u00e0 la commande<\/p>\n","protected":false},"author":1,"featured_media":0,"parent":0,"menu_order":0,"comment_status":"closed","ping_status":"closed","template":"elementor_header_footer","meta":{"footnotes":""},"class_list":["post-4188","page","type-page","status-publish","hentry"],"acf":[],"_links":{"self":[{"href":"https:\/\/com-pac.ovh\/preprod2\/wp-json\/wp\/v2\/pages\/4188","targetHints":{"allow":["GET"]}}],"collection":[{"href":"https:\/\/com-pac.ovh\/preprod2\/wp-json\/wp\/v2\/pages"}],"about":[{"href":"https:\/\/com-pac.ovh\/preprod2\/wp-json\/wp\/v2\/types\/page"}],"author":[{"embeddable":true,"href":"https:\/\/com-pac.ovh\/preprod2\/wp-json\/wp\/v2\/users\/1"}],"replies":[{"embeddable":true,"href":"https:\/\/com-pac.ovh\/preprod2\/wp-json\/wp\/v2\/comments?post=4188"}],"version-history":[{"count":21,"href":"https:\/\/com-pac.ovh\/preprod2\/wp-json\/wp\/v2\/pages\/4188\/revisions"}],"predecessor-version":[{"id":4212,"href":"https:\/\/com-pac.ovh\/preprod2\/wp-json\/wp\/v2\/pages\/4188\/revisions\/4212"}],"wp:attachment":[{"href":"https:\/\/com-pac.ovh\/preprod2\/wp-json\/wp\/v2\/media?parent=4188"}],"curies":[{"name":"wp","href":"https:\/\/api.w.org\/{rel}","templated":true}]}}