
{"id":1647,"date":"2023-09-19T11:06:22","date_gmt":"2023-09-19T09:06:22","guid":{"rendered":"https:\/\/com-pac.ovh\/preprod2\/produit\/primo-juwel-70-led-2\/"},"modified":"2025-06-11T11:48:47","modified_gmt":"2025-06-11T09:48:47","slug":"primo-juwel-70-led-2","status":"publish","type":"product","link":"https:\/\/com-pac.ovh\/preprod2\/produit\/primo-juwel-70-led-2\/","title":{"rendered":"PRIMO JUWEL 70 LED"},"content":{"rendered":"","protected":false},"excerpt":{"rendered":"<p>Le PRIMO JUWEL 70 LED allie design moderne et technologie performante pour offrir un environnement optimal \u00e0 vos poissons. Avec son \u00e9clairage LED \u00e9conome en \u00e9nergie, son syst\u00e8me de filtration performant et sa cuve de 70 litres, il constitue le choix parfait pour les aquariophiles d\u00e9butants ou ceux souhaitant un aquarium compact et \u00e9l\u00e9gant. Facile \u00e0 installer et \u00e0 entretenir, il apporte une touche de nature et de s\u00e9r\u00e9nit\u00e9 \u00e0 votre int\u00e9rieur.<\/p>\n","protected":false},"featured_media":5999,"comment_status":"open","ping_status":"closed","template":"","meta":[],"product_brand":[1599],"product_cat":[829,84],"product_tag":[],"class_list":{"0":"post-1647","1":"product","2":"type-product","3":"status-publish","4":"has-post-thumbnail","6":"product_brand-juwel","7":"product_cat-aquariums","8":"product_cat-materiel-nourriture","9":"product_shipping_class-aquariums","10":"pa_couleur-noir","11":"pa_hauteur-de-laquarium-en-cm-2601","12":"pa_volume-de-laquarium-70-l","14":"first","15":"instock","16":"taxable","17":"shipping-taxable","18":"purchasable","19":"product-type-simple"},"acf":[],"_links":{"self":[{"href":"https:\/\/com-pac.ovh\/preprod2\/wp-json\/wp\/v2\/product\/1647","targetHints":{"allow":["GET"]}}],"collection":[{"href":"https:\/\/com-pac.ovh\/preprod2\/wp-json\/wp\/v2\/product"}],"about":[{"href":"https:\/\/com-pac.ovh\/preprod2\/wp-json\/wp\/v2\/types\/product"}],"replies":[{"embeddable":true,"href":"https:\/\/com-pac.ovh\/preprod2\/wp-json\/wp\/v2\/comments?post=1647"}],"wp:featuredmedia":[{"embeddable":true,"href":"https:\/\/com-pac.ovh\/preprod2\/wp-json\/wp\/v2\/media\/5999"}],"wp:attachment":[{"href":"https:\/\/com-pac.ovh\/preprod2\/wp-json\/wp\/v2\/media?parent=1647"}],"wp:term":[{"taxonomy":"product_brand","embeddable":true,"href":"https:\/\/com-pac.ovh\/preprod2\/wp-json\/wp\/v2\/product_brand?post=1647"},{"taxonomy":"product_cat","embeddable":true,"href":"https:\/\/com-pac.ovh\/preprod2\/wp-json\/wp\/v2\/product_cat?post=1647"},{"taxonomy":"product_tag","embeddable":true,"href":"https:\/\/com-pac.ovh\/preprod2\/wp-json\/wp\/v2\/product_tag?post=1647"}],"curies":[{"name":"wp","href":"https:\/\/api.w.org\/{rel}","templated":true}]}}