
{"id":1650,"date":"2023-09-23T19:03:20","date_gmt":"2023-09-23T17:03:20","guid":{"rendered":"https:\/\/com-pac.ovh\/preprod2\/produit\/conditionneur-d-eau-biotopol\/"},"modified":"2025-06-06T12:48:53","modified_gmt":"2025-06-06T10:48:53","slug":"conditionneur-d-eau-biotopol","status":"publish","type":"product","link":"https:\/\/com-pac.ovh\/preprod2\/produit\/conditionneur-d-eau-biotopol\/","title":{"rendered":"Conditionneur d&#8217;eau BIOTOPOL"},"content":{"rendered":"<p>Une eau d\u2019aquarium adapt\u00e9e aux poissons et aux plantes : pour une nouvelle installation ou un renouvellement d\u2019eau et pour fortifier les poissons apr\u00e8s une maladie. Pour aquariums et tortues d\u2019eau douce.<br \/>\nFixe les substances probl\u00e9matiques de l&#8217;eau du robinet : neutralise le cuivre, le plomb et le zinc, ainsi que le chlore et les chloramines.<br \/>\nEau saine, poissons en bonne sant\u00e9 : prot\u00e8ge muqueuses, branchies, peau et nageoires gr\u00e2ce \u00e0 l\u2019alo\u00e9 vera.<br \/>\nProtection contre le stress et renforcement du syst\u00e8me immunitaire par un complexe de vitamines B.<br \/>\nCompris dans la livraison : 1 conditionneur d\u2019eau pour aquarium. Utilisation : 10 ml pour 40 l d\u2019eau. Recharge disponible, pour une protection active de l&#8217;environnement.<\/p>\n","protected":false},"excerpt":{"rendered":"<p>JBL Biotopol<br \/>\nConditionneur d\u2019eau pour aquarium d\u2019eau douce<\/p>\n","protected":false},"featured_media":5996,"comment_status":"open","ping_status":"closed","template":"","meta":[],"product_brand":[1594],"product_cat":[84,1190,25],"product_tag":[],"class_list":{"0":"post-1650","1":"product","2":"type-product","3":"status-publish","4":"has-post-thumbnail","6":"product_brand-jbl","7":"product_cat-materiel-nourriture","8":"product_cat-special-bassin","9":"product_cat-traitements-de-leau","10":"product_shipping_class-materiel-nourriture","11":"pa_contenance-100ml","12":"pa_contenance-250ml","13":"pa_type-de-poissons-toutes-especes","15":"first","16":"instock","17":"taxable","18":"shipping-taxable","19":"purchasable","20":"product-type-variable"},"acf":[],"_links":{"self":[{"href":"https:\/\/com-pac.ovh\/preprod2\/wp-json\/wp\/v2\/product\/1650","targetHints":{"allow":["GET"]}}],"collection":[{"href":"https:\/\/com-pac.ovh\/preprod2\/wp-json\/wp\/v2\/product"}],"about":[{"href":"https:\/\/com-pac.ovh\/preprod2\/wp-json\/wp\/v2\/types\/product"}],"replies":[{"embeddable":true,"href":"https:\/\/com-pac.ovh\/preprod2\/wp-json\/wp\/v2\/comments?post=1650"}],"wp:featuredmedia":[{"embeddable":true,"href":"https:\/\/com-pac.ovh\/preprod2\/wp-json\/wp\/v2\/media\/5996"}],"wp:attachment":[{"href":"https:\/\/com-pac.ovh\/preprod2\/wp-json\/wp\/v2\/media?parent=1650"}],"wp:term":[{"taxonomy":"product_brand","embeddable":true,"href":"https:\/\/com-pac.ovh\/preprod2\/wp-json\/wp\/v2\/product_brand?post=1650"},{"taxonomy":"product_cat","embeddable":true,"href":"https:\/\/com-pac.ovh\/preprod2\/wp-json\/wp\/v2\/product_cat?post=1650"},{"taxonomy":"product_tag","embeddable":true,"href":"https:\/\/com-pac.ovh\/preprod2\/wp-json\/wp\/v2\/product_tag?post=1650"}],"curies":[{"name":"wp","href":"https:\/\/api.w.org\/{rel}","templated":true}]}}