
{"id":1654,"date":"2023-09-23T19:20:35","date_gmt":"2023-09-23T17:20:35","guid":{"rendered":"https:\/\/com-pac.ovh\/preprod2\/produit\/fertilisant-easycarbo-250-ml\/"},"modified":"2025-06-06T12:39:27","modified_gmt":"2025-06-06T10:39:27","slug":"fertilisant-easycarbo","status":"publish","type":"product","link":"https:\/\/com-pac.ovh\/preprod2\/produit\/fertilisant-easycarbo\/","title":{"rendered":"Fertilisant EASYCARBO"},"content":{"rendered":"<p data-start=\"62\" data-end=\"296\"><strong data-start=\"62\" data-end=\"75\">EasyCarbo<\/strong> est une source de carbone liquide puissante et efficace pour les plantes d\u2019aquarium.<br data-start=\"160\" data-end=\"163\" \/>Il favorise leur croissance, am\u00e9liore leur apparence et <strong data-start=\"219\" data-end=\"257\">r\u00e9duit la prolif\u00e9ration des algues<\/strong> en renfor\u00e7ant la concurrence v\u00e9g\u00e9tale.<br \/>\nApporte un <strong data-start=\"311\" data-end=\"332\">carbone essentiel<\/strong> \u00e0 la photosynth\u00e8se.<br \/>\nAgit rapidement, m\u00eame \u00e0 faible dose.<br \/>\nId\u00e9al en compl\u00e9ment du fertilisant <strong data-start=\"429\" data-end=\"440\">ProFito<\/strong>.<br \/>\nR\u00e9sultats visibles en <strong data-start=\"466\" data-end=\"480\">2 semaines<\/strong>, notamment sur les cryptocorynes et \u00e9chinodorus.<br \/>\nUn apport r\u00e9gulier en carbone permet aux plantes de <strong data-start=\"583\" data-end=\"618\">mieux rivaliser avec les algues<\/strong>, qui finissent par dispara\u00eetre naturellement.<\/p>\n","protected":false},"excerpt":{"rendered":"<p>EasyCarbo est une nutrition carbon\u00e9e tr\u00e8s puissante et efficace pour plantes d\u2019aquarium.<br \/>\nContenance : 205ml ou 500ml<\/p>\n","protected":false},"featured_media":1653,"comment_status":"open","ping_status":"closed","template":"","meta":[],"product_brand":[1596,1594],"product_cat":[38,84,25],"product_tag":[],"class_list":{"0":"post-1654","1":"product","2":"type-product","3":"status-publish","4":"has-post-thumbnail","6":"product_brand-easy-life","7":"product_brand-jbl","8":"product_cat-engrais","9":"product_cat-materiel-nourriture","10":"product_cat-traitements-de-leau","11":"product_shipping_class-materiel-nourriture","12":"pa_contenance-250ml","13":"pa_contenance-500ml","15":"first","16":"instock","17":"taxable","18":"shipping-taxable","19":"purchasable","20":"product-type-variable"},"acf":[],"_links":{"self":[{"href":"https:\/\/com-pac.ovh\/preprod2\/wp-json\/wp\/v2\/product\/1654","targetHints":{"allow":["GET"]}}],"collection":[{"href":"https:\/\/com-pac.ovh\/preprod2\/wp-json\/wp\/v2\/product"}],"about":[{"href":"https:\/\/com-pac.ovh\/preprod2\/wp-json\/wp\/v2\/types\/product"}],"replies":[{"embeddable":true,"href":"https:\/\/com-pac.ovh\/preprod2\/wp-json\/wp\/v2\/comments?post=1654"}],"wp:featuredmedia":[{"embeddable":true,"href":"https:\/\/com-pac.ovh\/preprod2\/wp-json\/wp\/v2\/media\/1653"}],"wp:attachment":[{"href":"https:\/\/com-pac.ovh\/preprod2\/wp-json\/wp\/v2\/media?parent=1654"}],"wp:term":[{"taxonomy":"product_brand","embeddable":true,"href":"https:\/\/com-pac.ovh\/preprod2\/wp-json\/wp\/v2\/product_brand?post=1654"},{"taxonomy":"product_cat","embeddable":true,"href":"https:\/\/com-pac.ovh\/preprod2\/wp-json\/wp\/v2\/product_cat?post=1654"},{"taxonomy":"product_tag","embeddable":true,"href":"https:\/\/com-pac.ovh\/preprod2\/wp-json\/wp\/v2\/product_tag?post=1654"}],"curies":[{"name":"wp","href":"https:\/\/api.w.org\/{rel}","templated":true}]}}