
{"id":1656,"date":"2023-09-23T19:35:48","date_gmt":"2023-09-23T17:35:48","guid":{"rendered":"https:\/\/com-pac.ovh\/preprod2\/produit\/anti-algues-algexit-250-ml\/"},"modified":"2025-06-06T12:35:54","modified_gmt":"2025-06-06T10:35:54","slug":"anti-algues-algexit","status":"publish","type":"product","link":"https:\/\/com-pac.ovh\/preprod2\/produit\/anti-algues-algexit\/","title":{"rendered":"Anti Algues AlgExit"},"content":{"rendered":"<p>Une eau claire sans algues<\/p>\n<p>Des algues apparaissent suite \u00e0 un mauvais \u00e9quilibre dans l\u2019aquarium, caus\u00e9 entre autres par une alimentation excessive des poissons, un trop grand nombre de poissons dans l\u2019aquarium, une fertilisation ou un \u00e9clairage excessif.\u00a0Celles-ci peuvent \u00e9galement arriver apr\u00e8s insertion de nouveaux \u00e9l\u00e9ments dans l&#8217;aquarium.<\/p>\n<p>AlgExit est un produit s\u00fbr et efficace pour lutter contre la grande majorit\u00e9 d\u2019esp\u00e8ces d\u2019algues dans l\u2019aquarium d\u2019eau douce. Il lutte activement contre les algues, dont algues \u00e0 barbe, pinceaux et filamenteuses. AlgExit est simple et \u00e9conomique \u00e0 l\u2019usage et inoffensif pour les poissons, crevettes, escargots ou plantes. La croissance des algues est d\u2019abord arr\u00eat\u00e9e. Ensuite, les algues disparaissent. De plus, il \u00e9limine les spores d\u2019algues encore pr\u00e9sentes.<\/p>\n","protected":false},"excerpt":{"rendered":"<p>AlgExit est un produit s\u00fbr et efficace pour lutter contre la grande majorit\u00e9 d\u2019esp\u00e8ces d\u2019algues dans l\u2019aquarium d\u2019eau douce.<br \/>\nContenance : 250ml ou 500ml.<\/p>\n","protected":false},"featured_media":1655,"comment_status":"open","ping_status":"closed","template":"","meta":[],"product_brand":[1594],"product_cat":[37,84,25],"product_tag":[],"class_list":{"0":"post-1656","1":"product","2":"type-product","3":"status-publish","4":"has-post-thumbnail","6":"product_brand-jbl","7":"product_cat-additifs","8":"product_cat-materiel-nourriture","9":"product_cat-traitements-de-leau","10":"product_shipping_class-materiel-nourriture","11":"pa_contenance-250ml","12":"pa_contenance-500ml","14":"first","15":"instock","16":"taxable","17":"shipping-taxable","18":"purchasable","19":"product-type-variable"},"acf":[],"_links":{"self":[{"href":"https:\/\/com-pac.ovh\/preprod2\/wp-json\/wp\/v2\/product\/1656","targetHints":{"allow":["GET"]}}],"collection":[{"href":"https:\/\/com-pac.ovh\/preprod2\/wp-json\/wp\/v2\/product"}],"about":[{"href":"https:\/\/com-pac.ovh\/preprod2\/wp-json\/wp\/v2\/types\/product"}],"replies":[{"embeddable":true,"href":"https:\/\/com-pac.ovh\/preprod2\/wp-json\/wp\/v2\/comments?post=1656"}],"wp:featuredmedia":[{"embeddable":true,"href":"https:\/\/com-pac.ovh\/preprod2\/wp-json\/wp\/v2\/media\/1655"}],"wp:attachment":[{"href":"https:\/\/com-pac.ovh\/preprod2\/wp-json\/wp\/v2\/media?parent=1656"}],"wp:term":[{"taxonomy":"product_brand","embeddable":true,"href":"https:\/\/com-pac.ovh\/preprod2\/wp-json\/wp\/v2\/product_brand?post=1656"},{"taxonomy":"product_cat","embeddable":true,"href":"https:\/\/com-pac.ovh\/preprod2\/wp-json\/wp\/v2\/product_cat?post=1656"},{"taxonomy":"product_tag","embeddable":true,"href":"https:\/\/com-pac.ovh\/preprod2\/wp-json\/wp\/v2\/product_tag?post=1656"}],"curies":[{"name":"wp","href":"https:\/\/api.w.org\/{rel}","templated":true}]}}