
{"id":1658,"date":"2023-09-25T15:33:22","date_gmt":"2023-09-25T13:33:22","guid":{"rendered":"https:\/\/com-pac.ovh\/preprod2\/produit\/hyphessobrycon-herbertaxelrodi\/"},"modified":"2025-06-06T15:44:22","modified_gmt":"2025-06-06T13:44:22","slug":"hyphessobrycon-herbertaxelrodi","status":"publish","type":"product","link":"https:\/\/com-pac.ovh\/preprod2\/produit\/hyphessobrycon-herbertaxelrodi\/","title":{"rendered":"Hyphessobrycon Herbertaxelrodi"},"content":{"rendered":"<p>La taille, \u00e0 peine plus 3\u202fcm, le rend compatible pour les petits aquariums. Pacifique et facile \u00e0 maintenir. Le n\u00e9on noir fait parti des esp\u00e8ces \u00e0 proposer en\u00a0aquarium d&#8217;eau douce communautaire ainsi que pour les\u00a0d\u00e9butants.<\/p>\n","protected":false},"excerpt":{"rendered":"<p>Petit poisson de banc ne d\u00e9passant pas les 3 cm.<\/p>\n","protected":false},"featured_media":1657,"comment_status":"open","ping_status":"closed","template":"","meta":[],"product_brand":[],"product_cat":[82,824],"product_tag":[],"class_list":{"0":"post-1658","1":"product","2":"type-product","3":"status-publish","4":"has-post-thumbnail","6":"product_cat-poissons-invertebres","7":"product_cat-poissons-deau-douce","8":"product_shipping_class-vivants","9":"pa_continent-amerique-du-sud","10":"pa_gh-10-a-15","11":"pa_ph-6-0-7-5-4","12":"pa_taille-en-cm-1325","13":"pa_taillemaximale-4cm-2","14":"pa_volumeminimum-60l","16":"first","17":"instock","18":"taxable","19":"shipping-taxable","20":"purchasable","21":"product-type-simple"},"acf":[],"_links":{"self":[{"href":"https:\/\/com-pac.ovh\/preprod2\/wp-json\/wp\/v2\/product\/1658","targetHints":{"allow":["GET"]}}],"collection":[{"href":"https:\/\/com-pac.ovh\/preprod2\/wp-json\/wp\/v2\/product"}],"about":[{"href":"https:\/\/com-pac.ovh\/preprod2\/wp-json\/wp\/v2\/types\/product"}],"replies":[{"embeddable":true,"href":"https:\/\/com-pac.ovh\/preprod2\/wp-json\/wp\/v2\/comments?post=1658"}],"wp:featuredmedia":[{"embeddable":true,"href":"https:\/\/com-pac.ovh\/preprod2\/wp-json\/wp\/v2\/media\/1657"}],"wp:attachment":[{"href":"https:\/\/com-pac.ovh\/preprod2\/wp-json\/wp\/v2\/media?parent=1658"}],"wp:term":[{"taxonomy":"product_brand","embeddable":true,"href":"https:\/\/com-pac.ovh\/preprod2\/wp-json\/wp\/v2\/product_brand?post=1658"},{"taxonomy":"product_cat","embeddable":true,"href":"https:\/\/com-pac.ovh\/preprod2\/wp-json\/wp\/v2\/product_cat?post=1658"},{"taxonomy":"product_tag","embeddable":true,"href":"https:\/\/com-pac.ovh\/preprod2\/wp-json\/wp\/v2\/product_tag?post=1658"}],"curies":[{"name":"wp","href":"https:\/\/api.w.org\/{rel}","templated":true}]}}