
{"id":1676,"date":"2023-09-27T16:13:57","date_gmt":"2023-09-27T14:13:57","guid":{"rendered":"https:\/\/com-pac.ovh\/preprod2\/produit\/kit-production-artemia\/"},"modified":"2025-06-06T12:30:59","modified_gmt":"2025-06-06T10:30:59","slug":"kit-production-artemia","status":"publish","type":"product","link":"https:\/\/com-pac.ovh\/preprod2\/produit\/kit-production-artemia\/","title":{"rendered":"Kit de production d&#8217;artemias"},"content":{"rendered":"<p>Vous souhaitez nourrir vos alevins ? Vous souhaitez donner de la nourriture vivante \u00e0 vos guppys ? Ce kit complet est fait pour vous. Le r\u00e9cipient d&#8217;\u00e9levage est livr\u00e9 complet avec son brassage d&#8217;air aliment\u00e9 par une pompe. Verser la quantit\u00e9 d&#8217;eau n\u00e9cessaire, m\u00e9langer le sel et les art\u00e9mias (selon les doses prescrites dans les documentations fournies) et sous 48H vous disposerez d&#8217;une alimentation vivante adapt\u00e9e \u00e0 la bouches des alevins qui seront stimul\u00e9s par les mouvements des nauplies d&#8217;art\u00e9mia.<\/p>\n","protected":false},"excerpt":{"rendered":"<p>Kit comprenant :<\/p>\n<p>&#8211; 1 Boite 20 g d&#8217;oeuf d&#8217;art\u00e9mia<\/p>\n<p>&#8211; 1 Sachet sel<\/p>\n<p>&#8211; 1 Tamis<\/p>\n<p>&#8211; 1 pompe \u00e0 air<\/p>\n<p>&#8211; 1 r\u00e9cipient d&#8217;\u00e9levage<\/p>\n<p>Prix tr\u00e8s avantageux<\/p>\n","protected":false},"featured_media":1671,"comment_status":"open","ping_status":"closed","template":"","meta":[],"product_brand":[],"product_cat":[827,84],"product_tag":[],"class_list":{"0":"post-1676","1":"product","2":"type-product","3":"status-publish","4":"has-post-thumbnail","6":"product_cat-accessoires","7":"product_cat-materiel-nourriture","8":"product_shipping_class-materiel-nourriture","10":"first","11":"instock","12":"taxable","13":"shipping-taxable","14":"purchasable","15":"product-type-simple"},"acf":[],"_links":{"self":[{"href":"https:\/\/com-pac.ovh\/preprod2\/wp-json\/wp\/v2\/product\/1676","targetHints":{"allow":["GET"]}}],"collection":[{"href":"https:\/\/com-pac.ovh\/preprod2\/wp-json\/wp\/v2\/product"}],"about":[{"href":"https:\/\/com-pac.ovh\/preprod2\/wp-json\/wp\/v2\/types\/product"}],"replies":[{"embeddable":true,"href":"https:\/\/com-pac.ovh\/preprod2\/wp-json\/wp\/v2\/comments?post=1676"}],"wp:featuredmedia":[{"embeddable":true,"href":"https:\/\/com-pac.ovh\/preprod2\/wp-json\/wp\/v2\/media\/1671"}],"wp:attachment":[{"href":"https:\/\/com-pac.ovh\/preprod2\/wp-json\/wp\/v2\/media?parent=1676"}],"wp:term":[{"taxonomy":"product_brand","embeddable":true,"href":"https:\/\/com-pac.ovh\/preprod2\/wp-json\/wp\/v2\/product_brand?post=1676"},{"taxonomy":"product_cat","embeddable":true,"href":"https:\/\/com-pac.ovh\/preprod2\/wp-json\/wp\/v2\/product_cat?post=1676"},{"taxonomy":"product_tag","embeddable":true,"href":"https:\/\/com-pac.ovh\/preprod2\/wp-json\/wp\/v2\/product_tag?post=1676"}],"curies":[{"name":"wp","href":"https:\/\/api.w.org\/{rel}","templated":true}]}}