
{"id":1680,"date":"2023-09-30T08:28:12","date_gmt":"2023-09-30T06:28:12","guid":{"rendered":"https:\/\/com-pac.ovh\/preprod2\/produit\/sel-a-artemia\/"},"modified":"2025-06-06T12:30:16","modified_gmt":"2025-06-06T10:30:16","slug":"sel-a-artemia","status":"publish","type":"product","link":"https:\/\/com-pac.ovh\/preprod2\/produit\/sel-a-artemia\/","title":{"rendered":"Sel \u00e0 artemia"},"content":{"rendered":"<p>Ce sel est enrichi avec des oligo\u00e9l\u00e9ments et du phytoplancton que l&#8217;on trouve dans la mer. 32 Grammes pour 1 L d&#8217;eau<\/p>\n","protected":false},"excerpt":{"rendered":"<p>Sel sp\u00e9cial pour l&#8217;\u00e9levage des art\u00e9mias<\/p>\n","protected":false},"featured_media":1678,"comment_status":"open","ping_status":"closed","template":"","meta":[],"product_brand":[1594],"product_cat":[827,84],"product_tag":[],"class_list":{"0":"post-1680","1":"product","2":"type-product","3":"status-publish","4":"has-post-thumbnail","6":"product_brand-jbl","7":"product_cat-accessoires","8":"product_cat-materiel-nourriture","9":"product_shipping_class-materiel-nourriture","10":"pa_contenance-195g","11":"pa_type-de-poissons-petits-poissons","13":"first","14":"instock","15":"taxable","16":"shipping-taxable","17":"purchasable","18":"product-type-simple"},"acf":[],"_links":{"self":[{"href":"https:\/\/com-pac.ovh\/preprod2\/wp-json\/wp\/v2\/product\/1680","targetHints":{"allow":["GET"]}}],"collection":[{"href":"https:\/\/com-pac.ovh\/preprod2\/wp-json\/wp\/v2\/product"}],"about":[{"href":"https:\/\/com-pac.ovh\/preprod2\/wp-json\/wp\/v2\/types\/product"}],"replies":[{"embeddable":true,"href":"https:\/\/com-pac.ovh\/preprod2\/wp-json\/wp\/v2\/comments?post=1680"}],"wp:featuredmedia":[{"embeddable":true,"href":"https:\/\/com-pac.ovh\/preprod2\/wp-json\/wp\/v2\/media\/1678"}],"wp:attachment":[{"href":"https:\/\/com-pac.ovh\/preprod2\/wp-json\/wp\/v2\/media?parent=1680"}],"wp:term":[{"taxonomy":"product_brand","embeddable":true,"href":"https:\/\/com-pac.ovh\/preprod2\/wp-json\/wp\/v2\/product_brand?post=1680"},{"taxonomy":"product_cat","embeddable":true,"href":"https:\/\/com-pac.ovh\/preprod2\/wp-json\/wp\/v2\/product_cat?post=1680"},{"taxonomy":"product_tag","embeddable":true,"href":"https:\/\/com-pac.ovh\/preprod2\/wp-json\/wp\/v2\/product_tag?post=1680"}],"curies":[{"name":"wp","href":"https:\/\/api.w.org\/{rel}","templated":true}]}}