
{"id":1681,"date":"2023-09-25T16:05:27","date_gmt":"2023-09-25T14:05:27","guid":{"rendered":"https:\/\/com-pac.ovh\/preprod2\/produit\/coffret-de-test-proaquaset-combiset-plus-fe\/"},"modified":"2025-06-06T12:32:56","modified_gmt":"2025-06-06T10:32:56","slug":"coffret-de-test-proaquaset-combiset-plus-fe","status":"publish","type":"product","link":"https:\/\/com-pac.ovh\/preprod2\/produit\/coffret-de-test-proaquaset-combiset-plus-fe\/","title":{"rendered":"Coffret de test PROAQUASET COMBISET Plus Fe"},"content":{"rendered":"<p>Contr\u00f4le facile et s\u00fbr des param\u00e8tres d&#8217;eau en aquarium. D\u00e9termination du pH, de la duret\u00e9 carbonat\u00e9e, du fer, des nitrites, des nitrates, du CO2 (calcul par tableau).<br \/>\nUtilisation facile : remplir l&#8217;\u00e9prouvette d&#8217;eau de l&#8217;aquarium avec la seringue, ajouter l&#8217;indicateur et comparer la couleur avec le nuancier ou pour le test KH, compter les gouttes jusqu&#8217;au changement de couleur.<br \/>\nPrise en compte de la propre coloration de l&#8217;eau par le syst\u00e8me comparateur. Teneur en CO2 d\u00e9termin\u00e9e sur tableau par valeurs pH \/ KH.<br \/>\nFlacons de r\u00e9actifs avec s\u00e9curit\u00e9 enfants, coffret r\u00e9sistant \u00e0 l&#8217;eau, recharges de r\u00e9actifs disponibles s\u00e9par\u00e9ment.<br \/>\nContenu : 1 coffret de tests pour aquarium, 7 r\u00e9actifs, 3 \u00e9prouvettes en verre, seringue, mesurette, bloc comparateur, \u00e9prouvette en plastique, nuanciers, fiches d&#8217;analyse, mode d&#8217;emploi.<\/p>\n","protected":false},"excerpt":{"rendered":"<p>JBL PROAQUATEST COMBISET Plus Fe<br \/>\nCoffret de tests des principaux param\u00e8tres d&#8217;eau en aquarium d&#8217;eau douce, test fer inclus.<\/p>\n","protected":false},"featured_media":1666,"comment_status":"open","ping_status":"closed","template":"","meta":[],"product_brand":[1594],"product_cat":[84,25],"product_tag":[],"class_list":{"0":"post-1681","1":"product","2":"type-product","3":"status-publish","4":"has-post-thumbnail","6":"product_brand-jbl","7":"product_cat-materiel-nourriture","8":"product_cat-traitements-de-leau","9":"product_shipping_class-materiel-nourriture","11":"first","12":"instock","13":"taxable","14":"shipping-taxable","15":"purchasable","16":"product-type-simple"},"acf":[],"_links":{"self":[{"href":"https:\/\/com-pac.ovh\/preprod2\/wp-json\/wp\/v2\/product\/1681","targetHints":{"allow":["GET"]}}],"collection":[{"href":"https:\/\/com-pac.ovh\/preprod2\/wp-json\/wp\/v2\/product"}],"about":[{"href":"https:\/\/com-pac.ovh\/preprod2\/wp-json\/wp\/v2\/types\/product"}],"replies":[{"embeddable":true,"href":"https:\/\/com-pac.ovh\/preprod2\/wp-json\/wp\/v2\/comments?post=1681"}],"wp:featuredmedia":[{"embeddable":true,"href":"https:\/\/com-pac.ovh\/preprod2\/wp-json\/wp\/v2\/media\/1666"}],"wp:attachment":[{"href":"https:\/\/com-pac.ovh\/preprod2\/wp-json\/wp\/v2\/media?parent=1681"}],"wp:term":[{"taxonomy":"product_brand","embeddable":true,"href":"https:\/\/com-pac.ovh\/preprod2\/wp-json\/wp\/v2\/product_brand?post=1681"},{"taxonomy":"product_cat","embeddable":true,"href":"https:\/\/com-pac.ovh\/preprod2\/wp-json\/wp\/v2\/product_cat?post=1681"},{"taxonomy":"product_tag","embeddable":true,"href":"https:\/\/com-pac.ovh\/preprod2\/wp-json\/wp\/v2\/product_tag?post=1681"}],"curies":[{"name":"wp","href":"https:\/\/api.w.org\/{rel}","templated":true}]}}