
{"id":1684,"date":"2023-09-25T16:44:11","date_gmt":"2023-09-25T14:44:11","guid":{"rendered":"https:\/\/com-pac.ovh\/preprod2\/produit\/aimant-a-algues-aimante-jbl-m-2\/"},"modified":"2025-06-06T12:31:55","modified_gmt":"2025-06-06T10:31:55","slug":"aimant-a-algues-aimante-jbl-m-2","status":"publish","type":"product","link":"https:\/\/com-pac.ovh\/preprod2\/produit\/aimant-a-algues-aimante-jbl-m-2\/","title":{"rendered":"Aimant \u00e0 Algues aimant\u00e9 JBL M"},"content":{"rendered":"<p>Nettoyage des vitres de l\u2019aquarium sans se mouiller les mains : nettoyeur aimant\u00e9 pour l&#8217;\u00e9limination des algues sur les vitres de 6 \u00e0 15 mm d\u2019\u00e9paisseur.<br \/>\nFixer les parties aimant\u00e9es face \u00e0 face sur la vitre int\u00e9rieure et ext\u00e9rieure et \u00e9liminer les algues en faisant des mouvements circulaires<br \/>\nManipulation confortable : poign\u00e9e stable avec rainure de pr\u00e9hension.<br \/>\nAimants puissants pour une bonne adh\u00e9rence et un nettoyage rapide.<br \/>\nContenu : 1 nettoyeur de vitres aimant\u00e9 comprenant un \u00e9l\u00e9ment ext\u00e9rieur et un \u00e9l\u00e9ment nettoyeur int\u00e9rieur<\/p>\n","protected":false},"excerpt":{"rendered":"<p>JBL Nettoyeur de vitre aimant\u00e9<br \/>\nNettoyeur de vitres aimant\u00e9 pour vitres d\u2019aquarium<\/p>\n","protected":false},"featured_media":1667,"comment_status":"open","ping_status":"closed","template":"","meta":[],"product_brand":[1594],"product_cat":[827,84],"product_tag":[],"class_list":{"0":"post-1684","1":"product","2":"type-product","3":"status-publish","4":"has-post-thumbnail","6":"product_brand-jbl","7":"product_cat-accessoires","8":"product_cat-materiel-nourriture","9":"product_shipping_class-materiel-nourriture","11":"first","12":"instock","13":"taxable","14":"shipping-taxable","15":"purchasable","16":"product-type-simple"},"acf":[],"_links":{"self":[{"href":"https:\/\/com-pac.ovh\/preprod2\/wp-json\/wp\/v2\/product\/1684","targetHints":{"allow":["GET"]}}],"collection":[{"href":"https:\/\/com-pac.ovh\/preprod2\/wp-json\/wp\/v2\/product"}],"about":[{"href":"https:\/\/com-pac.ovh\/preprod2\/wp-json\/wp\/v2\/types\/product"}],"replies":[{"embeddable":true,"href":"https:\/\/com-pac.ovh\/preprod2\/wp-json\/wp\/v2\/comments?post=1684"}],"wp:featuredmedia":[{"embeddable":true,"href":"https:\/\/com-pac.ovh\/preprod2\/wp-json\/wp\/v2\/media\/1667"}],"wp:attachment":[{"href":"https:\/\/com-pac.ovh\/preprod2\/wp-json\/wp\/v2\/media?parent=1684"}],"wp:term":[{"taxonomy":"product_brand","embeddable":true,"href":"https:\/\/com-pac.ovh\/preprod2\/wp-json\/wp\/v2\/product_brand?post=1684"},{"taxonomy":"product_cat","embeddable":true,"href":"https:\/\/com-pac.ovh\/preprod2\/wp-json\/wp\/v2\/product_cat?post=1684"},{"taxonomy":"product_tag","embeddable":true,"href":"https:\/\/com-pac.ovh\/preprod2\/wp-json\/wp\/v2\/product_tag?post=1684"}],"curies":[{"name":"wp","href":"https:\/\/api.w.org\/{rel}","templated":true}]}}