
{"id":1691,"date":"2023-09-30T08:44:51","date_gmt":"2023-09-30T06:44:51","guid":{"rendered":"https:\/\/com-pac.ovh\/preprod2\/produit\/recipient-de-culture-d-artemias\/"},"modified":"2025-06-06T12:29:19","modified_gmt":"2025-06-06T10:29:19","slug":"recipient-de-culture-d-artemias","status":"publish","type":"product","link":"https:\/\/com-pac.ovh\/preprod2\/produit\/recipient-de-culture-d-artemias\/","title":{"rendered":"R\u00e9cipient de culture d&#8217;art\u00e9mias"},"content":{"rendered":"<p>R\u00e9cipient pour la culture des art\u00e9mias comprenant :<br \/>\nSupport pour le montage.<br \/>\ndiffuseur d&#8217;air<br \/>\nraccords pour connecter le diffuseur d&#8217;air<br \/>\npipette \u00e0 aliments<br \/>\nCuill\u00e8re de dosage pour le sel<br \/>\nCuill\u00e8re de dosage pour les oeufs d&#8217;art\u00e9mias.<\/p>\n","protected":false},"excerpt":{"rendered":"<p>R\u00e9cipient pour la culture des art\u00e9mias<\/p>\n","protected":false},"featured_media":1682,"comment_status":"open","ping_status":"closed","template":"","meta":[],"product_brand":[1594],"product_cat":[827,84],"product_tag":[],"class_list":{"0":"post-1691","1":"product","2":"type-product","3":"status-publish","4":"has-post-thumbnail","6":"product_brand-jbl","7":"product_cat-accessoires","8":"product_cat-materiel-nourriture","9":"product_shipping_class-materiel-nourriture","10":"pa_type-de-poissons-petits-poissons","12":"first","13":"instock","14":"taxable","15":"shipping-taxable","16":"purchasable","17":"product-type-simple"},"acf":[],"_links":{"self":[{"href":"https:\/\/com-pac.ovh\/preprod2\/wp-json\/wp\/v2\/product\/1691","targetHints":{"allow":["GET"]}}],"collection":[{"href":"https:\/\/com-pac.ovh\/preprod2\/wp-json\/wp\/v2\/product"}],"about":[{"href":"https:\/\/com-pac.ovh\/preprod2\/wp-json\/wp\/v2\/types\/product"}],"replies":[{"embeddable":true,"href":"https:\/\/com-pac.ovh\/preprod2\/wp-json\/wp\/v2\/comments?post=1691"}],"wp:featuredmedia":[{"embeddable":true,"href":"https:\/\/com-pac.ovh\/preprod2\/wp-json\/wp\/v2\/media\/1682"}],"wp:attachment":[{"href":"https:\/\/com-pac.ovh\/preprod2\/wp-json\/wp\/v2\/media?parent=1691"}],"wp:term":[{"taxonomy":"product_brand","embeddable":true,"href":"https:\/\/com-pac.ovh\/preprod2\/wp-json\/wp\/v2\/product_brand?post=1691"},{"taxonomy":"product_cat","embeddable":true,"href":"https:\/\/com-pac.ovh\/preprod2\/wp-json\/wp\/v2\/product_cat?post=1691"},{"taxonomy":"product_tag","embeddable":true,"href":"https:\/\/com-pac.ovh\/preprod2\/wp-json\/wp\/v2\/product_tag?post=1691"}],"curies":[{"name":"wp","href":"https:\/\/api.w.org\/{rel}","templated":true}]}}