
{"id":1696,"date":"2023-09-30T09:06:46","date_gmt":"2023-09-30T07:06:46","guid":{"rendered":"https:\/\/com-pac.ovh\/preprod2\/produit\/oeufs-d-artemias\/"},"modified":"2025-06-06T12:28:03","modified_gmt":"2025-06-06T10:28:03","slug":"oeufs-d-artemias","status":"publish","type":"product","link":"https:\/\/com-pac.ovh\/preprod2\/produit\/oeufs-d-artemias\/","title":{"rendered":"Oeufs d&#8217;art\u00e9mias"},"content":{"rendered":"<p>Des aliments vivants toujours frais obtenus en 24 &#8211; 48 h apr\u00e8s m\u00e9lange dans de l&#8217;eau et du sel sp\u00e9cial art\u00e9mias. Favorise le d\u00e9veloppement des couleurs et active l&#8217;instinct naturel de la pr\u00e9dation. Id\u00e9al pour alevins et petits poissons.<\/p>\n","protected":false},"excerpt":{"rendered":"<p>Oeufs d&#8217;art\u00e9mias.<\/p>\n","protected":false},"featured_media":1695,"comment_status":"open","ping_status":"closed","template":"","meta":[],"product_brand":[1594],"product_cat":[827,84],"product_tag":[],"class_list":{"0":"post-1696","1":"product","2":"type-product","3":"status-publish","4":"has-post-thumbnail","6":"product_brand-jbl","7":"product_cat-accessoires","8":"product_cat-materiel-nourriture","9":"product_shipping_class-materiel-nourriture","10":"pa_contenance-20ml","11":"pa_type-de-poissons-petits-poissons","13":"first","14":"instock","15":"taxable","16":"shipping-taxable","17":"purchasable","18":"product-type-simple"},"acf":[],"_links":{"self":[{"href":"https:\/\/com-pac.ovh\/preprod2\/wp-json\/wp\/v2\/product\/1696","targetHints":{"allow":["GET"]}}],"collection":[{"href":"https:\/\/com-pac.ovh\/preprod2\/wp-json\/wp\/v2\/product"}],"about":[{"href":"https:\/\/com-pac.ovh\/preprod2\/wp-json\/wp\/v2\/types\/product"}],"replies":[{"embeddable":true,"href":"https:\/\/com-pac.ovh\/preprod2\/wp-json\/wp\/v2\/comments?post=1696"}],"wp:featuredmedia":[{"embeddable":true,"href":"https:\/\/com-pac.ovh\/preprod2\/wp-json\/wp\/v2\/media\/1695"}],"wp:attachment":[{"href":"https:\/\/com-pac.ovh\/preprod2\/wp-json\/wp\/v2\/media?parent=1696"}],"wp:term":[{"taxonomy":"product_brand","embeddable":true,"href":"https:\/\/com-pac.ovh\/preprod2\/wp-json\/wp\/v2\/product_brand?post=1696"},{"taxonomy":"product_cat","embeddable":true,"href":"https:\/\/com-pac.ovh\/preprod2\/wp-json\/wp\/v2\/product_cat?post=1696"},{"taxonomy":"product_tag","embeddable":true,"href":"https:\/\/com-pac.ovh\/preprod2\/wp-json\/wp\/v2\/product_tag?post=1696"}],"curies":[{"name":"wp","href":"https:\/\/api.w.org\/{rel}","templated":true}]}}