
{"id":1702,"date":"2023-09-30T10:12:28","date_gmt":"2023-09-30T08:12:28","guid":{"rendered":"https:\/\/com-pac.ovh\/preprod2\/produit\/ouate-filtrante-pour-aquaium\/"},"modified":"2025-06-06T12:24:22","modified_gmt":"2025-06-06T10:24:22","slug":"ouate-filtrante-pour-aquaium","status":"publish","type":"product","link":"https:\/\/com-pac.ovh\/preprod2\/produit\/ouate-filtrante-pour-aquaium\/","title":{"rendered":"Ouate filtrante pour aquarium"},"content":{"rendered":"<p>Ouate filtrante enti\u00e8rement synth\u00e9tique pour la filtration m\u00e9canique et biologique en aquarium d&#8217;eau douce et d&#8217;eau de mer. Peut \u00eatre utilis\u00e9e seule qu&#8217;associ\u00e9e \u00e0 tout autre m\u00e9dia de filtration courant. Convient \u00e9galement pour le nettoyage des vitres de l&#8217;aquarium.<\/p>\n","protected":false},"excerpt":{"rendered":"<p>Ouate filtrante pour tous filtres d&#8217;aquarium<\/p>\n","protected":false},"featured_media":1701,"comment_status":"open","ping_status":"closed","template":"","meta":[],"product_brand":[1594],"product_cat":[827,84],"product_tag":[],"class_list":{"0":"post-1702","1":"product","2":"type-product","3":"status-publish","4":"has-post-thumbnail","6":"product_brand-jbl","7":"product_cat-accessoires","8":"product_cat-materiel-nourriture","9":"product_shipping_class-materiel-nourriture","10":"pa_contenance-250g","12":"first","13":"instock","14":"taxable","15":"shipping-taxable","16":"purchasable","17":"product-type-simple"},"acf":[],"_links":{"self":[{"href":"https:\/\/com-pac.ovh\/preprod2\/wp-json\/wp\/v2\/product\/1702","targetHints":{"allow":["GET"]}}],"collection":[{"href":"https:\/\/com-pac.ovh\/preprod2\/wp-json\/wp\/v2\/product"}],"about":[{"href":"https:\/\/com-pac.ovh\/preprod2\/wp-json\/wp\/v2\/types\/product"}],"replies":[{"embeddable":true,"href":"https:\/\/com-pac.ovh\/preprod2\/wp-json\/wp\/v2\/comments?post=1702"}],"wp:featuredmedia":[{"embeddable":true,"href":"https:\/\/com-pac.ovh\/preprod2\/wp-json\/wp\/v2\/media\/1701"}],"wp:attachment":[{"href":"https:\/\/com-pac.ovh\/preprod2\/wp-json\/wp\/v2\/media?parent=1702"}],"wp:term":[{"taxonomy":"product_brand","embeddable":true,"href":"https:\/\/com-pac.ovh\/preprod2\/wp-json\/wp\/v2\/product_brand?post=1702"},{"taxonomy":"product_cat","embeddable":true,"href":"https:\/\/com-pac.ovh\/preprod2\/wp-json\/wp\/v2\/product_cat?post=1702"},{"taxonomy":"product_tag","embeddable":true,"href":"https:\/\/com-pac.ovh\/preprod2\/wp-json\/wp\/v2\/product_tag?post=1702"}],"curies":[{"name":"wp","href":"https:\/\/api.w.org\/{rel}","templated":true}]}}