
{"id":1704,"date":"2023-09-30T10:25:31","date_gmt":"2023-09-30T08:25:31","guid":{"rendered":"https:\/\/com-pac.ovh\/preprod2\/produit\/support-bacterien-bioceramax-1200\/"},"modified":"2025-06-06T12:23:49","modified_gmt":"2025-06-06T10:23:49","slug":"support-bacterien-bioceramax-1200","status":"publish","type":"product","link":"https:\/\/com-pac.ovh\/preprod2\/produit\/support-bacterien-bioceramax-1200\/","title":{"rendered":"BIOCERAMAX 1200 Support Bact\u00e9rien"},"content":{"rendered":"<p>Bioceramax 1200 est un support bact\u00e9rien \u00e0 base de c\u00e9ramique pour une filtration biologique efficace et intensive. Sous forme de nouilles haute porosit\u00e9, elle est un support id\u00e9al pour les bact\u00e9ries nitrifiantes comme les Nitrosomonas ou les Nitrobacter.<\/p>\n","protected":false},"excerpt":{"rendered":"<p>Support Bact\u00e9rien sous forme de &#8220;nouilles&#8221; en c\u00e9ramiques.<\/p>\n","protected":false},"featured_media":1703,"comment_status":"open","ping_status":"closed","template":"","meta":[],"product_brand":[1594],"product_cat":[827,84],"product_tag":[],"class_list":{"0":"post-1704","1":"product","2":"type-product","3":"status-publish","4":"has-post-thumbnail","6":"product_brand-jbl","7":"product_cat-accessoires","8":"product_cat-materiel-nourriture","9":"product_shipping_class-materiel-nourriture","10":"pa_contenance-1l","12":"first","13":"instock","14":"taxable","15":"shipping-taxable","16":"purchasable","17":"product-type-simple"},"acf":[],"_links":{"self":[{"href":"https:\/\/com-pac.ovh\/preprod2\/wp-json\/wp\/v2\/product\/1704","targetHints":{"allow":["GET"]}}],"collection":[{"href":"https:\/\/com-pac.ovh\/preprod2\/wp-json\/wp\/v2\/product"}],"about":[{"href":"https:\/\/com-pac.ovh\/preprod2\/wp-json\/wp\/v2\/types\/product"}],"replies":[{"embeddable":true,"href":"https:\/\/com-pac.ovh\/preprod2\/wp-json\/wp\/v2\/comments?post=1704"}],"wp:featuredmedia":[{"embeddable":true,"href":"https:\/\/com-pac.ovh\/preprod2\/wp-json\/wp\/v2\/media\/1703"}],"wp:attachment":[{"href":"https:\/\/com-pac.ovh\/preprod2\/wp-json\/wp\/v2\/media?parent=1704"}],"wp:term":[{"taxonomy":"product_brand","embeddable":true,"href":"https:\/\/com-pac.ovh\/preprod2\/wp-json\/wp\/v2\/product_brand?post=1704"},{"taxonomy":"product_cat","embeddable":true,"href":"https:\/\/com-pac.ovh\/preprod2\/wp-json\/wp\/v2\/product_cat?post=1704"},{"taxonomy":"product_tag","embeddable":true,"href":"https:\/\/com-pac.ovh\/preprod2\/wp-json\/wp\/v2\/product_tag?post=1704"}],"curies":[{"name":"wp","href":"https:\/\/api.w.org\/{rel}","templated":true}]}}