
{"id":1707,"date":"2023-10-01T08:53:10","date_gmt":"2023-10-01T06:53:10","guid":{"rendered":"https:\/\/com-pac.ovh\/preprod2\/produit\/oliotius-oligolepis\/"},"modified":"2025-06-06T15:51:58","modified_gmt":"2025-06-06T13:51:58","slug":"oliotius-oligolepis","status":"publish","type":"product","link":"https:\/\/com-pac.ovh\/preprod2\/produit\/oliotius-oligolepis\/","title":{"rendered":"Oliotius Oligolepis"},"content":{"rendered":"<p>Oliotius oligolepis, couramment appel\u00e9 le barbus \u00e0 carreaux est originaire d&#8217;indon\u00e9sie, plus particuli\u00e8rement de l&#8217;\u00eele de Sumatra. Il \u00e9volue dans les ruisseaux aux eaux claires \u00e0 courant soutenu.\u00a0Il compl\u00e8tera facilement un aquarium d&#8217;eau douce communautaire.<\/p>\n","protected":false},"excerpt":{"rendered":"<p>Petit Barbu \u00e0 \u00e9lever en banc<\/p>\n","protected":false},"featured_media":1706,"comment_status":"open","ping_status":"closed","template":"","meta":[],"product_brand":[],"product_cat":[82,824],"product_tag":[],"class_list":{"0":"post-1707","1":"product","2":"type-product","3":"status-publish","4":"has-post-thumbnail","6":"product_cat-poissons-invertebres","7":"product_cat-poissons-deau-douce","8":"product_shipping_class-vivants","9":"pa_continent-asie","10":"pa_gh-10-a-15","11":"pa_ph-6-0-7-0-3","12":"pa_taillemaximale-5cm-2","13":"pa_volumeminimum-80l","15":"first","16":"instock","17":"taxable","18":"shipping-taxable","19":"purchasable","20":"product-type-simple"},"acf":[],"_links":{"self":[{"href":"https:\/\/com-pac.ovh\/preprod2\/wp-json\/wp\/v2\/product\/1707","targetHints":{"allow":["GET"]}}],"collection":[{"href":"https:\/\/com-pac.ovh\/preprod2\/wp-json\/wp\/v2\/product"}],"about":[{"href":"https:\/\/com-pac.ovh\/preprod2\/wp-json\/wp\/v2\/types\/product"}],"replies":[{"embeddable":true,"href":"https:\/\/com-pac.ovh\/preprod2\/wp-json\/wp\/v2\/comments?post=1707"}],"wp:featuredmedia":[{"embeddable":true,"href":"https:\/\/com-pac.ovh\/preprod2\/wp-json\/wp\/v2\/media\/1706"}],"wp:attachment":[{"href":"https:\/\/com-pac.ovh\/preprod2\/wp-json\/wp\/v2\/media?parent=1707"}],"wp:term":[{"taxonomy":"product_brand","embeddable":true,"href":"https:\/\/com-pac.ovh\/preprod2\/wp-json\/wp\/v2\/product_brand?post=1707"},{"taxonomy":"product_cat","embeddable":true,"href":"https:\/\/com-pac.ovh\/preprod2\/wp-json\/wp\/v2\/product_cat?post=1707"},{"taxonomy":"product_tag","embeddable":true,"href":"https:\/\/com-pac.ovh\/preprod2\/wp-json\/wp\/v2\/product_tag?post=1707"}],"curies":[{"name":"wp","href":"https:\/\/api.w.org\/{rel}","templated":true}]}}