
{"id":1720,"date":"2023-10-01T09:26:45","date_gmt":"2023-10-01T07:26:45","guid":{"rendered":"https:\/\/com-pac.ovh\/preprod2\/produit\/colisa-chuna\/"},"modified":"2025-05-27T10:21:26","modified_gmt":"2025-05-27T08:21:26","slug":"colisa-chuna","status":"publish","type":"product","link":"https:\/\/com-pac.ovh\/preprod2\/produit\/colisa-chuna\/","title":{"rendered":"Trichogaster Chuna"},"content":{"rendered":"<p>Le Gourami miel est petit (5 \u00e0 6 cm) et bicolore. Il est originaire d&#8217;asie et comme ses cousins les combattants il pond dans des nids de bulles que le m\u00e2le s&#8217;\u00e9vertue \u00e0 cr\u00e9er. Il est plut\u00f4t paisible avec les autres esp\u00e8ces d&#8217;un aquarium d&#8217;eau douce.<\/p>\n","protected":false},"excerpt":{"rendered":"<p>Coilsa appel\u00e9 commun\u00e9ment gouramy miel , \u00e0 \u00e9lever en coule ou en petit groupe<\/p>\n","protected":false},"featured_media":1718,"comment_status":"open","ping_status":"closed","template":"","meta":[],"product_brand":[],"product_cat":[82,824],"product_tag":[],"class_list":{"0":"post-1720","1":"product","2":"type-product","3":"status-publish","4":"has-post-thumbnail","6":"product_cat-poissons-invertebres","7":"product_cat-poissons-deau-douce","8":"product_shipping_class-vivants","9":"pa_continent-asie","10":"pa_famille-osphronemidae","11":"pa_genre-trichogaster","12":"pa_gh-5-15-3","13":"pa_maintenance-facile","14":"pa_origine-inde","15":"pa_ph-6-0-7-5-4","16":"pa_taille-en-cm-1327","17":"pa_taillemaximale-5cm-2","18":"pa_type-de-poissons-gouramis","19":"pa_volumeminimum-60l","21":"first","22":"instock","23":"taxable","24":"shipping-taxable","25":"purchasable","26":"product-type-simple"},"acf":[],"_links":{"self":[{"href":"https:\/\/com-pac.ovh\/preprod2\/wp-json\/wp\/v2\/product\/1720","targetHints":{"allow":["GET"]}}],"collection":[{"href":"https:\/\/com-pac.ovh\/preprod2\/wp-json\/wp\/v2\/product"}],"about":[{"href":"https:\/\/com-pac.ovh\/preprod2\/wp-json\/wp\/v2\/types\/product"}],"replies":[{"embeddable":true,"href":"https:\/\/com-pac.ovh\/preprod2\/wp-json\/wp\/v2\/comments?post=1720"}],"wp:featuredmedia":[{"embeddable":true,"href":"https:\/\/com-pac.ovh\/preprod2\/wp-json\/wp\/v2\/media\/1718"}],"wp:attachment":[{"href":"https:\/\/com-pac.ovh\/preprod2\/wp-json\/wp\/v2\/media?parent=1720"}],"wp:term":[{"taxonomy":"product_brand","embeddable":true,"href":"https:\/\/com-pac.ovh\/preprod2\/wp-json\/wp\/v2\/product_brand?post=1720"},{"taxonomy":"product_cat","embeddable":true,"href":"https:\/\/com-pac.ovh\/preprod2\/wp-json\/wp\/v2\/product_cat?post=1720"},{"taxonomy":"product_tag","embeddable":true,"href":"https:\/\/com-pac.ovh\/preprod2\/wp-json\/wp\/v2\/product_tag?post=1720"}],"curies":[{"name":"wp","href":"https:\/\/api.w.org\/{rel}","templated":true}]}}