
{"id":1724,"date":"2023-10-01T09:34:08","date_gmt":"2023-10-01T07:34:08","guid":{"rendered":"https:\/\/com-pac.ovh\/preprod2\/produit\/iriatherina-werneri\/"},"modified":"2025-06-03T10:18:56","modified_gmt":"2025-06-03T08:18:56","slug":"iriatherina-werneri","status":"publish","type":"product","link":"https:\/\/com-pac.ovh\/preprod2\/produit\/iriatherina-werneri\/","title":{"rendered":"Iriatherina Werneri"},"content":{"rendered":"<p>Iriatherina Werneri plus commun\u00e9ment appel\u00e9 poisson arc-en-ciel est un petit poisson d&#8217;Oc\u00e9anie dont la couleur d\u00e9pend de l&#8217;environnement. Il \u00e9gaiera votre aquarium d&#8217;eau douce.<\/p>\n","protected":false},"excerpt":{"rendered":"<p>petit poisson appel\u00e9 poisson arc en ciel qui vit en petit groupe<\/p>\n","protected":false},"featured_media":1723,"comment_status":"open","ping_status":"closed","template":"","meta":[],"product_brand":[],"product_cat":[82,824],"product_tag":[],"class_list":{"0":"post-1724","1":"product","2":"type-product","3":"status-publish","4":"has-post-thumbnail","6":"product_cat-poissons-invertebres","7":"product_cat-poissons-deau-douce","8":"product_shipping_class-vivants","9":"pa_continent-oceanie","10":"pa_famille-melanotaeniidae","11":"pa_genre-iriatherina","12":"pa_gh-5-15-3","13":"pa_maintenance-facile","14":"pa_origine-australie","15":"pa_ph-6-0-7-5-4","16":"pa_taille-en-cm-1327","17":"pa_taillemaximale-5cm-2","18":"pa_type-de-poissons-micro-poissons","19":"pa_volumeminimum-60l","21":"first","22":"instock","23":"taxable","24":"shipping-taxable","25":"purchasable","26":"product-type-simple"},"acf":[],"_links":{"self":[{"href":"https:\/\/com-pac.ovh\/preprod2\/wp-json\/wp\/v2\/product\/1724","targetHints":{"allow":["GET"]}}],"collection":[{"href":"https:\/\/com-pac.ovh\/preprod2\/wp-json\/wp\/v2\/product"}],"about":[{"href":"https:\/\/com-pac.ovh\/preprod2\/wp-json\/wp\/v2\/types\/product"}],"replies":[{"embeddable":true,"href":"https:\/\/com-pac.ovh\/preprod2\/wp-json\/wp\/v2\/comments?post=1724"}],"wp:featuredmedia":[{"embeddable":true,"href":"https:\/\/com-pac.ovh\/preprod2\/wp-json\/wp\/v2\/media\/1723"}],"wp:attachment":[{"href":"https:\/\/com-pac.ovh\/preprod2\/wp-json\/wp\/v2\/media?parent=1724"}],"wp:term":[{"taxonomy":"product_brand","embeddable":true,"href":"https:\/\/com-pac.ovh\/preprod2\/wp-json\/wp\/v2\/product_brand?post=1724"},{"taxonomy":"product_cat","embeddable":true,"href":"https:\/\/com-pac.ovh\/preprod2\/wp-json\/wp\/v2\/product_cat?post=1724"},{"taxonomy":"product_tag","embeddable":true,"href":"https:\/\/com-pac.ovh\/preprod2\/wp-json\/wp\/v2\/product_tag?post=1724"}],"curies":[{"name":"wp","href":"https:\/\/api.w.org\/{rel}","templated":true}]}}