
{"id":1728,"date":"2024-10-22T15:36:41","date_gmt":"2024-10-22T13:36:41","guid":{"rendered":"https:\/\/com-pac.ovh\/preprod2\/?post_type=product&#038;p=1728"},"modified":"2025-05-27T10:21:27","modified_gmt":"2025-05-27T08:21:27","slug":"pseudomugil-gertrudae-2","status":"publish","type":"product","link":"https:\/\/com-pac.ovh\/preprod2\/produit\/pseudomugil-gertrudae-2\/","title":{"rendered":"Pseudomugil Gertrudae"},"content":{"rendered":"<p>Le Pseudomugil gertrudae, commun\u00e9ment appel\u00e9 le \u00ab n\u00e9on de Gertrude \u00bb ou le \u00ab poisson arc-en-ciel de Gertrude \u00bb, est un petit poisson d&#8217;eau douce appartenant \u00e0 la famille des Pseudomugilidae. Ce poisson est originaire des rivi\u00e8res et des lacs d&#8217;Asie du Sud-Est, notamment en Nouvelle-Guin\u00e9e et en Australie.<\/p>\n<p>Voici quelques caract\u00e9ristiques de ce poisson :<\/p>\n<p>&#8211; Taille : Le Pseudomugil gertrudae mesure g\u00e9n\u00e9ralement entre 3 et 5 cm de long \u00e0 l&#8217;\u00e2ge adulte.<br \/>\n&#8211; Couleur : Il poss\u00e8de un corps \u00e9lanc\u00e9 et l\u00e9g\u00e8rement compress\u00e9, avec des couleurs vives. Sa coloration est souvent bleu-argent\u00e9 avec des reflets multicolores, y compris des nuances de jaune et de vert.<br \/>\n&#8211; Habitat : Ce poisson pr\u00e9f\u00e8re les eaux douces et claires des rivi\u00e8res, des lagons et des zones peu profondes avec une v\u00e9g\u00e9tation aquatique dense.<br \/>\n&#8211; Comportement : Le n\u00e9on de Gertrude est un poisson social qui se d\u00e9place en bancs et est souvent observ\u00e9 en interaction avec d&#8217;autres poissons dans son habitat naturel.<br \/>\n&#8211; Alimentation : Sa di\u00e8te est principalement compos\u00e9e de micro-organismes, de zooplanctons, et d&#8217;algues, qu&#8217;il recherche dans les eaux o\u00f9 il \u00e9volue.<\/p>\n<p>En aquariophilie, le Pseudomugil gertrudae est pris\u00e9 pour sa beaut\u00e9 et son comportement actif. Il est recommand\u00e9 de maintenir ce poisson dans un aquarium bien plant\u00e9, avec une eau douce et l\u00e9g\u00e8rement acide, pour recr\u00e9er les conditions de son habitat naturel.<\/p>\n","protected":false},"excerpt":{"rendered":"<p>petit poisson au temp\u00e9rament vif a \u00e9lever en groupe avec des voisins de la m\u00eame taille (aura tendance a se cacher si ses voisins sont trop imposants)<\/p>\n","protected":false},"featured_media":1727,"comment_status":"open","ping_status":"closed","template":"","meta":[],"product_brand":[],"product_cat":[82,824],"product_tag":[],"class_list":{"0":"post-1728","1":"product","2":"type-product","3":"status-publish","4":"has-post-thumbnail","6":"product_cat-poissons-invertebres","7":"product_cat-poissons-deau-douce","8":"product_shipping_class-vivants","9":"pa_continent-oceanie","10":"pa_famille-pseudomugilidae","11":"pa_genre-pseudomugil","12":"pa_gh-5-15-3","13":"pa_maintenance-facile","14":"pa_origine-australie","15":"pa_ph-6-0-7-5-4","16":"pa_taille-en-cm-1325","17":"pa_taillemaximale-3cm-2","18":"pa_type-de-poissons-micro-poissons","19":"pa_volumeminimum-60l","21":"first","22":"instock","23":"taxable","24":"shipping-taxable","25":"purchasable","26":"product-type-simple"},"acf":[],"_links":{"self":[{"href":"https:\/\/com-pac.ovh\/preprod2\/wp-json\/wp\/v2\/product\/1728","targetHints":{"allow":["GET"]}}],"collection":[{"href":"https:\/\/com-pac.ovh\/preprod2\/wp-json\/wp\/v2\/product"}],"about":[{"href":"https:\/\/com-pac.ovh\/preprod2\/wp-json\/wp\/v2\/types\/product"}],"replies":[{"embeddable":true,"href":"https:\/\/com-pac.ovh\/preprod2\/wp-json\/wp\/v2\/comments?post=1728"}],"wp:featuredmedia":[{"embeddable":true,"href":"https:\/\/com-pac.ovh\/preprod2\/wp-json\/wp\/v2\/media\/1727"}],"wp:attachment":[{"href":"https:\/\/com-pac.ovh\/preprod2\/wp-json\/wp\/v2\/media?parent=1728"}],"wp:term":[{"taxonomy":"product_brand","embeddable":true,"href":"https:\/\/com-pac.ovh\/preprod2\/wp-json\/wp\/v2\/product_brand?post=1728"},{"taxonomy":"product_cat","embeddable":true,"href":"https:\/\/com-pac.ovh\/preprod2\/wp-json\/wp\/v2\/product_cat?post=1728"},{"taxonomy":"product_tag","embeddable":true,"href":"https:\/\/com-pac.ovh\/preprod2\/wp-json\/wp\/v2\/product_tag?post=1728"}],"curies":[{"name":"wp","href":"https:\/\/api.w.org\/{rel}","templated":true}]}}