
{"id":1734,"date":"2023-10-01T09:59:09","date_gmt":"2023-10-01T07:59:09","guid":{"rendered":"https:\/\/com-pac.ovh\/preprod2\/produit\/sawbwa-resplendens\/"},"modified":"2025-05-27T10:21:28","modified_gmt":"2025-05-27T08:21:28","slug":"sawbwa-resplendens","status":"publish","type":"product","link":"https:\/\/com-pac.ovh\/preprod2\/produit\/sawbwa-resplendens\/","title":{"rendered":"Sawbwa Resplendens"},"content":{"rendered":"<p>Sawbwa Resplendens est couramment appel\u00e9 nez rouge asiatique, originaire d&#8217;Asie, il vit en banc dans l&#8217;aquarium d&#8217;eau douce. Le m\u00e2le d&#8217;un bleu argent\u00e9 est diff\u00e9rent de la femelle qui sera grise ou l\u00e9g\u00e8rement verte.<\/p>\n","protected":false},"excerpt":{"rendered":"<p>Petit barbus appel\u00e9 commun\u00e9ment nez rouge asiatique<\/p>\n","protected":false},"featured_media":1730,"comment_status":"open","ping_status":"closed","template":"","meta":[],"product_brand":[],"product_cat":[82,824],"product_tag":[],"class_list":{"0":"post-1734","1":"product","2":"type-product","3":"status-publish","4":"has-post-thumbnail","6":"product_cat-poissons-invertebres","7":"product_cat-poissons-deau-douce","8":"product_shipping_class-vivants","9":"pa_continent-asie","10":"pa_famille-cyprinidae","11":"pa_genre-sawbwa","12":"pa_gh-5-15-3","13":"pa_maintenance-facile","14":"pa_origine-myanmar","15":"pa_ph-6-0-7-5-4","16":"pa_taille-en-cm-1326","17":"pa_taillemaximale-4cm-2","18":"pa_type-de-poissons-micro-poissons","19":"pa_volumeminimum-60l","21":"first","22":"instock","23":"taxable","24":"shipping-taxable","25":"purchasable","26":"product-type-simple"},"acf":[],"_links":{"self":[{"href":"https:\/\/com-pac.ovh\/preprod2\/wp-json\/wp\/v2\/product\/1734","targetHints":{"allow":["GET"]}}],"collection":[{"href":"https:\/\/com-pac.ovh\/preprod2\/wp-json\/wp\/v2\/product"}],"about":[{"href":"https:\/\/com-pac.ovh\/preprod2\/wp-json\/wp\/v2\/types\/product"}],"replies":[{"embeddable":true,"href":"https:\/\/com-pac.ovh\/preprod2\/wp-json\/wp\/v2\/comments?post=1734"}],"wp:featuredmedia":[{"embeddable":true,"href":"https:\/\/com-pac.ovh\/preprod2\/wp-json\/wp\/v2\/media\/1730"}],"wp:attachment":[{"href":"https:\/\/com-pac.ovh\/preprod2\/wp-json\/wp\/v2\/media?parent=1734"}],"wp:term":[{"taxonomy":"product_brand","embeddable":true,"href":"https:\/\/com-pac.ovh\/preprod2\/wp-json\/wp\/v2\/product_brand?post=1734"},{"taxonomy":"product_cat","embeddable":true,"href":"https:\/\/com-pac.ovh\/preprod2\/wp-json\/wp\/v2\/product_cat?post=1734"},{"taxonomy":"product_tag","embeddable":true,"href":"https:\/\/com-pac.ovh\/preprod2\/wp-json\/wp\/v2\/product_tag?post=1734"}],"curies":[{"name":"wp","href":"https:\/\/api.w.org\/{rel}","templated":true}]}}