
{"id":1737,"date":"2023-10-01T10:05:47","date_gmt":"2023-10-01T08:05:47","guid":{"rendered":"https:\/\/com-pac.ovh\/preprod2\/produit\/hasemania-nana\/"},"modified":"2025-05-27T10:21:28","modified_gmt":"2025-05-27T08:21:28","slug":"hasemania-nana","status":"publish","type":"product","link":"https:\/\/com-pac.ovh\/preprod2\/produit\/hasemania-nana\/","title":{"rendered":"Hasemania Nana"},"content":{"rendered":"<p>L&#8217;Hasemania Nana est plus commun\u00e9ment appel\u00e9 Tetra cuivr\u00e9 est un petit poisson originaire d&#8217;Am\u00e9rique du sud.<\/p>\n","protected":false},"excerpt":{"rendered":"<p>Petit characin appel\u00e9 commun\u00e9ment T\u00e9tra cuivr\u00e9<\/p>\n","protected":false},"featured_media":1736,"comment_status":"open","ping_status":"closed","template":"","meta":[],"product_brand":[],"product_cat":[82,824],"product_tag":[],"class_list":{"0":"post-1737","1":"product","2":"type-product","3":"status-publish","4":"has-post-thumbnail","6":"product_cat-poissons-invertebres","7":"product_cat-poissons-deau-douce","8":"product_shipping_class-vivants","9":"pa_continent-amerique","10":"pa_famille-characidae","11":"pa_genre-hasemania","12":"pa_gh-5-15-3","13":"pa_maintenance-facile","14":"pa_origine-brsil","15":"pa_ph-6-0-7-5-4","16":"pa_taille-en-cm-1326","17":"pa_taillemaximale-4cm-2","18":"pa_type-de-poissons-tetras","19":"pa_volumeminimum-60l","21":"first","22":"instock","23":"taxable","24":"shipping-taxable","25":"purchasable","26":"product-type-simple"},"acf":[],"_links":{"self":[{"href":"https:\/\/com-pac.ovh\/preprod2\/wp-json\/wp\/v2\/product\/1737","targetHints":{"allow":["GET"]}}],"collection":[{"href":"https:\/\/com-pac.ovh\/preprod2\/wp-json\/wp\/v2\/product"}],"about":[{"href":"https:\/\/com-pac.ovh\/preprod2\/wp-json\/wp\/v2\/types\/product"}],"replies":[{"embeddable":true,"href":"https:\/\/com-pac.ovh\/preprod2\/wp-json\/wp\/v2\/comments?post=1737"}],"wp:featuredmedia":[{"embeddable":true,"href":"https:\/\/com-pac.ovh\/preprod2\/wp-json\/wp\/v2\/media\/1736"}],"wp:attachment":[{"href":"https:\/\/com-pac.ovh\/preprod2\/wp-json\/wp\/v2\/media?parent=1737"}],"wp:term":[{"taxonomy":"product_brand","embeddable":true,"href":"https:\/\/com-pac.ovh\/preprod2\/wp-json\/wp\/v2\/product_brand?post=1737"},{"taxonomy":"product_cat","embeddable":true,"href":"https:\/\/com-pac.ovh\/preprod2\/wp-json\/wp\/v2\/product_cat?post=1737"},{"taxonomy":"product_tag","embeddable":true,"href":"https:\/\/com-pac.ovh\/preprod2\/wp-json\/wp\/v2\/product_tag?post=1737"}],"curies":[{"name":"wp","href":"https:\/\/api.w.org\/{rel}","templated":true}]}}