
{"id":1741,"date":"2023-10-01T10:18:33","date_gmt":"2023-10-01T08:18:33","guid":{"rendered":"https:\/\/com-pac.ovh\/preprod2\/produit\/hemigrammus-pulcher\/"},"modified":"2025-06-02T15:31:51","modified_gmt":"2025-06-02T13:31:51","slug":"hemigrammus-pulcher","status":"publish","type":"product","link":"https:\/\/com-pac.ovh\/preprod2\/produit\/hemigrammus-pulcher\/","title":{"rendered":"Hemigrammus Pulcher"},"content":{"rendered":"<p>Hemigrammus Pulcher plus commun\u00e9ment appel\u00e9 T\u00e9tra Diamant est un petit poisson originaire d&#8217;Am\u00e9rique du sud. Il vit en banc \u00e0 mi profondeur il peut se montrer agressif envers les autres esp\u00e8ces.<\/p>\n","protected":false},"excerpt":{"rendered":"<p>Petit t\u00e9tra appel\u00e9 commun\u00e9ment t\u00e9tra diamant<\/p>\n","protected":false},"featured_media":1740,"comment_status":"open","ping_status":"closed","template":"","meta":[],"product_brand":[],"product_cat":[82,824],"product_tag":[],"class_list":{"0":"post-1741","1":"product","2":"type-product","3":"status-publish","4":"has-post-thumbnail","6":"product_cat-poissons-invertebres","7":"product_cat-poissons-deau-douce","8":"product_shipping_class-vivants","9":"pa_continent-amerique","10":"pa_famille-characidae","11":"pa_genre-hemigrammus","12":"pa_gh-5-15-3","13":"pa_maintenance-facile","14":"pa_ph-6-0-7-5-4","15":"pa_taille-en-cm-1326","16":"pa_taillemaximale-4cm-2","17":"pa_type-de-poissons-tetras","18":"pa_volumeminimum-60l","20":"first","21":"instock","22":"taxable","23":"shipping-taxable","24":"purchasable","25":"product-type-simple"},"acf":[],"_links":{"self":[{"href":"https:\/\/com-pac.ovh\/preprod2\/wp-json\/wp\/v2\/product\/1741","targetHints":{"allow":["GET"]}}],"collection":[{"href":"https:\/\/com-pac.ovh\/preprod2\/wp-json\/wp\/v2\/product"}],"about":[{"href":"https:\/\/com-pac.ovh\/preprod2\/wp-json\/wp\/v2\/types\/product"}],"replies":[{"embeddable":true,"href":"https:\/\/com-pac.ovh\/preprod2\/wp-json\/wp\/v2\/comments?post=1741"}],"wp:featuredmedia":[{"embeddable":true,"href":"https:\/\/com-pac.ovh\/preprod2\/wp-json\/wp\/v2\/media\/1740"}],"wp:attachment":[{"href":"https:\/\/com-pac.ovh\/preprod2\/wp-json\/wp\/v2\/media?parent=1741"}],"wp:term":[{"taxonomy":"product_brand","embeddable":true,"href":"https:\/\/com-pac.ovh\/preprod2\/wp-json\/wp\/v2\/product_brand?post=1741"},{"taxonomy":"product_cat","embeddable":true,"href":"https:\/\/com-pac.ovh\/preprod2\/wp-json\/wp\/v2\/product_cat?post=1741"},{"taxonomy":"product_tag","embeddable":true,"href":"https:\/\/com-pac.ovh\/preprod2\/wp-json\/wp\/v2\/product_tag?post=1741"}],"curies":[{"name":"wp","href":"https:\/\/api.w.org\/{rel}","templated":true}]}}