
{"id":1748,"date":"2023-10-01T10:39:31","date_gmt":"2023-10-01T08:39:31","guid":{"rendered":"https:\/\/com-pac.ovh\/preprod2\/produit\/hyphessobrycon-bentosi\/"},"modified":"2025-06-02T15:47:48","modified_gmt":"2025-06-02T13:47:48","slug":"hyphessobrycon-bentosi","status":"publish","type":"product","link":"https:\/\/com-pac.ovh\/preprod2\/produit\/hyphessobrycon-bentosi\/","title":{"rendered":"hyphessobrycon Bentosi"},"content":{"rendered":"<p>Hyphessobrycon Bentosi plus couramment appel\u00e9 t\u00e9tra ros\u00e9 est un petit poisson vivant en eau douce originaire d&#8217;Am\u00e9rique du Sud. Il vit en banc et r\u00e9sidera g\u00e9n\u00e9ralement \u00e0 mi profondeur de l&#8217;aquarium d&#8217;eau douce.<\/p>\n","protected":false},"excerpt":{"rendered":"<p>Petit t\u00e9tra appel\u00e9 commun\u00e9ment t\u00e9tra ros\u00e9<\/p>\n","protected":false},"featured_media":1744,"comment_status":"open","ping_status":"closed","template":"","meta":[],"product_brand":[],"product_cat":[82,824],"product_tag":[],"class_list":{"0":"post-1748","1":"product","2":"type-product","3":"status-publish","4":"has-post-thumbnail","6":"product_cat-poissons-invertebres","7":"product_cat-poissons-deau-douce","8":"product_shipping_class-vivants","9":"pa_continent-amerique","10":"pa_famille-characidae","11":"pa_genre-hyphessobrycon","12":"pa_gh-5-15-3","13":"pa_maintenance-facile","14":"pa_ph-6-0-7-5-4","15":"pa_taille-en-cm-1327","16":"pa_taillemaximale-5cm-2","17":"pa_type-de-poissons-tetras","18":"pa_volumeminimum-80l","20":"first","21":"instock","22":"taxable","23":"shipping-taxable","24":"purchasable","25":"product-type-simple"},"acf":[],"_links":{"self":[{"href":"https:\/\/com-pac.ovh\/preprod2\/wp-json\/wp\/v2\/product\/1748","targetHints":{"allow":["GET"]}}],"collection":[{"href":"https:\/\/com-pac.ovh\/preprod2\/wp-json\/wp\/v2\/product"}],"about":[{"href":"https:\/\/com-pac.ovh\/preprod2\/wp-json\/wp\/v2\/types\/product"}],"replies":[{"embeddable":true,"href":"https:\/\/com-pac.ovh\/preprod2\/wp-json\/wp\/v2\/comments?post=1748"}],"wp:featuredmedia":[{"embeddable":true,"href":"https:\/\/com-pac.ovh\/preprod2\/wp-json\/wp\/v2\/media\/1744"}],"wp:attachment":[{"href":"https:\/\/com-pac.ovh\/preprod2\/wp-json\/wp\/v2\/media?parent=1748"}],"wp:term":[{"taxonomy":"product_brand","embeddable":true,"href":"https:\/\/com-pac.ovh\/preprod2\/wp-json\/wp\/v2\/product_brand?post=1748"},{"taxonomy":"product_cat","embeddable":true,"href":"https:\/\/com-pac.ovh\/preprod2\/wp-json\/wp\/v2\/product_cat?post=1748"},{"taxonomy":"product_tag","embeddable":true,"href":"https:\/\/com-pac.ovh\/preprod2\/wp-json\/wp\/v2\/product_tag?post=1748"}],"curies":[{"name":"wp","href":"https:\/\/api.w.org\/{rel}","templated":true}]}}