
{"id":1752,"date":"2023-10-01T11:00:18","date_gmt":"2023-10-01T09:00:18","guid":{"rendered":"https:\/\/com-pac.ovh\/preprod2\/produit\/moenkhausia-pittieri\/"},"modified":"2025-06-03T11:07:58","modified_gmt":"2025-06-03T09:07:58","slug":"moenkhausia-pittieri","status":"publish","type":"product","link":"https:\/\/com-pac.ovh\/preprod2\/produit\/moenkhausia-pittieri\/","title":{"rendered":"Moenkhausia Pittieri"},"content":{"rendered":"<p>Moenkhausia Pittieri, plus couramment appel\u00e9 t\u00e9tra diamant est un petit poisson de banc originaire d&#8217;Am\u00e9rique du sud id\u00e9al pour un aquarium d&#8217;eau douce.<\/p>\n","protected":false},"excerpt":{"rendered":"<p>Petit t\u00e9tra appel\u00e9 commun\u00e9ment t\u00e9tra diamant<\/p>\n","protected":false},"featured_media":1749,"comment_status":"open","ping_status":"closed","template":"","meta":[],"product_brand":[],"product_cat":[82,824],"product_tag":[],"class_list":{"0":"post-1752","1":"product","2":"type-product","3":"status-publish","4":"has-post-thumbnail","6":"product_cat-poissons-invertebres","7":"product_cat-poissons-deau-douce","8":"product_shipping_class-vivants","9":"pa_continent-amerique","10":"pa_famille-characidae","11":"pa_genre-moenkhausia","12":"pa_gh-5-15-3","13":"pa_maintenance-facile","14":"pa_origine-amrique-du-sud-guyane-suriname-venezuela","15":"pa_ph-6-0-7-5-4","16":"pa_taille-en-cm-1328","17":"pa_taillemaximale-6cm-2","18":"pa_type-de-poissons-tetras","19":"pa_volumeminimum-100l","21":"first","22":"instock","23":"taxable","24":"shipping-taxable","25":"purchasable","26":"product-type-simple"},"acf":[],"_links":{"self":[{"href":"https:\/\/com-pac.ovh\/preprod2\/wp-json\/wp\/v2\/product\/1752","targetHints":{"allow":["GET"]}}],"collection":[{"href":"https:\/\/com-pac.ovh\/preprod2\/wp-json\/wp\/v2\/product"}],"about":[{"href":"https:\/\/com-pac.ovh\/preprod2\/wp-json\/wp\/v2\/types\/product"}],"replies":[{"embeddable":true,"href":"https:\/\/com-pac.ovh\/preprod2\/wp-json\/wp\/v2\/comments?post=1752"}],"wp:featuredmedia":[{"embeddable":true,"href":"https:\/\/com-pac.ovh\/preprod2\/wp-json\/wp\/v2\/media\/1749"}],"wp:attachment":[{"href":"https:\/\/com-pac.ovh\/preprod2\/wp-json\/wp\/v2\/media?parent=1752"}],"wp:term":[{"taxonomy":"product_brand","embeddable":true,"href":"https:\/\/com-pac.ovh\/preprod2\/wp-json\/wp\/v2\/product_brand?post=1752"},{"taxonomy":"product_cat","embeddable":true,"href":"https:\/\/com-pac.ovh\/preprod2\/wp-json\/wp\/v2\/product_cat?post=1752"},{"taxonomy":"product_tag","embeddable":true,"href":"https:\/\/com-pac.ovh\/preprod2\/wp-json\/wp\/v2\/product_tag?post=1752"}],"curies":[{"name":"wp","href":"https:\/\/api.w.org\/{rel}","templated":true}]}}