
{"id":1756,"date":"2023-10-01T11:11:57","date_gmt":"2023-10-01T09:11:57","guid":{"rendered":"https:\/\/com-pac.ovh\/preprod2\/produit\/nannostomus-marginatus\/"},"modified":"2025-05-27T10:21:31","modified_gmt":"2025-05-27T08:21:31","slug":"nannostomus-marginatus","status":"publish","type":"product","link":"https:\/\/com-pac.ovh\/preprod2\/produit\/nannostomus-marginatus\/","title":{"rendered":"Nannostomus Marginatus"},"content":{"rendered":"<p>Le Nannostomus Marginatus appel\u00e9 poisson crayon est un poisson nain originaire d&#8217;Am\u00e9rique du Sud. Il existe plusieurs colorations selon son origine. Il est gr\u00e9gaire et vit \u00e0 mi profondeur de l&#8217;aquarium d&#8217;eau douce.<\/p>\n","protected":false},"excerpt":{"rendered":"<p>Poisson appel\u00e9 commun\u00e9ment poisson crayon nain<\/p>\n","protected":false},"featured_media":1754,"comment_status":"open","ping_status":"closed","template":"","meta":[],"product_brand":[],"product_cat":[82,824],"product_tag":[],"class_list":{"0":"post-1756","1":"product","2":"type-product","3":"status-publish","4":"has-post-thumbnail","6":"product_cat-poissons-invertebres","7":"product_cat-poissons-deau-douce","8":"product_shipping_class-vivants","9":"pa_continent-amerique","10":"pa_famille-lebiidae","11":"pa_genre-nannostomus","12":"pa_gh-1-8-2","13":"pa_maintenance-moderee","14":"pa_ph-5-5-7-0-3","15":"pa_taille-en-cm-3-5","16":"pa_taillemaximale-3-5cm","17":"pa_type-de-poissons-micro-poissons","18":"pa_volumeminimum-40l","20":"first","21":"instock","22":"taxable","23":"shipping-taxable","24":"purchasable","25":"product-type-simple"},"acf":[],"_links":{"self":[{"href":"https:\/\/com-pac.ovh\/preprod2\/wp-json\/wp\/v2\/product\/1756","targetHints":{"allow":["GET"]}}],"collection":[{"href":"https:\/\/com-pac.ovh\/preprod2\/wp-json\/wp\/v2\/product"}],"about":[{"href":"https:\/\/com-pac.ovh\/preprod2\/wp-json\/wp\/v2\/types\/product"}],"replies":[{"embeddable":true,"href":"https:\/\/com-pac.ovh\/preprod2\/wp-json\/wp\/v2\/comments?post=1756"}],"wp:featuredmedia":[{"embeddable":true,"href":"https:\/\/com-pac.ovh\/preprod2\/wp-json\/wp\/v2\/media\/1754"}],"wp:attachment":[{"href":"https:\/\/com-pac.ovh\/preprod2\/wp-json\/wp\/v2\/media?parent=1756"}],"wp:term":[{"taxonomy":"product_brand","embeddable":true,"href":"https:\/\/com-pac.ovh\/preprod2\/wp-json\/wp\/v2\/product_brand?post=1756"},{"taxonomy":"product_cat","embeddable":true,"href":"https:\/\/com-pac.ovh\/preprod2\/wp-json\/wp\/v2\/product_cat?post=1756"},{"taxonomy":"product_tag","embeddable":true,"href":"https:\/\/com-pac.ovh\/preprod2\/wp-json\/wp\/v2\/product_tag?post=1756"}],"curies":[{"name":"wp","href":"https:\/\/api.w.org\/{rel}","templated":true}]}}