
{"id":1766,"date":"2023-10-01T11:41:38","date_gmt":"2023-10-01T09:41:38","guid":{"rendered":"https:\/\/com-pac.ovh\/preprod2\/produit\/hyphessobrycon-pulchiprinnis\/"},"modified":"2025-06-03T10:08:49","modified_gmt":"2025-06-03T08:08:49","slug":"hyphessobrycon-pulchiprinnis","status":"publish","type":"product","link":"https:\/\/com-pac.ovh\/preprod2\/produit\/hyphessobrycon-pulchiprinnis\/","title":{"rendered":"Hyphessobrycon Pulchripinnis"},"content":{"rendered":"<p>Hyphessobrycon Pulchripinnis, t\u00e9tra citron est un petit poisson originaire d&#8217;am\u00e9rique du sud. Il vit en banc et \u00e0 mi profondeur de l&#8217;aquarium d&#8217;eau douce.<\/p>\n","protected":false},"excerpt":{"rendered":"<p>Petit t\u00e9tra appel\u00e9 commun\u00e9ment t\u00e9tra citron.<\/p>\n","protected":false},"featured_media":1765,"comment_status":"open","ping_status":"closed","template":"","meta":[],"product_brand":[],"product_cat":[82,824],"product_tag":[],"class_list":{"0":"post-1766","1":"product","2":"type-product","3":"status-publish","4":"has-post-thumbnail","6":"product_cat-poissons-invertebres","7":"product_cat-poissons-deau-douce","8":"product_shipping_class-vivants","9":"pa_continent-amerique-du-sud","10":"pa_famille-characidae","11":"pa_genre-hyphessobrycon","12":"pa_gh-2-15-4","13":"pa_maintenance-facile","14":"pa_ph-6-0-7-5-4","15":"pa_taille-en-cm-1327","16":"pa_taillemaximale-5cm-2","17":"pa_type-de-poissons-tetras","18":"pa_volumeminimum-60l","20":"first","21":"instock","22":"taxable","23":"shipping-taxable","24":"purchasable","25":"product-type-simple"},"acf":[],"_links":{"self":[{"href":"https:\/\/com-pac.ovh\/preprod2\/wp-json\/wp\/v2\/product\/1766","targetHints":{"allow":["GET"]}}],"collection":[{"href":"https:\/\/com-pac.ovh\/preprod2\/wp-json\/wp\/v2\/product"}],"about":[{"href":"https:\/\/com-pac.ovh\/preprod2\/wp-json\/wp\/v2\/types\/product"}],"replies":[{"embeddable":true,"href":"https:\/\/com-pac.ovh\/preprod2\/wp-json\/wp\/v2\/comments?post=1766"}],"wp:featuredmedia":[{"embeddable":true,"href":"https:\/\/com-pac.ovh\/preprod2\/wp-json\/wp\/v2\/media\/1765"}],"wp:attachment":[{"href":"https:\/\/com-pac.ovh\/preprod2\/wp-json\/wp\/v2\/media?parent=1766"}],"wp:term":[{"taxonomy":"product_brand","embeddable":true,"href":"https:\/\/com-pac.ovh\/preprod2\/wp-json\/wp\/v2\/product_brand?post=1766"},{"taxonomy":"product_cat","embeddable":true,"href":"https:\/\/com-pac.ovh\/preprod2\/wp-json\/wp\/v2\/product_cat?post=1766"},{"taxonomy":"product_tag","embeddable":true,"href":"https:\/\/com-pac.ovh\/preprod2\/wp-json\/wp\/v2\/product_tag?post=1766"}],"curies":[{"name":"wp","href":"https:\/\/api.w.org\/{rel}","templated":true}]}}