
{"id":1771,"date":"2023-10-01T11:49:03","date_gmt":"2023-10-01T09:49:03","guid":{"rendered":"https:\/\/com-pac.ovh\/preprod2\/produit\/hyphessobrycon-anisitsi\/"},"modified":"2025-06-02T15:46:28","modified_gmt":"2025-06-02T13:46:28","slug":"hyphessobrycon-anisitsi","status":"publish","type":"product","link":"https:\/\/com-pac.ovh\/preprod2\/produit\/hyphessobrycon-anisitsi\/","title":{"rendered":"Hyphessobrycon anisitsi"},"content":{"rendered":"<p>Hyphessobrycon anisitsi commun\u00e9ment appel\u00e9 le t\u00e9tra de Buenos-Aires est un petit poisson vivant en petits groupes originaire d&#8217;Am\u00e9rique du Sud. Il vit \u00e0 mi profondeur de l&#8217;aquarium d&#8217;eau douce, est omnivore et poss\u00e8de un temp\u00e9rament vif.<\/p>\n","protected":false},"excerpt":{"rendered":"<p>Petit t\u00e9tra appel\u00e9 commun\u00e9ment t\u00e9tra de Buenos Aires<\/p>\n","protected":false},"featured_media":1769,"comment_status":"open","ping_status":"closed","template":"","meta":[],"product_brand":[],"product_cat":[82,824],"product_tag":[],"class_list":{"0":"post-1771","1":"product","2":"type-product","3":"status-publish","4":"has-post-thumbnail","6":"product_cat-poissons-invertebres","7":"product_cat-poissons-deau-douce","8":"product_shipping_class-vivants","9":"pa_continent-amerique-du-sud","10":"pa_famille-characidae","11":"pa_genre-hyphessobrycon","12":"pa_gh-5-20-4","13":"pa_maintenance-facile","14":"pa_ph-6-0-8-0-4","15":"pa_taille-en-cm-1328","16":"pa_taillemaximale-6cm-2","17":"pa_type-de-poissons-tetras","18":"pa_volumeminimum-80l","20":"first","21":"instock","22":"taxable","23":"shipping-taxable","24":"purchasable","25":"product-type-variable"},"acf":[],"_links":{"self":[{"href":"https:\/\/com-pac.ovh\/preprod2\/wp-json\/wp\/v2\/product\/1771","targetHints":{"allow":["GET"]}}],"collection":[{"href":"https:\/\/com-pac.ovh\/preprod2\/wp-json\/wp\/v2\/product"}],"about":[{"href":"https:\/\/com-pac.ovh\/preprod2\/wp-json\/wp\/v2\/types\/product"}],"replies":[{"embeddable":true,"href":"https:\/\/com-pac.ovh\/preprod2\/wp-json\/wp\/v2\/comments?post=1771"}],"wp:featuredmedia":[{"embeddable":true,"href":"https:\/\/com-pac.ovh\/preprod2\/wp-json\/wp\/v2\/media\/1769"}],"wp:attachment":[{"href":"https:\/\/com-pac.ovh\/preprod2\/wp-json\/wp\/v2\/media?parent=1771"}],"wp:term":[{"taxonomy":"product_brand","embeddable":true,"href":"https:\/\/com-pac.ovh\/preprod2\/wp-json\/wp\/v2\/product_brand?post=1771"},{"taxonomy":"product_cat","embeddable":true,"href":"https:\/\/com-pac.ovh\/preprod2\/wp-json\/wp\/v2\/product_cat?post=1771"},{"taxonomy":"product_tag","embeddable":true,"href":"https:\/\/com-pac.ovh\/preprod2\/wp-json\/wp\/v2\/product_tag?post=1771"}],"curies":[{"name":"wp","href":"https:\/\/api.w.org\/{rel}","templated":true}]}}