
{"id":1816,"date":"2023-10-03T15:47:57","date_gmt":"2023-10-03T13:47:57","guid":{"rendered":"https:\/\/com-pac.ovh\/preprod2\/produit\/support-bacterien-bioceramax-1200-3\/"},"modified":"2025-06-06T12:22:53","modified_gmt":"2025-06-06T10:22:53","slug":"support-bacterien-bioceramax-1200-3","status":"publish","type":"product","link":"https:\/\/com-pac.ovh\/preprod2\/produit\/support-bacterien-bioceramax-1200-3\/","title":{"rendered":"Thermom\u00e8tres flottant \u00e0 ventouse"},"content":{"rendered":"<p>Thermom\u00e8tre pour aquarium sous blister. Il est flottant et livr\u00e9 avec sa ventouse. Plage de mesure de 0 \u00e0 40\u00b0C.<\/p>\n","protected":false},"excerpt":{"rendered":"<p>Thermom\u00e8tre flottant \u00e0 ventouse 0 \u00e0 40\u00b0C<\/p>\n","protected":false},"featured_media":1814,"comment_status":"open","ping_status":"closed","template":"","meta":[],"product_brand":[1594],"product_cat":[827,84],"product_tag":[],"class_list":{"0":"post-1816","1":"product","2":"type-product","3":"status-publish","4":"has-post-thumbnail","6":"product_brand-jbl","7":"product_cat-accessoires","8":"product_cat-materiel-nourriture","9":"product_shipping_class-materiel-nourriture","11":"first","12":"instock","13":"taxable","14":"shipping-taxable","15":"purchasable","16":"product-type-simple"},"acf":[],"_links":{"self":[{"href":"https:\/\/com-pac.ovh\/preprod2\/wp-json\/wp\/v2\/product\/1816","targetHints":{"allow":["GET"]}}],"collection":[{"href":"https:\/\/com-pac.ovh\/preprod2\/wp-json\/wp\/v2\/product"}],"about":[{"href":"https:\/\/com-pac.ovh\/preprod2\/wp-json\/wp\/v2\/types\/product"}],"replies":[{"embeddable":true,"href":"https:\/\/com-pac.ovh\/preprod2\/wp-json\/wp\/v2\/comments?post=1816"}],"wp:featuredmedia":[{"embeddable":true,"href":"https:\/\/com-pac.ovh\/preprod2\/wp-json\/wp\/v2\/media\/1814"}],"wp:attachment":[{"href":"https:\/\/com-pac.ovh\/preprod2\/wp-json\/wp\/v2\/media?parent=1816"}],"wp:term":[{"taxonomy":"product_brand","embeddable":true,"href":"https:\/\/com-pac.ovh\/preprod2\/wp-json\/wp\/v2\/product_brand?post=1816"},{"taxonomy":"product_cat","embeddable":true,"href":"https:\/\/com-pac.ovh\/preprod2\/wp-json\/wp\/v2\/product_cat?post=1816"},{"taxonomy":"product_tag","embeddable":true,"href":"https:\/\/com-pac.ovh\/preprod2\/wp-json\/wp\/v2\/product_tag?post=1816"}],"curies":[{"name":"wp","href":"https:\/\/api.w.org\/{rel}","templated":true}]}}