
{"id":1819,"date":"2023-10-03T15:51:12","date_gmt":"2023-10-03T13:51:12","guid":{"rendered":"https:\/\/com-pac.ovh\/preprod2\/produit\/rotala-rotundifolia\/"},"modified":"2025-06-06T13:57:43","modified_gmt":"2025-06-06T11:57:43","slug":"rotala-rotundifolia","status":"publish","type":"product","link":"https:\/\/com-pac.ovh\/preprod2\/produit\/rotala-rotundifolia\/","title":{"rendered":"Rotala Rotundifolia"},"content":{"rendered":"<p>Rotala rotundifolia est originaire d&#8217;Asie. On la trouve dans les zones humides aussi bien immerg\u00e9e qu&#8217;\u00e9merg\u00e9e. Elle est facile d&#8217;entretien et pousse rapidement. Id\u00e9al pour le d\u00e9marrage d&#8217;un aquarium d&#8217;eau douce.<\/p>\n","protected":false},"excerpt":{"rendered":"<p>La Rotala \u00e0 Feuilles rondes Rotala Rotundifolia est une plante verte \u00e0 tige commune.<\/p>\n","protected":false},"featured_media":1818,"comment_status":"open","ping_status":"closed","template":"","meta":[],"product_brand":[],"product_cat":[83],"product_tag":[],"class_list":{"0":"post-1819","1":"product","2":"type-product","3":"status-publish","4":"has-post-thumbnail","6":"product_cat-plantes-daquariums","7":"product_shipping_class-vivants","8":"pa_conditionnement-bouquet","9":"pa_croissance-rapide","10":"pa_gh-1-10-3","11":"pa_ph-5-0-a-7-5","13":"first","14":"instock","15":"taxable","16":"shipping-taxable","17":"purchasable","18":"product-type-simple"},"acf":[],"_links":{"self":[{"href":"https:\/\/com-pac.ovh\/preprod2\/wp-json\/wp\/v2\/product\/1819","targetHints":{"allow":["GET"]}}],"collection":[{"href":"https:\/\/com-pac.ovh\/preprod2\/wp-json\/wp\/v2\/product"}],"about":[{"href":"https:\/\/com-pac.ovh\/preprod2\/wp-json\/wp\/v2\/types\/product"}],"replies":[{"embeddable":true,"href":"https:\/\/com-pac.ovh\/preprod2\/wp-json\/wp\/v2\/comments?post=1819"}],"wp:featuredmedia":[{"embeddable":true,"href":"https:\/\/com-pac.ovh\/preprod2\/wp-json\/wp\/v2\/media\/1818"}],"wp:attachment":[{"href":"https:\/\/com-pac.ovh\/preprod2\/wp-json\/wp\/v2\/media?parent=1819"}],"wp:term":[{"taxonomy":"product_brand","embeddable":true,"href":"https:\/\/com-pac.ovh\/preprod2\/wp-json\/wp\/v2\/product_brand?post=1819"},{"taxonomy":"product_cat","embeddable":true,"href":"https:\/\/com-pac.ovh\/preprod2\/wp-json\/wp\/v2\/product_cat?post=1819"},{"taxonomy":"product_tag","embeddable":true,"href":"https:\/\/com-pac.ovh\/preprod2\/wp-json\/wp\/v2\/product_tag?post=1819"}],"curies":[{"name":"wp","href":"https:\/\/api.w.org\/{rel}","templated":true}]}}