
{"id":1830,"date":"2023-10-07T11:56:35","date_gmt":"2023-10-07T09:56:35","guid":{"rendered":"https:\/\/com-pac.ovh\/preprod2\/produit\/detoxol-detoxifiant-instantane\/"},"modified":"2025-06-06T12:21:57","modified_gmt":"2025-06-06T10:21:57","slug":"detoxol-detoxifiant-instantane","status":"publish","type":"product","link":"https:\/\/com-pac.ovh\/preprod2\/produit\/detoxol-detoxifiant-instantane\/","title":{"rendered":"DETOXOL D\u00e9toxifiant instantan\u00e9"},"content":{"rendered":"<p>\u00c9limine IMM\u00c9DIATEMENT les substances toxiques comme l&#8217;ammoniaque (NH3), les nitrites (NO2), le chlore et les chloramines dans l&#8217;eau douce et l&#8217;eau de mer<br \/>\nAction extr\u00eamement rapide : au bout de 10 minutes, les substances toxiques sont d\u00e9j\u00e0 incontestablement neutralis\u00e9es<br \/>\nL\u2019\u00e9limination de l\u2019ammonium r\u00e9duit la formation de nitrites et de nitrates. Neutralise les m\u00e9taux lourds comme le cuivre et le plomb. Stabilise la duret\u00e9 carbonat\u00e9e (KH). Peut-\u00eatre surdos\u00e9 jusqu\u2019\u00e0 5 fois la dose.<br \/>\nAjouter 10 ml de JBL Detoxol pour 40 l d\u2019eau. Tr\u00e8s haute capacit\u00e9 d\u2019adsorption : 10 ml peuvent neutraliser 30 mg d\u2019ammonium et 2 mg de chlore.<br \/>\nCompris dans la livraison : 1 flacon de JBL Detoxol, avec bouchon doseur pour un dosage facile et pr\u00e9cis<\/p>\n","protected":false},"excerpt":{"rendered":"<p>JBL Detoxol<br \/>\nD\u00e9toxifiant imm\u00e9diat pour une eau d\u2019aquarium saine<\/p>\n","protected":false},"featured_media":1825,"comment_status":"open","ping_status":"closed","template":"","meta":[],"product_brand":[1594],"product_cat":[37,84,25],"product_tag":[],"class_list":{"0":"post-1830","1":"product","2":"type-product","3":"status-publish","4":"has-post-thumbnail","6":"product_brand-jbl","7":"product_cat-additifs","8":"product_cat-materiel-nourriture","9":"product_cat-traitements-de-leau","10":"product_shipping_class-materiel-nourriture","11":"pa_contenance-250ml","12":"pa_type-de-poissons-toutes-especes","14":"first","15":"instock","16":"taxable","17":"shipping-taxable","18":"purchasable","19":"product-type-simple"},"acf":[],"_links":{"self":[{"href":"https:\/\/com-pac.ovh\/preprod2\/wp-json\/wp\/v2\/product\/1830","targetHints":{"allow":["GET"]}}],"collection":[{"href":"https:\/\/com-pac.ovh\/preprod2\/wp-json\/wp\/v2\/product"}],"about":[{"href":"https:\/\/com-pac.ovh\/preprod2\/wp-json\/wp\/v2\/types\/product"}],"replies":[{"embeddable":true,"href":"https:\/\/com-pac.ovh\/preprod2\/wp-json\/wp\/v2\/comments?post=1830"}],"wp:featuredmedia":[{"embeddable":true,"href":"https:\/\/com-pac.ovh\/preprod2\/wp-json\/wp\/v2\/media\/1825"}],"wp:attachment":[{"href":"https:\/\/com-pac.ovh\/preprod2\/wp-json\/wp\/v2\/media?parent=1830"}],"wp:term":[{"taxonomy":"product_brand","embeddable":true,"href":"https:\/\/com-pac.ovh\/preprod2\/wp-json\/wp\/v2\/product_brand?post=1830"},{"taxonomy":"product_cat","embeddable":true,"href":"https:\/\/com-pac.ovh\/preprod2\/wp-json\/wp\/v2\/product_cat?post=1830"},{"taxonomy":"product_tag","embeddable":true,"href":"https:\/\/com-pac.ovh\/preprod2\/wp-json\/wp\/v2\/product_tag?post=1830"}],"curies":[{"name":"wp","href":"https:\/\/api.w.org\/{rel}","templated":true}]}}