
{"id":1841,"date":"2023-10-07T12:08:34","date_gmt":"2023-10-07T10:08:34","guid":{"rendered":"https:\/\/com-pac.ovh\/preprod2\/produit\/detoxol-detoxifiant-instantane-4\/"},"modified":"2025-06-06T12:12:31","modified_gmt":"2025-06-06T10:12:31","slug":"detoxol-detoxifiant-instantane-4","status":"publish","type":"product","link":"https:\/\/com-pac.ovh\/preprod2\/produit\/detoxol-detoxifiant-instantane-4\/","title":{"rendered":"Phosex Rapid anti phosphate"},"content":{"rendered":"<p>Pour une eau d&#8217;aquarium adapt\u00e9e aux poissons et aux plantes : fixe efficacement les phosphates et pr\u00e9vient la croissance ind\u00e9sirable des algues. Pour aquariums d&#8217;eau douce, tortues d&#8217;eau et crevettes.<br \/>\nMesure d&#8217;urgence efficace : fluide \u00e0 base de fer pour abaisser les taux de phosphates trop \u00e9lev\u00e9s.<br \/>\n\u00c9limine les phosphates, pr\u00e9vient la formation des algues, clarifie l&#8217;eau trouble des aquariums.<br \/>\nMode d&#8217;action : un compos\u00e9 de fer liquide fixe efficacement et durablement les phosphates dissous dans l&#8217;eau. L&#8217;effet est visible \u00e0 la turbidit\u00e9 brun\u00e2tre de l&#8217;eau, qui dispara\u00eet au bout de 2 \u00e0 24 h.<br \/>\nCompris dans la livraison : 1 PhosEx rapid. Utilisation : 10 ml pour 40 l d&#8217;eau avec phosphates &gt;2.4 mg\/l. Ex. : 15 ml pour aquarium de 60 l. Avec &gt; 1.2 mg\/l : 10 ml pour 80 l d&#8217;eau et avec &gt; 0.6 ml\/l : 10 ml pour 160 l d&#8217;eau.<\/p>\n","protected":false},"excerpt":{"rendered":"<p>JBL PhosEx rapid<br \/>\nTraitement anti-phosphates pour aquarium d&#8217;eau douce<\/p>\n","protected":false},"featured_media":1839,"comment_status":"open","ping_status":"closed","template":"","meta":[],"product_brand":[1594],"product_cat":[37,84,25],"product_tag":[],"class_list":{"0":"post-1841","1":"product","2":"type-product","3":"status-publish","4":"has-post-thumbnail","6":"product_brand-jbl","7":"product_cat-additifs","8":"product_cat-materiel-nourriture","9":"product_cat-traitements-de-leau","10":"product_shipping_class-materiel-nourriture","11":"pa_contenance-250ml","12":"pa_type-de-poissons-toutes-especes","14":"first","15":"instock","16":"taxable","17":"shipping-taxable","18":"purchasable","19":"product-type-simple"},"acf":[],"_links":{"self":[{"href":"https:\/\/com-pac.ovh\/preprod2\/wp-json\/wp\/v2\/product\/1841","targetHints":{"allow":["GET"]}}],"collection":[{"href":"https:\/\/com-pac.ovh\/preprod2\/wp-json\/wp\/v2\/product"}],"about":[{"href":"https:\/\/com-pac.ovh\/preprod2\/wp-json\/wp\/v2\/types\/product"}],"replies":[{"embeddable":true,"href":"https:\/\/com-pac.ovh\/preprod2\/wp-json\/wp\/v2\/comments?post=1841"}],"wp:featuredmedia":[{"embeddable":true,"href":"https:\/\/com-pac.ovh\/preprod2\/wp-json\/wp\/v2\/media\/1839"}],"wp:attachment":[{"href":"https:\/\/com-pac.ovh\/preprod2\/wp-json\/wp\/v2\/media?parent=1841"}],"wp:term":[{"taxonomy":"product_brand","embeddable":true,"href":"https:\/\/com-pac.ovh\/preprod2\/wp-json\/wp\/v2\/product_brand?post=1841"},{"taxonomy":"product_cat","embeddable":true,"href":"https:\/\/com-pac.ovh\/preprod2\/wp-json\/wp\/v2\/product_cat?post=1841"},{"taxonomy":"product_tag","embeddable":true,"href":"https:\/\/com-pac.ovh\/preprod2\/wp-json\/wp\/v2\/product_tag?post=1841"}],"curies":[{"name":"wp","href":"https:\/\/api.w.org\/{rel}","templated":true}]}}