
{"id":1849,"date":"2023-10-14T18:05:56","date_gmt":"2023-10-14T16:05:56","guid":{"rendered":"https:\/\/com-pac.ovh\/preprod2\/produit\/vallisneria-spiralis-6\/"},"modified":"2025-06-06T13:50:52","modified_gmt":"2025-06-06T11:50:52","slug":"vallisneria-spiralis-6","status":"publish","type":"product","link":"https:\/\/com-pac.ovh\/preprod2\/produit\/vallisneria-spiralis-6\/","title":{"rendered":"Egeria Densa"},"content":{"rendered":"<p>Egeria Densa ou \u00e9lod\u00e9e dense est originaire d&#8217;Am\u00e9rique du sud. elle a besoin de beaucoup de lumi\u00e8re de croissance lente elle atteindra le haut de l&#8217;aquarium d&#8217;eau douce.<\/p>\n","protected":false},"excerpt":{"rendered":"<p>Eg\u00e9ria Densa ou \u00e9lod\u00e9e dense est une plante d&#8217;aquarium d&#8217;eau douce tr\u00e8s populaire.<\/p>\n","protected":false},"featured_media":1848,"comment_status":"open","ping_status":"closed","template":"","meta":[],"product_brand":[],"product_cat":[83],"product_tag":[],"class_list":{"0":"post-1849","1":"product","2":"type-product","3":"status-publish","4":"has-post-thumbnail","6":"product_cat-plantes-daquariums","7":"product_shipping_class-materiel-nourriture","8":"pa_conditionnement-bouquet","9":"pa_croissance-lente","10":"pa_gh-10-25","11":"pa_maintenance-facile","12":"pa_ph-5-5-a-8-0","14":"first","15":"instock","16":"taxable","17":"shipping-taxable","18":"purchasable","19":"product-type-simple"},"acf":[],"_links":{"self":[{"href":"https:\/\/com-pac.ovh\/preprod2\/wp-json\/wp\/v2\/product\/1849","targetHints":{"allow":["GET"]}}],"collection":[{"href":"https:\/\/com-pac.ovh\/preprod2\/wp-json\/wp\/v2\/product"}],"about":[{"href":"https:\/\/com-pac.ovh\/preprod2\/wp-json\/wp\/v2\/types\/product"}],"replies":[{"embeddable":true,"href":"https:\/\/com-pac.ovh\/preprod2\/wp-json\/wp\/v2\/comments?post=1849"}],"wp:featuredmedia":[{"embeddable":true,"href":"https:\/\/com-pac.ovh\/preprod2\/wp-json\/wp\/v2\/media\/1848"}],"wp:attachment":[{"href":"https:\/\/com-pac.ovh\/preprod2\/wp-json\/wp\/v2\/media?parent=1849"}],"wp:term":[{"taxonomy":"product_brand","embeddable":true,"href":"https:\/\/com-pac.ovh\/preprod2\/wp-json\/wp\/v2\/product_brand?post=1849"},{"taxonomy":"product_cat","embeddable":true,"href":"https:\/\/com-pac.ovh\/preprod2\/wp-json\/wp\/v2\/product_cat?post=1849"},{"taxonomy":"product_tag","embeddable":true,"href":"https:\/\/com-pac.ovh\/preprod2\/wp-json\/wp\/v2\/product_tag?post=1849"}],"curies":[{"name":"wp","href":"https:\/\/api.w.org\/{rel}","templated":true}]}}