
{"id":1851,"date":"2023-10-14T18:16:49","date_gmt":"2023-10-14T16:16:49","guid":{"rendered":"https:\/\/com-pac.ovh\/preprod2\/produit\/vallisneria-spiralis-7\/"},"modified":"2025-05-15T16:31:10","modified_gmt":"2025-05-15T14:31:10","slug":"vallisneria-spiralis-7","status":"publish","type":"product","link":"https:\/\/com-pac.ovh\/preprod2\/produit\/vallisneria-spiralis-7\/","title":{"rendered":"Myriophyllum tuberculatum"},"content":{"rendered":"<p>Myriophyllum tuberculatum ou Mattogrossense red est une plante ressemblant \u00e0 une plume \u00e0 croissance rapide \u00e0 mettre en arri\u00e8re plant de l&#8217;aquarium d&#8217;eau douce.<\/p>\n","protected":false},"excerpt":{"rendered":"<p>Myriophyllum tuberculatum ou Mattogrossense red est une plante ressemblant \u00e0 une plume \u00e0 croissance rapide.<\/p>\n","protected":false},"featured_media":1850,"comment_status":"open","ping_status":"closed","template":"","meta":[],"product_brand":[],"product_cat":[83],"product_tag":[],"class_list":{"0":"post-1851","1":"product","2":"type-product","3":"status-publish","4":"has-post-thumbnail","6":"product_cat-plantes-daquariums","7":"product_shipping_class-materiel-nourriture","8":"pa_conditionnement-bouquet","9":"pa_croissance-rapide","11":"first","12":"onbackorder","13":"taxable","14":"shipping-taxable","15":"purchasable","16":"product-type-simple"},"acf":[],"_links":{"self":[{"href":"https:\/\/com-pac.ovh\/preprod2\/wp-json\/wp\/v2\/product\/1851","targetHints":{"allow":["GET"]}}],"collection":[{"href":"https:\/\/com-pac.ovh\/preprod2\/wp-json\/wp\/v2\/product"}],"about":[{"href":"https:\/\/com-pac.ovh\/preprod2\/wp-json\/wp\/v2\/types\/product"}],"replies":[{"embeddable":true,"href":"https:\/\/com-pac.ovh\/preprod2\/wp-json\/wp\/v2\/comments?post=1851"}],"wp:featuredmedia":[{"embeddable":true,"href":"https:\/\/com-pac.ovh\/preprod2\/wp-json\/wp\/v2\/media\/1850"}],"wp:attachment":[{"href":"https:\/\/com-pac.ovh\/preprod2\/wp-json\/wp\/v2\/media?parent=1851"}],"wp:term":[{"taxonomy":"product_brand","embeddable":true,"href":"https:\/\/com-pac.ovh\/preprod2\/wp-json\/wp\/v2\/product_brand?post=1851"},{"taxonomy":"product_cat","embeddable":true,"href":"https:\/\/com-pac.ovh\/preprod2\/wp-json\/wp\/v2\/product_cat?post=1851"},{"taxonomy":"product_tag","embeddable":true,"href":"https:\/\/com-pac.ovh\/preprod2\/wp-json\/wp\/v2\/product_tag?post=1851"}],"curies":[{"name":"wp","href":"https:\/\/api.w.org\/{rel}","templated":true}]}}