
{"id":1853,"date":"2023-10-14T18:29:09","date_gmt":"2023-10-14T16:29:09","guid":{"rendered":"https:\/\/com-pac.ovh\/preprod2\/produit\/vallisneria-spiralis-8\/"},"modified":"2025-06-06T13:48:17","modified_gmt":"2025-06-06T11:48:17","slug":"vallisneria-spiralis","status":"publish","type":"product","link":"https:\/\/com-pac.ovh\/preprod2\/produit\/vallisneria-spiralis\/","title":{"rendered":"Cryptocoryne Beckettii"},"content":{"rendered":"<p>Cryptocoryne Beckettii est originaire du sri Lanka\u00a0elle aime l&#8217;\u00e9clairage intense on pourra la placer juste apr\u00e8s les plantes de fond. Elle \u00e9quipe les aquariums d&#8217;eau douce depuis plus de 60 ans.<\/p>\n","protected":false},"excerpt":{"rendered":"<p>Cryptocoryne Beckettii est originaire du sri Lanka d&#8217;une croissance mod\u00e9r\u00e9e et d&#8217;entretien facile elle est id\u00e9ale pour l&#8217;aquarium d&#8217;eau douce.<\/p>\n","protected":false},"featured_media":1852,"comment_status":"open","ping_status":"closed","template":"","meta":[],"product_brand":[],"product_cat":[83],"product_tag":[],"class_list":{"0":"post-1853","1":"product","2":"type-product","3":"status-publish","4":"has-post-thumbnail","6":"product_cat-plantes-daquariums","7":"product_shipping_class-materiel-nourriture","8":"pa_conditionnement-pot","9":"pa_croissance-moderee","10":"pa_maintenance-facile","11":"pa_ph-6-0-7-5-4","13":"first","14":"instock","15":"taxable","16":"shipping-taxable","17":"purchasable","18":"product-type-simple"},"acf":[],"_links":{"self":[{"href":"https:\/\/com-pac.ovh\/preprod2\/wp-json\/wp\/v2\/product\/1853","targetHints":{"allow":["GET"]}}],"collection":[{"href":"https:\/\/com-pac.ovh\/preprod2\/wp-json\/wp\/v2\/product"}],"about":[{"href":"https:\/\/com-pac.ovh\/preprod2\/wp-json\/wp\/v2\/types\/product"}],"replies":[{"embeddable":true,"href":"https:\/\/com-pac.ovh\/preprod2\/wp-json\/wp\/v2\/comments?post=1853"}],"wp:featuredmedia":[{"embeddable":true,"href":"https:\/\/com-pac.ovh\/preprod2\/wp-json\/wp\/v2\/media\/1852"}],"wp:attachment":[{"href":"https:\/\/com-pac.ovh\/preprod2\/wp-json\/wp\/v2\/media?parent=1853"}],"wp:term":[{"taxonomy":"product_brand","embeddable":true,"href":"https:\/\/com-pac.ovh\/preprod2\/wp-json\/wp\/v2\/product_brand?post=1853"},{"taxonomy":"product_cat","embeddable":true,"href":"https:\/\/com-pac.ovh\/preprod2\/wp-json\/wp\/v2\/product_cat?post=1853"},{"taxonomy":"product_tag","embeddable":true,"href":"https:\/\/com-pac.ovh\/preprod2\/wp-json\/wp\/v2\/product_tag?post=1853"}],"curies":[{"name":"wp","href":"https:\/\/api.w.org\/{rel}","templated":true}]}}