
{"id":1855,"date":"2023-10-14T18:39:37","date_gmt":"2023-10-14T16:39:37","guid":{"rendered":"https:\/\/com-pac.ovh\/preprod2\/produit\/vallisneria-spiralis-9\/"},"modified":"2025-06-06T13:45:16","modified_gmt":"2025-06-06T11:45:16","slug":"vallisneria-spiralis-9","status":"publish","type":"product","link":"https:\/\/com-pac.ovh\/preprod2\/produit\/vallisneria-spiralis-9\/","title":{"rendered":"Echinodorus x Barthii"},"content":{"rendered":"<p>Echinodorus x Barthii ou plante \u00e9p\u00e9e est une plante \u00e0 croissance mod\u00e9r\u00e9e qui peut avoir les feuilles rouges sous un \u00e9clairage intense. de grande taille elle occupera le fond de l&#8217;aquarium d&#8217;eau douce.<\/p>\n","protected":false},"excerpt":{"rendered":"<p>Echinodorus x Barthii ou plante \u00e9p\u00e9e est issue d&#8217;amazonie.<\/p>\n","protected":false},"featured_media":1854,"comment_status":"open","ping_status":"closed","template":"","meta":[],"product_brand":[],"product_cat":[83],"product_tag":[],"class_list":{"0":"post-1855","1":"product","2":"type-product","3":"status-publish","4":"has-post-thumbnail","6":"product_cat-plantes-daquariums","7":"product_shipping_class-materiel-nourriture","8":"pa_conditionnement-pot","9":"pa_croissance-moderee","10":"pa_maintenance-facile","11":"pa_ph-6-0-7-5-4","13":"first","14":"instock","15":"taxable","16":"shipping-taxable","17":"purchasable","18":"product-type-simple"},"acf":[],"_links":{"self":[{"href":"https:\/\/com-pac.ovh\/preprod2\/wp-json\/wp\/v2\/product\/1855","targetHints":{"allow":["GET"]}}],"collection":[{"href":"https:\/\/com-pac.ovh\/preprod2\/wp-json\/wp\/v2\/product"}],"about":[{"href":"https:\/\/com-pac.ovh\/preprod2\/wp-json\/wp\/v2\/types\/product"}],"replies":[{"embeddable":true,"href":"https:\/\/com-pac.ovh\/preprod2\/wp-json\/wp\/v2\/comments?post=1855"}],"wp:featuredmedia":[{"embeddable":true,"href":"https:\/\/com-pac.ovh\/preprod2\/wp-json\/wp\/v2\/media\/1854"}],"wp:attachment":[{"href":"https:\/\/com-pac.ovh\/preprod2\/wp-json\/wp\/v2\/media?parent=1855"}],"wp:term":[{"taxonomy":"product_brand","embeddable":true,"href":"https:\/\/com-pac.ovh\/preprod2\/wp-json\/wp\/v2\/product_brand?post=1855"},{"taxonomy":"product_cat","embeddable":true,"href":"https:\/\/com-pac.ovh\/preprod2\/wp-json\/wp\/v2\/product_cat?post=1855"},{"taxonomy":"product_tag","embeddable":true,"href":"https:\/\/com-pac.ovh\/preprod2\/wp-json\/wp\/v2\/product_tag?post=1855"}],"curies":[{"name":"wp","href":"https:\/\/api.w.org\/{rel}","templated":true}]}}