
{"id":1859,"date":"2023-10-14T18:53:45","date_gmt":"2023-10-14T16:53:45","guid":{"rendered":"https:\/\/com-pac.ovh\/preprod2\/produit\/samolus-floribundus\/"},"modified":"2025-06-06T13:42:29","modified_gmt":"2025-06-06T11:42:29","slug":"samolus-floribundus","status":"publish","type":"product","link":"https:\/\/com-pac.ovh\/preprod2\/produit\/samolus-floribundus\/","title":{"rendered":"Samolus Floribundus"},"content":{"rendered":"<p>Samolus Floribundus ou Valerandi est amphibie et vivace elle peut \u00eatre plus ou moins immerg\u00e9e selon le niveau de l&#8217;eau. tr\u00e8s jolie mais assez difficile \u00e0 maintenir elle fera le bonheur des plus exigents.<\/p>\n","protected":false},"excerpt":{"rendered":"<p>Samolus Floribundus ou Valerandi originaire d&#8217;am\u00e9rique, d&#8217;inde ou des antilles<\/p>\n","protected":false},"featured_media":1858,"comment_status":"open","ping_status":"closed","template":"","meta":[],"product_brand":[],"product_cat":[83],"product_tag":[],"class_list":{"0":"post-1859","1":"product","2":"type-product","3":"status-publish","4":"has-post-thumbnail","6":"product_cat-plantes-daquariums","7":"product_shipping_class-materiel-nourriture","8":"pa_conditionnement-pot","9":"pa_croissance-lente","10":"pa_maintenance-difficile","11":"pa_ph-6-5-et-plus","13":"first","14":"onbackorder","15":"taxable","16":"shipping-taxable","17":"purchasable","18":"product-type-simple"},"acf":[],"_links":{"self":[{"href":"https:\/\/com-pac.ovh\/preprod2\/wp-json\/wp\/v2\/product\/1859","targetHints":{"allow":["GET"]}}],"collection":[{"href":"https:\/\/com-pac.ovh\/preprod2\/wp-json\/wp\/v2\/product"}],"about":[{"href":"https:\/\/com-pac.ovh\/preprod2\/wp-json\/wp\/v2\/types\/product"}],"replies":[{"embeddable":true,"href":"https:\/\/com-pac.ovh\/preprod2\/wp-json\/wp\/v2\/comments?post=1859"}],"wp:featuredmedia":[{"embeddable":true,"href":"https:\/\/com-pac.ovh\/preprod2\/wp-json\/wp\/v2\/media\/1858"}],"wp:attachment":[{"href":"https:\/\/com-pac.ovh\/preprod2\/wp-json\/wp\/v2\/media?parent=1859"}],"wp:term":[{"taxonomy":"product_brand","embeddable":true,"href":"https:\/\/com-pac.ovh\/preprod2\/wp-json\/wp\/v2\/product_brand?post=1859"},{"taxonomy":"product_cat","embeddable":true,"href":"https:\/\/com-pac.ovh\/preprod2\/wp-json\/wp\/v2\/product_cat?post=1859"},{"taxonomy":"product_tag","embeddable":true,"href":"https:\/\/com-pac.ovh\/preprod2\/wp-json\/wp\/v2\/product_tag?post=1859"}],"curies":[{"name":"wp","href":"https:\/\/api.w.org\/{rel}","templated":true}]}}