
{"id":1872,"date":"2023-10-21T08:27:14","date_gmt":"2023-10-21T06:27:14","guid":{"rendered":"https:\/\/com-pac.ovh\/preprod2\/produit\/xiphophorus-maculatus\/"},"modified":"2025-05-27T10:21:39","modified_gmt":"2025-05-27T08:21:39","slug":"xiphophorus-maculatus","status":"publish","type":"product","link":"https:\/\/com-pac.ovh\/preprod2\/produit\/xiphophorus-maculatus\/","title":{"rendered":"Xiphophorus Maculatus"},"content":{"rendered":"<p>Le tr\u00e8s populaire Platy fait partie des esp\u00e8ces les plus courantes du monde de l&#8217;aquariophilie. D&#8217;un temp\u00e9rament vif, ses nombreuses couleurs donnent vie \u00e0 l&#8217;aquarium d&#8217;eau douce.<\/p>\n","protected":false},"excerpt":{"rendered":"<p>Xiphophorus maculatus ou Platy est un poisson populaire originaire d&#8217;am\u00e9rique centrale.<\/p>\n","protected":false},"featured_media":1870,"comment_status":"open","ping_status":"closed","template":"","meta":[],"product_brand":[],"product_cat":[82,824],"product_tag":[],"class_list":{"0":"post-1872","1":"product","2":"type-product","3":"status-publish","4":"has-post-thumbnail","6":"product_cat-poissons-invertebres","7":"product_cat-poissons-deau-douce","8":"product_shipping_class-vivants","9":"pa_continent-amerique","10":"pa_famille-poeciliidae","11":"pa_genre-xiphophorus","12":"pa_gh-10-28-2","13":"pa_maintenance-facile","14":"pa_origine-amrique-centrale","15":"pa_ph-7-0-8-2-2","16":"pa_taille-en-cm-1332","17":"pa_taillemaximale-6cm-2","18":"pa_type-de-poissons-platys","19":"pa_volumeminimum-80l","21":"first","22":"instock","23":"taxable","24":"shipping-taxable","25":"purchasable","26":"product-type-simple"},"acf":[],"_links":{"self":[{"href":"https:\/\/com-pac.ovh\/preprod2\/wp-json\/wp\/v2\/product\/1872","targetHints":{"allow":["GET"]}}],"collection":[{"href":"https:\/\/com-pac.ovh\/preprod2\/wp-json\/wp\/v2\/product"}],"about":[{"href":"https:\/\/com-pac.ovh\/preprod2\/wp-json\/wp\/v2\/types\/product"}],"replies":[{"embeddable":true,"href":"https:\/\/com-pac.ovh\/preprod2\/wp-json\/wp\/v2\/comments?post=1872"}],"wp:featuredmedia":[{"embeddable":true,"href":"https:\/\/com-pac.ovh\/preprod2\/wp-json\/wp\/v2\/media\/1870"}],"wp:attachment":[{"href":"https:\/\/com-pac.ovh\/preprod2\/wp-json\/wp\/v2\/media?parent=1872"}],"wp:term":[{"taxonomy":"product_brand","embeddable":true,"href":"https:\/\/com-pac.ovh\/preprod2\/wp-json\/wp\/v2\/product_brand?post=1872"},{"taxonomy":"product_cat","embeddable":true,"href":"https:\/\/com-pac.ovh\/preprod2\/wp-json\/wp\/v2\/product_cat?post=1872"},{"taxonomy":"product_tag","embeddable":true,"href":"https:\/\/com-pac.ovh\/preprod2\/wp-json\/wp\/v2\/product_tag?post=1872"}],"curies":[{"name":"wp","href":"https:\/\/api.w.org\/{rel}","templated":true}]}}