
{"id":1887,"date":"2023-10-25T19:41:21","date_gmt":"2023-10-25T17:41:21","guid":{"rendered":"https:\/\/com-pac.ovh\/preprod2\/produit\/pronovo-fex-250-ml\/"},"modified":"2025-06-06T12:11:27","modified_gmt":"2025-06-06T10:11:27","slug":"pronovo-fex-250-ml","status":"publish","type":"product","link":"https:\/\/com-pac.ovh\/preprod2\/produit\/pronovo-fex-250-ml\/","title":{"rendered":"PRONOVO FEX"},"content":{"rendered":"<p>Tubifex lyophilis\u00e9s (petits vers oligoch\u00e8tes), compl\u00e9ment alimentaire id\u00e9al ou friandise pour tous les poissons d\u2019eau douce, \u00e9crevisses, crevettes et axolotls.<br \/>\nLes tubifex sont tr\u00e8s \u00e9nerg\u00e9tiques et renforcent l\u2019organisme des poissons.<br \/>\nUne alternative \u00e0 la nourriture vivante ou congel\u00e9e : compl\u00e9ment alimentaire pour poissons tropicaux d\u2019eau douce. Le proc\u00e9d\u00e9 de s\u00e9chage pr\u00e9serve les nutriments.<br \/>\nLa lyophilisation sous vide permet de conserver les nutriments importants dans les animaux alimentaires s\u00e9ch\u00e9s.<br \/>\nContenu : bo\u00eete d&#8217;origine scell\u00e9e, \u00e9tanche \u00e0 l\u2019air et \u00e0 la lumi\u00e8re, recyclable, avec doseur dans le couvercle<\/p>\n","protected":false},"excerpt":{"rendered":"<p>JBL PRONOVO FEX<br \/>\nTubifex, friandises pour tous les poissons d\u2019ornement de 8 \u00e0 20 cm<\/p>\n","protected":false},"featured_media":1885,"comment_status":"open","ping_status":"closed","template":"","meta":[],"product_brand":[1594],"product_cat":[84,825],"product_tag":[],"class_list":{"0":"post-1887","1":"product","2":"type-product","3":"status-publish","4":"has-post-thumbnail","6":"product_brand-jbl","7":"product_cat-materiel-nourriture","8":"product_cat-nourriture","9":"product_shipping_class-materiel-nourriture","10":"pa_contenance-250ml","11":"pa_nourriture-nourriture-seche","12":"pa_type-de-poissons-toutes-especes","14":"first","15":"instock","16":"taxable","17":"shipping-taxable","18":"purchasable","19":"product-type-simple"},"acf":[],"_links":{"self":[{"href":"https:\/\/com-pac.ovh\/preprod2\/wp-json\/wp\/v2\/product\/1887","targetHints":{"allow":["GET"]}}],"collection":[{"href":"https:\/\/com-pac.ovh\/preprod2\/wp-json\/wp\/v2\/product"}],"about":[{"href":"https:\/\/com-pac.ovh\/preprod2\/wp-json\/wp\/v2\/types\/product"}],"replies":[{"embeddable":true,"href":"https:\/\/com-pac.ovh\/preprod2\/wp-json\/wp\/v2\/comments?post=1887"}],"wp:featuredmedia":[{"embeddable":true,"href":"https:\/\/com-pac.ovh\/preprod2\/wp-json\/wp\/v2\/media\/1885"}],"wp:attachment":[{"href":"https:\/\/com-pac.ovh\/preprod2\/wp-json\/wp\/v2\/media?parent=1887"}],"wp:term":[{"taxonomy":"product_brand","embeddable":true,"href":"https:\/\/com-pac.ovh\/preprod2\/wp-json\/wp\/v2\/product_brand?post=1887"},{"taxonomy":"product_cat","embeddable":true,"href":"https:\/\/com-pac.ovh\/preprod2\/wp-json\/wp\/v2\/product_cat?post=1887"},{"taxonomy":"product_tag","embeddable":true,"href":"https:\/\/com-pac.ovh\/preprod2\/wp-json\/wp\/v2\/product_tag?post=1887"}],"curies":[{"name":"wp","href":"https:\/\/api.w.org\/{rel}","templated":true}]}}