
{"id":1890,"date":"2023-11-04T11:43:23","date_gmt":"2023-11-04T10:43:23","guid":{"rendered":"https:\/\/com-pac.ovh\/preprod2\/produit\/pronovo-spirulina-flakes-100-ml\/"},"modified":"2025-06-06T12:08:40","modified_gmt":"2025-06-06T10:08:40","slug":"pronovo-spirulina-flakes-100-ml","status":"publish","type":"product","link":"https:\/\/com-pac.ovh\/preprod2\/produit\/pronovo-spirulina-flakes-100-ml\/","title":{"rendered":"PRONOVO SPIRULINA FLAKES"},"content":{"rendered":"<p>Aliment pr\u00e9biotique flottant en flocons \u00e0 base de spiruline pour poissons d&#8217;aquariums herbivores et algivores, comme les poissons ovovivipares et brouteurs d&#8217;aufwuchs des lacs Malawi et Tanganyika.<br \/>\nMati\u00e8res premi\u00e8res \u00e0 l\u2019\u00e9tat naturel, sans additifs synth\u00e9tiques, pour une nutrition naturelle et des poissons en bonne sant\u00e9. Test\u00e9 au cours des exp\u00e9ditions de recherche JBL dans les r\u00e9gions tropicales.<br \/>\nTr\u00e8s grande app\u00e9tence, m\u00eame chez les esp\u00e8ces de poissons difficiles, gr\u00e2ce \u00e0 des ingr\u00e9dients haut de gamme, comme spiruline (spirulina platensis), saumon et crevettes.<br \/>\nPourcentage de spiruline id\u00e9al de 20 % pour des poissons en bonne sant\u00e9 et une coloration optimale. Comme les poissons ne consomment que des quantit\u00e9s mod\u00e9r\u00e9es d&#8217;algues bleues dans la nature, le taux de spiruline ne devrait pas exc\u00e9der 20 %.<br \/>\nContenu : bo\u00eete d\u2019origine scell\u00e9e, recyclable, \u00e9tanche \u00e0 l\u2019air et \u00e0 la lumi\u00e8re, avec doseur \u00e0 l\u2019int\u00e9rieur du couvercle (pour 100, 250, 1000 ml).<\/p>\n","protected":false},"excerpt":{"rendered":"<p>JBL PRONOVO SPIRULINA FLAKES M<br \/>\nFlocons v\u00e9g\u00e9taux \u00e0 la spiruline, taille M, pour tous poissons d\u2019aquarium de 8 \u00e0 20 cm<\/p>\n","protected":false},"featured_media":1888,"comment_status":"open","ping_status":"closed","template":"","meta":[],"product_brand":[1594],"product_cat":[84,825],"product_tag":[],"class_list":{"0":"post-1890","1":"product","2":"type-product","3":"status-publish","4":"has-post-thumbnail","6":"product_brand-jbl","7":"product_cat-materiel-nourriture","8":"product_cat-nourriture","9":"product_shipping_class-materiel-nourriture","10":"pa_contenance-100ml","11":"pa_nourriture-nourriture-seche","12":"pa_nourriture-speciale-herbivores","13":"pa_type-de-nourriture-seche-flocons","14":"pa_type-de-poissons-herbivores","16":"first","17":"instock","18":"taxable","19":"shipping-taxable","20":"purchasable","21":"product-type-simple"},"acf":[],"_links":{"self":[{"href":"https:\/\/com-pac.ovh\/preprod2\/wp-json\/wp\/v2\/product\/1890","targetHints":{"allow":["GET"]}}],"collection":[{"href":"https:\/\/com-pac.ovh\/preprod2\/wp-json\/wp\/v2\/product"}],"about":[{"href":"https:\/\/com-pac.ovh\/preprod2\/wp-json\/wp\/v2\/types\/product"}],"replies":[{"embeddable":true,"href":"https:\/\/com-pac.ovh\/preprod2\/wp-json\/wp\/v2\/comments?post=1890"}],"wp:featuredmedia":[{"embeddable":true,"href":"https:\/\/com-pac.ovh\/preprod2\/wp-json\/wp\/v2\/media\/1888"}],"wp:attachment":[{"href":"https:\/\/com-pac.ovh\/preprod2\/wp-json\/wp\/v2\/media?parent=1890"}],"wp:term":[{"taxonomy":"product_brand","embeddable":true,"href":"https:\/\/com-pac.ovh\/preprod2\/wp-json\/wp\/v2\/product_brand?post=1890"},{"taxonomy":"product_cat","embeddable":true,"href":"https:\/\/com-pac.ovh\/preprod2\/wp-json\/wp\/v2\/product_cat?post=1890"},{"taxonomy":"product_tag","embeddable":true,"href":"https:\/\/com-pac.ovh\/preprod2\/wp-json\/wp\/v2\/product_tag?post=1890"}],"curies":[{"name":"wp","href":"https:\/\/api.w.org\/{rel}","templated":true}]}}