
{"id":1893,"date":"2023-11-04T11:57:27","date_gmt":"2023-11-04T10:57:27","guid":{"rendered":"https:\/\/com-pac.ovh\/preprod2\/produit\/pronovo-bel-grano-m-250-ml-click\/"},"modified":"2025-06-06T12:04:27","modified_gmt":"2025-06-06T10:04:27","slug":"pronovo-bel-grano-m-250-ml-click","status":"publish","type":"product","link":"https:\/\/com-pac.ovh\/preprod2\/produit\/pronovo-bel-grano-m-250-ml-click\/","title":{"rendered":"PRONOVO BEL GRANO M click"},"content":{"rendered":"<p>Aliment pr\u00e9biotique pour poissons d\u2019aquarium avec ail : les fibres alimentaires sp\u00e9ciales contenues dans l\u2019aliment nourrissent les bact\u00e9ries intestinales positives pour une digestion saine.<br \/>\nIngr\u00e9dients naturels bruts, sans additifs synth\u00e9tiques, pour une alimentation proche du r\u00e9gime naturel et une bonne sant\u00e9 des poissons d\u2019aquarium. Test\u00e9s au cours des exp\u00e9ditions de recherche JBL dans les r\u00e9gions tropicales.<br \/>\nTr\u00e8s grande app\u00e9tence, m\u00eame chez les esp\u00e8ces de poissons difficiles, gr\u00e2ce \u00e0 des mati\u00e8res premi\u00e8res haut de gamme, telles que saumon, calamar, crevettes et ail.<br \/>\nRehausse les couleurs de tous les poissons d\u2019ornement avec de l&#8217;astaxanthine tr\u00e8s naturelle (carot\u00e8ne exclusif), issue de krill et de spiruline. Le mot calamar inclut les mollusques tels que moules et escargots, mang\u00e9s par de nombreux poissons.<br \/>\nContenu : bo\u00eete d&#8217;origine scell\u00e9e, \u00e9tanche \u00e0 l\u2019air et \u00e0 la lumi\u00e8re, recyclable, doseur dans le couvercle pour faciliter le nourrissage.<\/p>\n","protected":false},"excerpt":{"rendered":"<p>JBL PRONOVO BEL GRANO M<br \/>\nGranul\u00e9s de base de taille M pour tous les poissons d&#8217;aquarium de 8 \u00e0 20 cm<\/p>\n","protected":false},"featured_media":1891,"comment_status":"open","ping_status":"closed","template":"","meta":[],"product_brand":[1594],"product_cat":[84,825],"product_tag":[],"class_list":{"0":"post-1893","1":"product","2":"type-product","3":"status-publish","4":"has-post-thumbnail","6":"product_brand-jbl","7":"product_cat-materiel-nourriture","8":"product_cat-nourriture","9":"product_shipping_class-materiel-nourriture","10":"pa_contenance-250ml","11":"pa_nourriture-nourriture-lyophilisee","12":"pa_type-de-nourriture-seche-granules","13":"pa_type-de-poissons-toutes-especes","15":"first","16":"instock","17":"taxable","18":"shipping-taxable","19":"purchasable","20":"product-type-simple"},"acf":[],"_links":{"self":[{"href":"https:\/\/com-pac.ovh\/preprod2\/wp-json\/wp\/v2\/product\/1893","targetHints":{"allow":["GET"]}}],"collection":[{"href":"https:\/\/com-pac.ovh\/preprod2\/wp-json\/wp\/v2\/product"}],"about":[{"href":"https:\/\/com-pac.ovh\/preprod2\/wp-json\/wp\/v2\/types\/product"}],"replies":[{"embeddable":true,"href":"https:\/\/com-pac.ovh\/preprod2\/wp-json\/wp\/v2\/comments?post=1893"}],"wp:featuredmedia":[{"embeddable":true,"href":"https:\/\/com-pac.ovh\/preprod2\/wp-json\/wp\/v2\/media\/1891"}],"wp:attachment":[{"href":"https:\/\/com-pac.ovh\/preprod2\/wp-json\/wp\/v2\/media?parent=1893"}],"wp:term":[{"taxonomy":"product_brand","embeddable":true,"href":"https:\/\/com-pac.ovh\/preprod2\/wp-json\/wp\/v2\/product_brand?post=1893"},{"taxonomy":"product_cat","embeddable":true,"href":"https:\/\/com-pac.ovh\/preprod2\/wp-json\/wp\/v2\/product_cat?post=1893"},{"taxonomy":"product_tag","embeddable":true,"href":"https:\/\/com-pac.ovh\/preprod2\/wp-json\/wp\/v2\/product_tag?post=1893"}],"curies":[{"name":"wp","href":"https:\/\/api.w.org\/{rel}","templated":true}]}}