
{"id":1896,"date":"2023-11-04T12:04:27","date_gmt":"2023-11-04T11:04:27","guid":{"rendered":"https:\/\/com-pac.ovh\/preprod2\/produit\/pronovo-color-250-ml\/"},"modified":"2025-06-06T11:59:55","modified_gmt":"2025-06-06T09:59:55","slug":"pronovo-color-250-ml","status":"publish","type":"product","link":"https:\/\/com-pac.ovh\/preprod2\/produit\/pronovo-color-250-ml\/","title":{"rendered":"PRONOVO COLOR"},"content":{"rendered":"<p>Vive coloration des poissons gr\u00e2ce \u00e0 de l\u2019astaxanthine naturelle haut de gamme (un carot\u00e9no\u00efde), \u00e0 base de krill.<br \/>\nNourriture pr\u00e9biotique pour poissons d&#8217;aquarium : les fibres alimentaires sp\u00e9ciales contenues dans l\u2019aliment nourrissent les bact\u00e9ries intestinales positives pour une digestion saine.<br \/>\nIngr\u00e9dients naturels bruts, sans additifs synth\u00e9tiques, pour une alimentation proche du r\u00e9gime naturel et une bonne sant\u00e9 des poissons d\u2019aquarium. Test\u00e9s au cours des exp\u00e9ditions de recherche JBL dans les r\u00e9gions tropicales.<br \/>\nGrande app\u00e9tence, m\u00eame chez les esp\u00e8ces de poissons difficiles, gr\u00e2ce \u00e0 des ingr\u00e9dients haut de gamme, comme saumon, calamar et krill.<br \/>\nContenu : bo\u00eete d\u2019origine scell\u00e9e, recyclable, \u00e9tanche \u00e0 l\u2019air et \u00e0 la lumi\u00e8re, avec doseur \u00e0 l\u2019int\u00e9rieur du couvercle.<\/p>\n","protected":false},"excerpt":{"rendered":"<p>JBL PRONOVO COLOR FLAKES M<br \/>\nAliment sp\u00e9cial couleur en flocons pour des couleurs vives chez tous les poissons d\u2019aquarium de 8 \u00e0 20 cm.<\/p>\n","protected":false},"featured_media":1894,"comment_status":"open","ping_status":"closed","template":"","meta":[],"product_brand":[1594],"product_cat":[84,825],"product_tag":[],"class_list":{"0":"post-1896","1":"product","2":"type-product","3":"status-publish","4":"has-post-thumbnail","6":"product_brand-jbl","7":"product_cat-materiel-nourriture","8":"product_cat-nourriture","9":"product_shipping_class-materiel-nourriture","10":"pa_contenance-250ml","11":"pa_type-de-nourriture-seche-flocons","12":"pa_type-de-poissons-toutes-especes","14":"first","15":"instock","16":"taxable","17":"shipping-taxable","18":"purchasable","19":"product-type-simple"},"acf":[],"_links":{"self":[{"href":"https:\/\/com-pac.ovh\/preprod2\/wp-json\/wp\/v2\/product\/1896","targetHints":{"allow":["GET"]}}],"collection":[{"href":"https:\/\/com-pac.ovh\/preprod2\/wp-json\/wp\/v2\/product"}],"about":[{"href":"https:\/\/com-pac.ovh\/preprod2\/wp-json\/wp\/v2\/types\/product"}],"replies":[{"embeddable":true,"href":"https:\/\/com-pac.ovh\/preprod2\/wp-json\/wp\/v2\/comments?post=1896"}],"wp:featuredmedia":[{"embeddable":true,"href":"https:\/\/com-pac.ovh\/preprod2\/wp-json\/wp\/v2\/media\/1894"}],"wp:attachment":[{"href":"https:\/\/com-pac.ovh\/preprod2\/wp-json\/wp\/v2\/media?parent=1896"}],"wp:term":[{"taxonomy":"product_brand","embeddable":true,"href":"https:\/\/com-pac.ovh\/preprod2\/wp-json\/wp\/v2\/product_brand?post=1896"},{"taxonomy":"product_cat","embeddable":true,"href":"https:\/\/com-pac.ovh\/preprod2\/wp-json\/wp\/v2\/product_cat?post=1896"},{"taxonomy":"product_tag","embeddable":true,"href":"https:\/\/com-pac.ovh\/preprod2\/wp-json\/wp\/v2\/product_tag?post=1896"}],"curies":[{"name":"wp","href":"https:\/\/api.w.org\/{rel}","templated":true}]}}