
{"id":1899,"date":"2023-11-04T12:10:42","date_gmt":"2023-11-04T11:10:42","guid":{"rendered":"https:\/\/com-pac.ovh\/preprod2\/produit\/pronovo-guppy-flakes-s-250-ml\/"},"modified":"2025-06-06T11:58:40","modified_gmt":"2025-06-06T09:58:40","slug":"pronovo-guppy-flakes-s-250-ml","status":"publish","type":"product","link":"https:\/\/com-pac.ovh\/preprod2\/produit\/pronovo-guppy-flakes-s-250-ml\/","title":{"rendered":"PRONOVO GUPPY FLAKES S"},"content":{"rendered":"<ul style=\"margin: 0px 0px .3125rem 1.1rem; padding: 0px; font-size: 16px; line-height: 1.6; list-style-position: outside; font-family: 'JBL Sans', 'Helvetica Neue', Helvetica, Roboto, Arial, sans-serif; color: #303030; background-color: #ffffff;\">\n<li style=\"margin: 0px; padding: 0px; font-size: .95rem;\">Aliment pr\u00e9biotique flottant pour poissons d\u2019aquarium : les fibres alimentaires sp\u00e9ciales contenues dans l\u2019aliment nourrissent les bact\u00e9ries intestinales positives pour une digestion saine.<\/li>\n<li style=\"margin: 0px; padding: 0px; font-size: .95rem;\">Ingr\u00e9dients naturels bruts, sans additifs synth\u00e9tiques, pour une alimentation proche du r\u00e9gime naturel et une bonne sant\u00e9 des poissons d\u2019aquarium. Test\u00e9s au cours des exp\u00e9ditions de recherche JBL dans les r\u00e9gions tropicales.<\/li>\n<li style=\"margin: 0px; padding: 0px; font-size: .95rem;\">Tr\u00e8s grande app\u00e9tence, m\u00eame chez les esp\u00e8ces difficiles de Po\u00e9ciliid\u00e9s ovovivipares, gr\u00e2ce \u00e0 des ingr\u00e9dients haut de gamme, comme saumon, crevettes et 18 % de spiruline.<\/li>\n<li style=\"margin: 0px; padding: 0px; font-size: .95rem;\">Contient de l\u2019astaxanthine naturelle de tr\u00e8s grande qualit\u00e9, extraite de krill et de spiruline, qui garantit une coloration parfaite des guppys et autres poissons ovovivipares.<\/li>\n<li style=\"margin: 0px; padding: 0px; font-size: .95rem;\">Contenu : bo\u00eete d\u2019origine scell\u00e9e, recyclable, \u00e9tanche \u00e0 l\u2019air et \u00e0 la lumi\u00e8re, avec doseur \u00e0 l\u2019int\u00e9rieur du couvercle.<\/li>\n<\/ul>\n","protected":false},"excerpt":{"rendered":"<h2 class=\"dont-hide\" style=\"margin: .2rem 0px 0px; padding: 0px; font-family: 'JBL Sans', 'Helvetica Neue', Helvetica, Roboto, Arial, sans-serif; font-weight: 500; color: #303030; line-height: .9; font-size: 2rem; background-color: #ffffff;\">JBL PRONOVO GUPPY FLAKES S<br \/>\n<small style=\"font-size: 19.2px; line-height: .75; color: #787878;\">Aliment de base en flocons, taille S, pour guppys et autres poissons ovovivipares de 3 \u00e0 10 cm<\/small><\/h2>\n","protected":false},"featured_media":1897,"comment_status":"open","ping_status":"closed","template":"","meta":[],"product_brand":[1594],"product_cat":[84,825],"product_tag":[],"class_list":{"0":"post-1899","1":"product","2":"type-product","3":"status-publish","4":"has-post-thumbnail","6":"product_brand-jbl","7":"product_cat-materiel-nourriture","8":"product_cat-nourriture","9":"product_shipping_class-materiel-nourriture","10":"pa_contenance-250ml","11":"pa_type-de-nourriture-seche-flocons","12":"pa_type-de-poissons-guppys-et-autres-ovovivipares","14":"first","15":"instock","16":"taxable","17":"shipping-taxable","18":"purchasable","19":"product-type-simple"},"acf":[],"_links":{"self":[{"href":"https:\/\/com-pac.ovh\/preprod2\/wp-json\/wp\/v2\/product\/1899","targetHints":{"allow":["GET"]}}],"collection":[{"href":"https:\/\/com-pac.ovh\/preprod2\/wp-json\/wp\/v2\/product"}],"about":[{"href":"https:\/\/com-pac.ovh\/preprod2\/wp-json\/wp\/v2\/types\/product"}],"replies":[{"embeddable":true,"href":"https:\/\/com-pac.ovh\/preprod2\/wp-json\/wp\/v2\/comments?post=1899"}],"wp:featuredmedia":[{"embeddable":true,"href":"https:\/\/com-pac.ovh\/preprod2\/wp-json\/wp\/v2\/media\/1897"}],"wp:attachment":[{"href":"https:\/\/com-pac.ovh\/preprod2\/wp-json\/wp\/v2\/media?parent=1899"}],"wp:term":[{"taxonomy":"product_brand","embeddable":true,"href":"https:\/\/com-pac.ovh\/preprod2\/wp-json\/wp\/v2\/product_brand?post=1899"},{"taxonomy":"product_cat","embeddable":true,"href":"https:\/\/com-pac.ovh\/preprod2\/wp-json\/wp\/v2\/product_cat?post=1899"},{"taxonomy":"product_tag","embeddable":true,"href":"https:\/\/com-pac.ovh\/preprod2\/wp-json\/wp\/v2\/product_tag?post=1899"}],"curies":[{"name":"wp","href":"https:\/\/api.w.org\/{rel}","templated":true}]}}